{"id":17880,"date":"2021-03-05T00:05:43","date_gmt":"2021-03-04T23:05:43","guid":{"rendered":"https:\/\/mgvpublications.com\/?post_type=product&#038;p=17880"},"modified":"2022-03-08T22:50:58","modified_gmt":"2022-03-08T21:50:58","slug":"kirdaki-zambak-ve-gokteki-kus-uc-dini-sohbet","status":"publish","type":"product","link":"https:\/\/mgvpublications.com\/de\/kirdaki-zambak-ve-gokteki-kus-uc-dini-sohbet\/","title":{"rendered":"K\u0131rdaki Zambak ve G\u00f6kteki Ku\u015f \u00dc\u00e7 Dini Sohbet"},"content":{"rendered":"<hr \/>\n<div class=\"attributes\">\n<table>\n<tbody>\n<tr>\n<td>\u00c7evirmen:<\/td>\n<td><a href=\"https:\/\/www.kitapyurdu.com\/yazar\/nur-beier\/152568.html\" target=\"_blank\" rel=\"noopener\">Nur Beier<\/a><\/td>\n<\/tr>\n<tr>\n<td>Yay\u0131n Tarihi:<\/td>\n<td>26.02.2020<\/td>\n<\/tr>\n<tr>\n<td>ISBN:<\/td>\n<td>9786057768155<\/td>\n<\/tr>\n<tr>\n<td>Dil:<\/td>\n<td>T\u00dcRK\u00c7E<\/td>\n<\/tr>\n<tr>\n<td>Sayfa Say\u0131s\u0131:<\/td>\n<td>56<\/td>\n<\/tr>\n<tr>\n<td>Cilt Tipi:<\/td>\n<td>Karton Kapak<\/td>\n<\/tr>\n<tr>\n<td>Ka\u011f\u0131t Cinsi:<\/td>\n<td>Kitap Ka\u011f\u0131d\u0131<\/td>\n<\/tr>\n<tr>\n<td>Boyut:<\/td>\n<td>13.5 x 21.5 cm<\/td>\n<\/tr>\n<\/tbody>\n<\/table>\n<\/div>","protected":false},"excerpt":{"rendered":"<p>Kierkegaard, bu k\u0131sa lakin anlam ve mesaj y\u00fckl\u00fc eserinde, \u0130ncil\u2019deki Da\u011f Vaaz\u0131n\u0131 temel alarak, insan\u0131n varolu\u015fsal ger\u00e7eklerini ve ko\u015fullar\u0131n\u0131 ince ve yer yer ironik bir dille mercek alt\u0131na yat\u0131r\u0131yor, ve di\u011fer eserlerinde oldu\u011fu gibi bunda da dini inan\u0131\u015f\u0131 ele\u015ftirel d\u00fc\u015f\u00fcnceye a\u00e7\u0131yor.<br \/>\n\u0130nsano\u011flu, Kierkegaard\u2019un \u201ckar\u015f\u0131la\u015ft\u0131rma huzursuzlu\u011fu\u201d dedi\u011fi \u015feyden muzdarip; hep oldu\u011fundan daha fazlas\u0131n\u0131 istiyor, kom\u015funun bah\u00e7esindeki \u00e7imen ona hep daha ye\u015fil g\u00f6r\u00fcn\u00fcyor. Ku\u015f gibi h\u00fcr olma arzusu samimi bir arzu olabilir, lakin bu arzu hi\u00e7bir zaman ger\u00e7ekle\u015femeyece\u011fine g\u00f6re, insan\u0131 endi\u015fe ve umutsuzlu\u011fa da s\u00fcr\u00fckleyebiliyor.<br \/>\nBiz insan olarak hi\u00e7bir zaman bir ku\u015f gibi kayg\u0131s\u0131z olamay\u0131z, lakin bir ku\u015fun \u201cah ke\u015fke insan olsayd\u0131m\u201d dedi\u011fini de hi\u00e7 duymam\u0131\u015f\u0131zd\u0131r. \u0130\u015fte, g\u00f6kteki ku\u015ftan ve k\u0131rdaki zambaktan \u00f6\u011frenebilece\u011fimiz ilk \u015fey bu oluyor: bir \u015fey dememek, s\u00fckut etmek! Fazla laf\u0131n, \u00e7enebazl\u0131\u011f\u0131n endi\u015feye g\u00f6t\u00fcren bir yol oldu\u011funu s\u00f6yl\u00fcyor Kierkegaard.<br \/>\nSonra k\u0131rdaki k\u00fc\u00e7\u00fck bir zambak kendini ba\u015fka bir \u015feyle veya di\u011fer zambaklarla mukayese etmekle de u\u011fra\u015fm\u0131yor. Onun \u00f6b\u00fcrlerinden daha g\u00fczel olmak veya g\u00f6ze en g\u00fczel g\u00f6r\u00fcnece\u011fi ba\u015fka bir yerde yeti\u015fmek, veyahut kendini \u00f6b\u00fcr zambaklara g\u00f6re kan\u0131tlamak, tan\u0131mlamak gibi bir emeli yok.<br \/>\nKu\u015fla zambaktan \u00f6\u011frenebilece\u011fimiz ikinci \u015fey: zamba\u011f\u0131n itaatk\u00e2rl\u0131\u011f\u0131! \u0130nsan olarak kaderimize raz\u0131 olmam\u0131z ve habire ba\u015fkalar\u0131yla me\u015fgul olmamam\u0131z icap ediyor. M\u00fctemadiyen belli bir yere do\u011fru yolda olmamam\u0131z ve her \u015feyi sorguya tabi tutmamam\u0131z icap ediyor. M\u00fctevaz\u0131 olmay\u0131 \u00f6\u011frenmemiz icap ediyor.<br \/>\nG\u00f6kteki ku\u015ftan ve k\u0131rdaki zambaktan \u00f6\u011frenece\u011fimiz son \u015fey, Kierkegaard\u2019a g\u00f6re, dert ve endi\u015felerimizin y\u00fck\u00fcn\u00fc Tanr\u0131n\u0131n omuzlar\u0131 \u00fczerine y\u00fcklemek oluyor.<br \/>\nYar\u0131n ne olaca\u011f\u0131n\u0131 \u00f6nceden kestirebilmemiz m\u00fcmk\u00fcn de\u011fil; dolay\u0131s\u0131yla endi\u015fe etmek gayet abes oluyor. Tam burada ve tam \u015fu anda ya\u015famam\u0131z, laf s\u00f6ylemekten ziyade lafa kulak vermemiz, kendimizi ba\u015fkalar\u0131yla mukayese etmeyi b\u0131rakmam\u0131z, ve son fakat ayn\u0131 derecede \u00f6nemli, sevince kendimizi bilfiil kapt\u0131rmam\u0131z icap ediyor.<\/p>","protected":false},"featured_media":17881,"template":"","meta":{"spay_email":""},"product_cat":[232],"product_tag":[],"item":[1535],"acf":[],"_links":{"self":[{"href":"https:\/\/mgvpublications.com\/de\/wp-json\/wp\/v2\/product\/17880"}],"collection":[{"href":"https:\/\/mgvpublications.com\/de\/wp-json\/wp\/v2\/product"}],"about":[{"href":"https:\/\/mgvpublications.com\/de\/wp-json\/wp\/v2\/types\/product"}],"wp:featuredmedia":[{"embeddable":true,"href":"https:\/\/mgvpublications.com\/de\/wp-json\/wp\/v2\/media\/17881"}],"wp:attachment":[{"href":"https:\/\/mgvpublications.com\/de\/wp-json\/wp\/v2\/media?parent=17880"}],"wp:term":[{"taxonomy":"product_cat","embeddable":true,"href":"https:\/\/mgvpublications.com\/de\/wp-json\/wp\/v2\/product_cat?post=17880"},{"taxonomy":"product_tag","embeddable":true,"href":"https:\/\/mgvpublications.com\/de\/wp-json\/wp\/v2\/product_tag?post=17880"},{"taxonomy":"item","embeddable":true,"href":"https:\/\/mgvpublications.com\/de\/wp-json\/wp\/v2\/item?post=17880"}],"curies":[{"name":"wp","href":"https:\/\/api.w.org\/{rel}","templated":true}]}}