{"id":17878,"date":"2021-03-04T23:36:56","date_gmt":"2021-03-04T22:36:56","guid":{"rendered":"https:\/\/mgvpublications.com\/?post_type=product&#038;p=17878"},"modified":"2022-03-08T22:50:58","modified_gmt":"2022-03-08T21:50:58","slug":"korku-ve-titreme","status":"publish","type":"product","link":"https:\/\/mgvpublications.com\/de\/korku-ve-titreme\/","title":{"rendered":"Korku ve Titreme"},"content":{"rendered":"<div class=\"attributes\">\n<table>\n<tbody>\n<tr>\n<td>\u00c7evirmen:<\/td>\n<td><a href=\"https:\/\/www.kitapyurdu.com\/yazar\/nur-beier\/152568.html\" target=\"_blank\" rel=\"noopener\">Nur Beier<\/a><\/td>\n<\/tr>\n<tr>\n<td>Yay\u0131n Tarihi:<\/td>\n<td>17.09.2019<\/td>\n<\/tr>\n<tr>\n<td>ISBN:<\/td>\n<td>9786055302399<\/td>\n<\/tr>\n<tr>\n<td>Dil:<\/td>\n<td>T\u00dcRK\u00c7E<\/td>\n<\/tr>\n<tr>\n<td>Sayfa Say\u0131s\u0131:<\/td>\n<td>160<\/td>\n<\/tr>\n<tr>\n<td>Cilt Tipi:<\/td>\n<td>Karton Kapak<\/td>\n<\/tr>\n<tr>\n<td>Ka\u011f\u0131t Cinsi:<\/td>\n<td>Kitap Ka\u011f\u0131d\u0131<\/td>\n<\/tr>\n<tr>\n<td>Boyut:<\/td>\n<td>13.5 x 21.5 cm<\/td>\n<\/tr>\n<\/tbody>\n<\/table>\n<\/div>","protected":false},"excerpt":{"rendered":"<p>Kierkegaard\u2019\u0131n, Johannes de silentio takma ad\u0131yla yazm\u0131\u015f oldu\u011fu Korku ve Titreme ilk kez 1843 y\u0131l\u0131nda yay\u0131mland\u0131. Yap\u0131tta iman kavram\u0131n\u0131n etik ve dindarl\u0131kla ili\u015fkisi incelenir. Yazar\u0131n takma adlar\u0131ndan Johannes de silentio da Musa\u2019n\u0131n 1. kitab\u0131nda (22:1-18) anlat\u0131lan \u0130brahim ve \u0130shak hakk\u0131ndaki hikayeden esinlenmi\u015ftir. Bu anlat\u0131da Tanr\u0131 \u0130brahim\u2019e, o\u011flu \u0130shak\u2019\u0131 kurban etmesini buyurur. Korku ve Titreme b\u00fct\u00fcn\u00fcyle, \u0130brahim\u2019in, ge\u00e7 ya\u015fta sahip oldu\u011fu ve her \u015feyden \u00e7ok sevdi\u011fi evlad\u0131 \u0130shak\u2019\u0131 kurban etme iste\u011fini ve bu eylemin onu ne \u00f6l\u00e7\u00fcde bir cani veya hakiki bir dindar yapt\u0131\u011f\u0131n\u0131 irdeler. \u0130brahim iman\u0131n babas\u0131 olarak bilinir ve Johannes \u00e7a\u011fda\u015flar\u0131n\u0131n topyek\u00fbn nas\u0131l olur da kendilerini \u0130brahim gibi imank\u00e2r sand\u0131klar\u0131n\u0131 merak eder.<\/p>","protected":false},"featured_media":17879,"template":"","meta":{"spay_email":""},"product_cat":[232],"product_tag":[],"item":[1535],"acf":[],"_links":{"self":[{"href":"https:\/\/mgvpublications.com\/de\/wp-json\/wp\/v2\/product\/17878"}],"collection":[{"href":"https:\/\/mgvpublications.com\/de\/wp-json\/wp\/v2\/product"}],"about":[{"href":"https:\/\/mgvpublications.com\/de\/wp-json\/wp\/v2\/types\/product"}],"wp:featuredmedia":[{"embeddable":true,"href":"https:\/\/mgvpublications.com\/de\/wp-json\/wp\/v2\/media\/17879"}],"wp:attachment":[{"href":"https:\/\/mgvpublications.com\/de\/wp-json\/wp\/v2\/media?parent=17878"}],"wp:term":[{"taxonomy":"product_cat","embeddable":true,"href":"https:\/\/mgvpublications.com\/de\/wp-json\/wp\/v2\/product_cat?post=17878"},{"taxonomy":"product_tag","embeddable":true,"href":"https:\/\/mgvpublications.com\/de\/wp-json\/wp\/v2\/product_tag?post=17878"},{"taxonomy":"item","embeddable":true,"href":"https:\/\/mgvpublications.com\/de\/wp-json\/wp\/v2\/item?post=17878"}],"curies":[{"name":"wp","href":"https:\/\/api.w.org\/{rel}","templated":true}]}}