{"id":17873,"date":"2021-03-04T23:23:07","date_gmt":"2021-03-04T22:23:07","guid":{"rendered":"https:\/\/mgvpublications.com\/?post_type=product&#038;p=17873"},"modified":"2022-03-08T22:50:57","modified_gmt":"2022-03-08T21:50:57","slug":"bir-yaz-gecesi-ruyasi-kisaltilmis-metin","status":"publish","type":"product","link":"https:\/\/mgvpublications.com\/de\/bir-yaz-gecesi-ruyasi-kisaltilmis-metin\/","title":{"rendered":"Bir Yaz Gecesi R\u00fcyas\u0131 (K\u0131salt\u0131lm\u0131\u015f Metin)"},"content":{"rendered":"<div class=\"attributes\">\n<table>\n<tbody>\n<tr>\n<td>\u00c7evirmen:<\/td>\n<td><a href=\"https:\/\/www.kitapyurdu.com\/yazar\/sevgi-atlihan\/49115.html\" target=\"_blank\" rel=\"noopener\">Sevgi Atl\u0131han<\/a><\/td>\n<\/tr>\n<tr>\n<td>Yay\u0131n Tarihi:<\/td>\n<td>22.01.2019<\/td>\n<\/tr>\n<tr>\n<td>Orijinal Ad\u0131:<\/td>\n<td>A Midsummer Night\u2019s Dream<\/td>\n<\/tr>\n<tr>\n<td>ISBN:<\/td>\n<td>9786052950975<\/td>\n<\/tr>\n<tr>\n<td>Dil:<\/td>\n<td>T\u00dcRK\u00c7E<\/td>\n<\/tr>\n<tr>\n<td>Sayfa Say\u0131s\u0131:<\/td>\n<td>48<\/td>\n<\/tr>\n<tr>\n<td>Cilt Tipi:<\/td>\n<td>Karton Kapak<\/td>\n<\/tr>\n<tr>\n<td>Ka\u011f\u0131t Cinsi:<\/td>\n<td>Kitap Ka\u011f\u0131d\u0131<\/td>\n<\/tr>\n<tr>\n<td>Boyut:<\/td>\n<td>13 x 19.5 cm<\/td>\n<\/tr>\n<\/tbody>\n<\/table>\n<\/div>","protected":false},"excerpt":{"rendered":"<p>Atina\u2019n\u0131n zengin adamlar\u0131ndan birinin k\u0131z\u0131, babas\u0131n\u0131n se\u00e7ti\u011fi delikanl\u0131yla evlenmeyi reddeder. Babas\u0131 k\u0131z\u0131n\u0131 ikna etmek i\u00e7in Atina D\u00fck\u00fc\u2019nden yard\u0131m ister. D\u00fck ciddiyetle bu konuyla ilgilense de, asl\u0131nda akl\u0131nda sadece birka\u00e7 g\u00fcn i\u00e7inde yap\u0131lacak d\u00fc\u011f\u00fcn\u00fc vard\u0131r. Atina\u2019da herkes bu d\u00fc\u011f\u00fcn i\u00e7in \u00e7al\u0131\u015fmaktad\u0131r. Hatta amat\u00f6r bir tiyatro kumpanyas\u0131 da d\u00fc\u011f\u00fcnde g\u00f6steri yapmak i\u00e7in haz\u0131rlanmaktad\u0131r. Kentte bunlar olurken, ormanda ortal\u0131k birden gerginle\u015fir. Periler Kral\u0131 ile Krali\u00e7esi b\u00fcy\u00fck bir kavga ederler. Bu olay\u0131n ard\u0131ndan yap\u0131lan birka\u00e7 muzip sihir kaosa yol a\u00e7acakt\u0131r.<br \/>\nD\u00fcnyan\u0131n en \u00e7ok sahnelenen oyunlar\u0131ndan biri olan Bir Yaz Gecesi R\u00fcyas\u0131 pek \u00e7ok kez filmi yap\u0131lm\u0131\u015f e\u011flenceli bir eserdir.<\/p>","protected":false},"featured_media":17874,"template":"","meta":{"spay_email":""},"product_cat":[172],"product_tag":[],"item":[336],"acf":[],"_links":{"self":[{"href":"https:\/\/mgvpublications.com\/de\/wp-json\/wp\/v2\/product\/17873"}],"collection":[{"href":"https:\/\/mgvpublications.com\/de\/wp-json\/wp\/v2\/product"}],"about":[{"href":"https:\/\/mgvpublications.com\/de\/wp-json\/wp\/v2\/types\/product"}],"wp:featuredmedia":[{"embeddable":true,"href":"https:\/\/mgvpublications.com\/de\/wp-json\/wp\/v2\/media\/17874"}],"wp:attachment":[{"href":"https:\/\/mgvpublications.com\/de\/wp-json\/wp\/v2\/media?parent=17873"}],"wp:term":[{"taxonomy":"product_cat","embeddable":true,"href":"https:\/\/mgvpublications.com\/de\/wp-json\/wp\/v2\/product_cat?post=17873"},{"taxonomy":"product_tag","embeddable":true,"href":"https:\/\/mgvpublications.com\/de\/wp-json\/wp\/v2\/product_tag?post=17873"},{"taxonomy":"item","embeddable":true,"href":"https:\/\/mgvpublications.com\/de\/wp-json\/wp\/v2\/item?post=17873"}],"curies":[{"name":"wp","href":"https:\/\/api.w.org\/{rel}","templated":true}]}}