{"id":17871,"date":"2021-03-04T23:19:52","date_gmt":"2021-03-04T22:19:52","guid":{"rendered":"https:\/\/mgvpublications.com\/?post_type=product&#038;p=17871"},"modified":"2022-03-08T22:50:57","modified_gmt":"2022-03-08T21:50:57","slug":"caglar-misafirlige-gidiyor-ilk-okuma-kitabim","status":"publish","type":"product","link":"https:\/\/mgvpublications.com\/de\/caglar-misafirlige-gidiyor-ilk-okuma-kitabim\/","title":{"rendered":"\u00c7a\u011flar Misafirli\u011fe Gidiyor \/ \u0130lk Okuma Kitab\u0131m"},"content":{"rendered":"<table>\n<tbody>\n<tr>\n<td>\u00c7evirmen:<\/td>\n<td><a href=\"https:\/\/www.kitapyurdu.com\/yazar\/aylin-gergin\/26756.html\" target=\"_blank\" rel=\"noopener\">Aylin Gergin<\/a><\/td>\n<\/tr>\n<tr>\n<td>\u00c7izer:<\/td>\n<td><a href=\"https:\/\/www.kitapyurdu.com\/yazar\/sabine-kraushaar\/146260.html\" target=\"_blank\" rel=\"noopener\">Sabine Kraushaar<\/a><\/td>\n<\/tr>\n<tr>\n<td>Yay\u0131n Tarihi:<\/td>\n<td>01.07.2019<\/td>\n<\/tr>\n<tr>\n<td>Orijinal Ad\u0131:<\/td>\n<td>Max \u00fcbernachtet bei Pauline<\/td>\n<\/tr>\n<tr>\n<td>ISBN:<\/td>\n<td>9786052953013<\/td>\n<\/tr>\n<tr>\n<td>Dil:<\/td>\n<td>T\u00dcRK\u00c7E<\/td>\n<\/tr>\n<tr>\n<td>Sayfa Say\u0131s\u0131:<\/td>\n<td>24<\/td>\n<\/tr>\n<tr>\n<td>Cilt Tipi:<\/td>\n<td>Karton Kapak<\/td>\n<\/tr>\n<tr>\n<td>Ka\u011f\u0131t Cinsi:<\/td>\n<td>Kitap Ka\u011f\u0131d\u0131<\/td>\n<\/tr>\n<tr>\n<td>Boyut:<\/td>\n<td>22 x 22 cm<\/td>\n<\/tr>\n<\/tbody>\n<\/table>","protected":false},"excerpt":{"rendered":"<p>Ya\u015fas\u0131n! \u00c7a\u011flar ilk kez arkada\u015f\u0131 Pelin\u2019de kalaca\u011f\u0131 i\u00e7in \u00e7ok heyecanlayd\u0131. Hemen \u00e7antas\u0131n\u0131 haz\u0131rlamaya ba\u015flad\u0131: Yan\u0131na pijamalar\u0131n\u0131, di\u015f f\u0131r\u00e7as\u0131n\u0131 ve tabii ki el fenerini de ald\u0131. Acaba \u00c7a\u011flar annesinden iyi geceler \u00f6p\u00fcc\u00fc\u011f\u00fc almadan uyuyabilecek miydi?<\/p>","protected":false},"featured_media":17872,"template":"","meta":{"spay_email":""},"product_cat":[172],"product_tag":[],"item":[336],"acf":[],"_links":{"self":[{"href":"https:\/\/mgvpublications.com\/de\/wp-json\/wp\/v2\/product\/17871"}],"collection":[{"href":"https:\/\/mgvpublications.com\/de\/wp-json\/wp\/v2\/product"}],"about":[{"href":"https:\/\/mgvpublications.com\/de\/wp-json\/wp\/v2\/types\/product"}],"wp:featuredmedia":[{"embeddable":true,"href":"https:\/\/mgvpublications.com\/de\/wp-json\/wp\/v2\/media\/17872"}],"wp:attachment":[{"href":"https:\/\/mgvpublications.com\/de\/wp-json\/wp\/v2\/media?parent=17871"}],"wp:term":[{"taxonomy":"product_cat","embeddable":true,"href":"https:\/\/mgvpublications.com\/de\/wp-json\/wp\/v2\/product_cat?post=17871"},{"taxonomy":"product_tag","embeddable":true,"href":"https:\/\/mgvpublications.com\/de\/wp-json\/wp\/v2\/product_tag?post=17871"},{"taxonomy":"item","embeddable":true,"href":"https:\/\/mgvpublications.com\/de\/wp-json\/wp\/v2\/item?post=17871"}],"curies":[{"name":"wp","href":"https:\/\/api.w.org\/{rel}","templated":true}]}}