{"id":17866,"date":"2021-03-04T23:06:39","date_gmt":"2021-03-04T22:06:39","guid":{"rendered":"https:\/\/mgvpublications.com\/?post_type=product&#038;p=17866"},"modified":"2022-03-08T22:50:57","modified_gmt":"2022-03-08T21:50:57","slug":"elifin-kis-macerasi-ilk-okuma-kitabim","status":"publish","type":"product","link":"https:\/\/mgvpublications.com\/de\/elifin-kis-macerasi-ilk-okuma-kitabim\/","title":{"rendered":"Elif\u2019in K\u0131\u015f Maceras\u0131 \/ \u0130lk Okuma Kitab\u0131m"},"content":{"rendered":"<table>\n<tbody>\n<tr>\n<td>\u00c7evirmen:<\/td>\n<td><a href=\"https:\/\/www.kitapyurdu.com\/yazar\/aylin-gergin\/26756.html\" target=\"_blank\" rel=\"noopener\">Aylin Gergin<\/a><\/td>\n<\/tr>\n<tr>\n<td>Yay\u0131n Tarihi:<\/td>\n<td>03.03.2020<\/td>\n<\/tr>\n<tr>\n<td>Orijinal Ad\u0131:<\/td>\n<td>Conni im Schnee<\/td>\n<\/tr>\n<tr>\n<td>ISBN:<\/td>\n<td>9786257999595<\/td>\n<\/tr>\n<tr>\n<td>Dil:<\/td>\n<td>T\u00dcRK\u00c7E<\/td>\n<\/tr>\n<tr>\n<td>Sayfa Say\u0131s\u0131:<\/td>\n<td>24<\/td>\n<\/tr>\n<tr>\n<td>Cilt Tipi:<\/td>\n<td>Karton Kapak<\/td>\n<\/tr>\n<tr>\n<td>Ka\u011f\u0131t Cinsi:<\/td>\n<td>Kitap Ka\u011f\u0131d\u0131<\/td>\n<\/tr>\n<tr>\n<td>Boyut:<\/td>\n<td>22 x 22 cm<\/td>\n<\/tr>\n<\/tbody>\n<\/table>","protected":false},"excerpt":{"rendered":"<p>Uzun zamand\u0131r kar ya\u011fmas\u0131n\u0131 bekleyen Elif, lapa lapa kar ya\u011fd\u0131\u011f\u0131n\u0131 g\u00f6r\u00fcnce sevin\u00e7ten havalara z\u0131plad\u0131. Art\u0131k kardan adam yapabilir, okula k\u0131zakla gidebilir ve k\u0131zak kayma pistinde e\u011flenebilirdi!<br \/>\nOkul d\u00f6n\u00fc\u015f\u00fcnde ku\u015flar\u0131n karda b\u0131rakt\u0131\u011f\u0131 ayak izlerini g\u00f6ren Elif, onlar\u0131n so\u011fukta ne yiyece\u011fini d\u00fc\u015f\u00fcn\u00fcrken annesinin akl\u0131na harika bir fikir geldi.<\/p>","protected":false},"featured_media":17867,"template":"","meta":{"spay_email":""},"product_cat":[172],"product_tag":[],"item":[336],"acf":[],"_links":{"self":[{"href":"https:\/\/mgvpublications.com\/de\/wp-json\/wp\/v2\/product\/17866"}],"collection":[{"href":"https:\/\/mgvpublications.com\/de\/wp-json\/wp\/v2\/product"}],"about":[{"href":"https:\/\/mgvpublications.com\/de\/wp-json\/wp\/v2\/types\/product"}],"wp:featuredmedia":[{"embeddable":true,"href":"https:\/\/mgvpublications.com\/de\/wp-json\/wp\/v2\/media\/17867"}],"wp:attachment":[{"href":"https:\/\/mgvpublications.com\/de\/wp-json\/wp\/v2\/media?parent=17866"}],"wp:term":[{"taxonomy":"product_cat","embeddable":true,"href":"https:\/\/mgvpublications.com\/de\/wp-json\/wp\/v2\/product_cat?post=17866"},{"taxonomy":"product_tag","embeddable":true,"href":"https:\/\/mgvpublications.com\/de\/wp-json\/wp\/v2\/product_tag?post=17866"},{"taxonomy":"item","embeddable":true,"href":"https:\/\/mgvpublications.com\/de\/wp-json\/wp\/v2\/item?post=17866"}],"curies":[{"name":"wp","href":"https:\/\/api.w.org\/{rel}","templated":true}]}}