{"id":17864,"date":"2021-03-04T23:04:23","date_gmt":"2021-03-04T22:04:23","guid":{"rendered":"https:\/\/mgvpublications.com\/?post_type=product&#038;p=17864"},"modified":"2022-03-08T22:50:57","modified_gmt":"2022-03-08T21:50:57","slug":"caglarin-kis-macerasi-ilk-okuma-kitabim","status":"publish","type":"product","link":"https:\/\/mgvpublications.com\/de\/caglarin-kis-macerasi-ilk-okuma-kitabim\/","title":{"rendered":"\u00c7a\u011flar\u2019\u0131n K\u0131\u015f Maceras\u0131 \/ \u0130lk Okuma Kitab\u0131m"},"content":{"rendered":"<hr \/>\n<div class=\"attributes\">\n<table>\n<tbody>\n<tr>\n<td>\u00c7evirmen:<\/td>\n<td><a href=\"https:\/\/www.kitapyurdu.com\/yazar\/aylin-gergin\/26756.html\" target=\"_blank\" rel=\"noopener\">Aylin Gergin<\/a><\/td>\n<\/tr>\n<tr>\n<td>Yay\u0131n Tarihi:<\/td>\n<td>01.07.2019<\/td>\n<\/tr>\n<tr>\n<td>Orijinal Ad\u0131:<\/td>\n<td>Max im Winter<\/td>\n<\/tr>\n<tr>\n<td>ISBN:<\/td>\n<td>9786052955611<\/td>\n<\/tr>\n<tr>\n<td>Dil:<\/td>\n<td>T\u00dcRK\u00c7E<\/td>\n<\/tr>\n<tr>\n<td>Sayfa Say\u0131s\u0131:<\/td>\n<td>24<\/td>\n<\/tr>\n<tr>\n<td>Cilt Tipi:<\/td>\n<td>Karton Kapak<\/td>\n<\/tr>\n<tr>\n<td>Ka\u011f\u0131t Cinsi:<\/td>\n<td>Ku\u015fe Ka\u011f\u0131t<\/td>\n<\/tr>\n<tr>\n<td>Boyut:<\/td>\n<td>22 x 22 cm<\/td>\n<\/tr>\n<\/tbody>\n<\/table>\n<\/div>","protected":false},"excerpt":{"rendered":"<div class=\"top-block\">\n<div class=\"pr_description\">\n<div id=\"description_text\"><span class=\"info__text\">Ya\u015fas\u0131n! Kar ya\u011fd\u0131! \u00c7a\u011flar mutluluktan yerinde duram\u0131yordu. En sonunda yeni k\u0131za\u011f\u0131yla kayabilecek, kar topu oynayabilecek, Pelin ve abisiyle birlikte iglo evi yapabilecekti&#8230;<br \/>\n<\/span><\/div>\n<\/div>\n<\/div>\n<div class=\"bottom-block\">\n<div class=\"pr_attributes\"><\/div>\n<\/div>","protected":false},"featured_media":17865,"template":"","meta":{"spay_email":""},"product_cat":[172],"product_tag":[],"item":[336],"acf":[],"_links":{"self":[{"href":"https:\/\/mgvpublications.com\/de\/wp-json\/wp\/v2\/product\/17864"}],"collection":[{"href":"https:\/\/mgvpublications.com\/de\/wp-json\/wp\/v2\/product"}],"about":[{"href":"https:\/\/mgvpublications.com\/de\/wp-json\/wp\/v2\/types\/product"}],"wp:featuredmedia":[{"embeddable":true,"href":"https:\/\/mgvpublications.com\/de\/wp-json\/wp\/v2\/media\/17865"}],"wp:attachment":[{"href":"https:\/\/mgvpublications.com\/de\/wp-json\/wp\/v2\/media?parent=17864"}],"wp:term":[{"taxonomy":"product_cat","embeddable":true,"href":"https:\/\/mgvpublications.com\/de\/wp-json\/wp\/v2\/product_cat?post=17864"},{"taxonomy":"product_tag","embeddable":true,"href":"https:\/\/mgvpublications.com\/de\/wp-json\/wp\/v2\/product_tag?post=17864"},{"taxonomy":"item","embeddable":true,"href":"https:\/\/mgvpublications.com\/de\/wp-json\/wp\/v2\/item?post=17864"}],"curies":[{"name":"wp","href":"https:\/\/api.w.org\/{rel}","templated":true}]}}