{"id":17858,"date":"2021-03-04T22:55:01","date_gmt":"2021-03-04T21:55:01","guid":{"rendered":"https:\/\/mgvpublications.com\/?post_type=product&#038;p=17858"},"modified":"2022-06-17T16:22:52","modified_gmt":"2022-06-17T14:22:52","slug":"elif-ile-deniz-kustu-mu-ilk-okuma-kitabim","status":"publish","type":"product","link":"https:\/\/mgvpublications.com\/de\/elif-ile-deniz-kustu-mu-ilk-okuma-kitabim\/","title":{"rendered":"Elif \u0130le Deniz K\u00fcst\u00fc M\u00fc? \/ \u0130lk Okuma Kitab\u0131m"},"content":{"rendered":"<table>\n<tbody>\n<tr>\n<td>\u00c7evirmen:<\/td>\n<td><a href=\"https:\/\/www.kitapyurdu.com\/yazar\/aylin-gergin\/26756.html\" target=\"_blank\" rel=\"noopener\">Aylin Gergin<\/a><\/td>\n<\/tr>\n<tr>\n<td>Yay\u0131n Tarihi:<\/td>\n<td>06.09.2019<\/td>\n<\/tr>\n<tr>\n<td>Orijinal Ad\u0131:<\/td>\n<td>Conni streitet sich mit Julia<\/td>\n<\/tr>\n<tr>\n<td>ISBN:<\/td>\n<td>9786052958834<\/td>\n<\/tr>\n<tr>\n<td>Dil:<\/td>\n<td>T\u00dcRK\u00c7E<\/td>\n<\/tr>\n<tr>\n<td>Sayfa Say\u0131s\u0131:<\/td>\n<td>24<\/td>\n<\/tr>\n<tr>\n<td>Cilt Tipi:<\/td>\n<td>Karton Kapak<\/td>\n<\/tr>\n<tr>\n<td>Ka\u011f\u0131t Cinsi:<\/td>\n<td>Kitap Ka\u011f\u0131d\u0131<\/td>\n<\/tr>\n<tr>\n<td>Boyut:<\/td>\n<td>22 x 22 cm<\/td>\n<\/tr>\n<\/tbody>\n<\/table>","protected":false},"excerpt":{"rendered":"<p>Elif\u2019le Deniz birbirlerini \u00e7ok seven iki yak\u0131n arkada\u015ft\u0131. Bir g\u00fcn anaokulunda oyun oynarken kavgaya tutu\u015ftular ve birbirlerine k\u00fcst\u00fcler. Elif o g\u00fcnden sonra arkada\u015f\u0131n\u0131n eksikli\u011fini \u00e7ok hissetti ve onunla nas\u0131l bar\u0131\u015fabilece\u011fini d\u00fc\u015f\u00fcnd\u00fc\u2026<\/p>","protected":false},"featured_media":17859,"template":"","meta":{"spay_email":""},"product_cat":[172],"product_tag":[],"item":[336],"acf":[],"_links":{"self":[{"href":"https:\/\/mgvpublications.com\/de\/wp-json\/wp\/v2\/product\/17858"}],"collection":[{"href":"https:\/\/mgvpublications.com\/de\/wp-json\/wp\/v2\/product"}],"about":[{"href":"https:\/\/mgvpublications.com\/de\/wp-json\/wp\/v2\/types\/product"}],"wp:featuredmedia":[{"embeddable":true,"href":"https:\/\/mgvpublications.com\/de\/wp-json\/wp\/v2\/media\/17859"}],"wp:attachment":[{"href":"https:\/\/mgvpublications.com\/de\/wp-json\/wp\/v2\/media?parent=17858"}],"wp:term":[{"taxonomy":"product_cat","embeddable":true,"href":"https:\/\/mgvpublications.com\/de\/wp-json\/wp\/v2\/product_cat?post=17858"},{"taxonomy":"product_tag","embeddable":true,"href":"https:\/\/mgvpublications.com\/de\/wp-json\/wp\/v2\/product_tag?post=17858"},{"taxonomy":"item","embeddable":true,"href":"https:\/\/mgvpublications.com\/de\/wp-json\/wp\/v2\/item?post=17858"}],"curies":[{"name":"wp","href":"https:\/\/api.w.org\/{rel}","templated":true}]}}