{"id":17854,"date":"2021-03-04T22:46:37","date_gmt":"2021-03-04T21:46:37","guid":{"rendered":"https:\/\/mgvpublications.com\/?post_type=product&#038;p=17854"},"modified":"2022-03-08T22:50:55","modified_gmt":"2022-03-08T21:50:55","slug":"hz-omer","status":"publish","type":"product","link":"https:\/\/mgvpublications.com\/de\/hz-omer\/","title":{"rendered":"Hz. \u00d6mer"},"content":{"rendered":"<table>\n<tbody>\n<tr>\n<td>Yay\u0131n Tarihi:<\/td>\n<td>27.03.2017<\/td>\n<\/tr>\n<tr>\n<td>ISBN:<\/td>\n<td>9789753896238<\/td>\n<\/tr>\n<tr>\n<td>Dil:<\/td>\n<td>T\u00dcRK\u00c7E<\/td>\n<\/tr>\n<tr>\n<td>Sayfa Say\u0131s\u0131:<\/td>\n<td>235<\/td>\n<\/tr>\n<tr>\n<td>Cilt Tipi:<\/td>\n<td>Karton Kapak<\/td>\n<\/tr>\n<tr>\n<td>Ka\u011f\u0131t Cinsi:<\/td>\n<td>Kitap Ka\u011f\u0131d\u0131<\/td>\n<\/tr>\n<tr>\n<td>Boyut:<\/td>\n<td>10.5 x 18.5 cm<\/td>\n<\/tr>\n<\/tbody>\n<\/table>","protected":false},"excerpt":{"rendered":"<p>Hz. \u00d6mer, renkli ki\u015fili\u011fiyle ilk d\u00f6nem \u0130slam tarihinin en \u00f6nde gelen \u015fahsiyetleri aras\u0131nda yer alm\u0131\u015ft\u0131r. Hz. \u00d6mer d\u00f6neminde i\u00e7 politikada devletin kurumsalla\u015fmas\u0131nda ciddi geli\u015fmeler ya\u015fan\u0131rken, d\u0131\u015f politikada ise \u0130slam co\u011frafyas\u0131, Do\u011fu, Kuzey, bat\u0131 ve G\u00fcney istikametinde \u00e7ok h\u0131zl\u0131 bir \u015fekilde geni\u015flemi\u015ftir. Hz. \u00d6mer&#8217;in hayat\u0131na ve \u015fahsiyetine ayr\u0131lan bu \u00e7al\u0131\u015fma, onun hilafetine kadarki hayat\u0131n\u0131, hilafet d\u00f6nemini ve ki\u015fili\u011fini veciz bir \u015fekilde ele almaktad\u0131r<\/p>","protected":false},"featured_media":17855,"template":"","meta":{"spay_email":""},"product_cat":[174],"product_tag":[],"item":[1153],"acf":[],"_links":{"self":[{"href":"https:\/\/mgvpublications.com\/de\/wp-json\/wp\/v2\/product\/17854"}],"collection":[{"href":"https:\/\/mgvpublications.com\/de\/wp-json\/wp\/v2\/product"}],"about":[{"href":"https:\/\/mgvpublications.com\/de\/wp-json\/wp\/v2\/types\/product"}],"wp:featuredmedia":[{"embeddable":true,"href":"https:\/\/mgvpublications.com\/de\/wp-json\/wp\/v2\/media\/17855"}],"wp:attachment":[{"href":"https:\/\/mgvpublications.com\/de\/wp-json\/wp\/v2\/media?parent=17854"}],"wp:term":[{"taxonomy":"product_cat","embeddable":true,"href":"https:\/\/mgvpublications.com\/de\/wp-json\/wp\/v2\/product_cat?post=17854"},{"taxonomy":"product_tag","embeddable":true,"href":"https:\/\/mgvpublications.com\/de\/wp-json\/wp\/v2\/product_tag?post=17854"},{"taxonomy":"item","embeddable":true,"href":"https:\/\/mgvpublications.com\/de\/wp-json\/wp\/v2\/item?post=17854"}],"curies":[{"name":"wp","href":"https:\/\/api.w.org\/{rel}","templated":true}]}}