{"id":17850,"date":"2021-03-04T14:26:57","date_gmt":"2021-03-04T13:26:57","guid":{"rendered":"https:\/\/mgvpublications.com\/?post_type=product&#038;p=17850"},"modified":"2022-03-08T22:50:54","modified_gmt":"2022-03-08T21:50:54","slug":"fuat-sezgin-ornek-insanlar-dizisi-9","status":"publish","type":"product","link":"https:\/\/mgvpublications.com\/de\/fuat-sezgin-ornek-insanlar-dizisi-9\/","title":{"rendered":"Fuat Sezgin \/ \u00d6rnek \u0130nsanlar Dizisi 9"},"content":{"rendered":"<p>Yay\u0131n Tarihi: 13.11.2020<br \/>ISBN: 9786257151238<br \/>Dil: T\u00dcRK\u00c7E<br \/>Sayfa Say\u0131s\u0131: 88<br \/>Cilt Tipi: Karton Kapak<br \/>Ka\u011f\u0131t Cinsi: 1. Hm. Ka\u011f\u0131t<br \/>Boyut: 13.5 x 21 cm<\/p>","protected":false},"excerpt":{"rendered":"<p>YIL 1961\u2019di. T\u00fcrkiye\u2019den Almanya\u2019ya giden bir yolcu u\u00e7a\u011f\u0131n\u0131n i\u00e7inde g\u00f6zleri nemli, bak\u0131\u015flar\u0131 sisli bir adamca\u011f\u0131z pencereden can\u0131 gibi sevdi\u011fi memleketine son kez bak\u0131yordu. Bu, buruk bir veda bak\u0131\u015f\u0131yd\u0131. Bir daha d\u00f6n\u00fcp d\u00f6nmeyece\u011fini Allah bilirdi. Hayk\u0131racak \u00e7ok \u015fey varken sessizce gidenlerin ne ilki ne de sonuncusuydu bu yolcu. Onu bu sessiz ve h\u00fcz\u00fcnl\u00fc gidi\u015fe mahk\u00fbm eden sebepler vard\u0131. Ah o sebepler&#8230; Darbeler k\u00f6t\u00fcd\u00fcr ve her darbenin bedelini \u00f6deyen binlerce masum olur. \u0130\u015finden, a\u015f\u0131ndan, yuvas\u0131ndan, yurdundan olan binlerce insan&#8230; T\u00fcrkiye\u2019de 1960 asker\u00ee darbesinin t\u0131pk\u0131 di\u011fer darbeler gibi yakt\u0131\u011f\u0131 \u00e7ok can oldu. Darbenin ard\u0131ndan y\u00f6netime getirilen asker\u00ee h\u00fck\u00fcmet taraf\u0131ndan \u00fcniversitelerde \u00e7al\u0131\u015fan 147 \u00f6\u011fretim g\u00f6revlisi bir gecede ihra\u00e7 edildi. Yani mesle\u011finden uzakla\u015ft\u0131r\u0131ld\u0131. Bunlardan biri de Fuat Sezgin\u2019di. \u0130lim yolunda gecesini g\u00fcnd\u00fcz\u00fcne katan, i\u011fne ile kuyu kazar gibi titizlikle \u00e7al\u0131\u015fan, t\u00fcrl\u00fc zorluklara ra\u011fmen anlaml\u0131, azim dolu ve \u00f6rnek bir hayat ya\u015fayan Prof. Dr. Fuat Sezgin&#8230;<\/p>","protected":false},"featured_media":22559,"template":"","meta":{"spay_email":""},"product_cat":[168],"product_tag":[],"item":[692],"acf":[],"_links":{"self":[{"href":"https:\/\/mgvpublications.com\/de\/wp-json\/wp\/v2\/product\/17850"}],"collection":[{"href":"https:\/\/mgvpublications.com\/de\/wp-json\/wp\/v2\/product"}],"about":[{"href":"https:\/\/mgvpublications.com\/de\/wp-json\/wp\/v2\/types\/product"}],"wp:featuredmedia":[{"embeddable":true,"href":"https:\/\/mgvpublications.com\/de\/wp-json\/wp\/v2\/media\/22559"}],"wp:attachment":[{"href":"https:\/\/mgvpublications.com\/de\/wp-json\/wp\/v2\/media?parent=17850"}],"wp:term":[{"taxonomy":"product_cat","embeddable":true,"href":"https:\/\/mgvpublications.com\/de\/wp-json\/wp\/v2\/product_cat?post=17850"},{"taxonomy":"product_tag","embeddable":true,"href":"https:\/\/mgvpublications.com\/de\/wp-json\/wp\/v2\/product_tag?post=17850"},{"taxonomy":"item","embeddable":true,"href":"https:\/\/mgvpublications.com\/de\/wp-json\/wp\/v2\/item?post=17850"}],"curies":[{"name":"wp","href":"https:\/\/api.w.org\/{rel}","templated":true}]}}