{"id":17834,"date":"2021-03-04T13:50:35","date_gmt":"2021-03-04T12:50:35","guid":{"rendered":"https:\/\/mgvpublications.com\/?post_type=product&#038;p=17834"},"modified":"2022-03-08T22:50:54","modified_gmt":"2022-03-08T21:50:54","slug":"oteki-vatikan","status":"publish","type":"product","link":"https:\/\/mgvpublications.com\/de\/oteki-vatikan\/","title":{"rendered":"\u00d6teki Vatikan"},"content":{"rendered":"<p>Yay\u0131n Tarihi: 15.01.2021<br \/>ISBN: 9786057948380<br \/>Dil: T\u00dcRK\u00c7E<br \/>Sayfa Say\u0131s\u0131: 280<br \/>Cilt Tipi: Karton Kapak<br \/>Ka\u011f\u0131t Cinsi: Kitap Ka\u011f\u0131d\u0131<br \/>Boyut: 13.5 x 21 cm<\/p>","protected":false},"excerpt":{"rendered":"<p>Kitab\u0131n kapa\u011f\u0131n\u0131 a\u00e7\u0131p Vatikan\u2019\u0131n kap\u0131s\u0131ndan i\u00e7eri girdi\u011finiz an mafyan\u0131n, siyasetin, holdinglerin, tacizlerin ve daha bir\u00e7ok g\u00fcnah dolu odan\u0131n tam olarak orada bulundu\u011funu g\u00f6receksiniz. Vatikan\u2019\u0131n bir\u00e7ok mafyan\u0131n kesi\u015fti\u011fi merkez ve \u00fcnl\u00fc mafyalar\u0131n kara para aklama yeri oldu\u011funu hayretle okuyacaks\u0131n\u0131z. D\u00fcn, iyi geceler, denerek odas\u0131na u\u011furlanan sapasa\u011flam Papa\u2019n\u0131n sabah olunca kalp krizinden \u00f6ld\u00fc\u011f\u00fc yalanlar\u0131n\u0131 okuduk\u00e7a buran\u0131n nas\u0131l bir y\u0131lan \u00e7ukuru oldu\u011funu g\u00f6receksiniz. Bu kitap d\u00fcnya siyasetini tamam\u0131yla etkileyen Vatikan&#8217;\u0131n \u00f6teki hik\u00e2yesini anlat\u0131yor. Okuyacaklar\u0131n\u0131z t\u00fcm bildiklerinizi alt \u00fcst edecek! Kitab\u0131n kapa\u011f\u0131n\u0131 a\u00e7\u0131p Vatikan\u2019\u0131n kap\u0131s\u0131ndan i\u00e7eri girdi\u011finiz an mafyan\u0131n, siyasetin, holdinglerin, tacizlerin ve daha bir\u00e7ok g\u00fcnah dolu odan\u0131n tam olarak orada bulundu\u011funu g\u00f6receksiniz. Vatikan\u2019\u0131n bir\u00e7ok mafyan\u0131n kesi\u015fti\u011fi merkez ve \u00fcnl\u00fc mafyalar\u0131n kara para aklama yeri oldu\u011funu hayretle okuyacaks\u0131n\u0131z. D\u00fcn, iyi geceler, denerek odas\u0131na u\u011furlanan sapasa\u011flam Papa\u2019n\u0131n sabah olunca kalp krizinden \u00f6ld\u00fc\u011f\u00fc yalanlar\u0131n\u0131 okuduk\u00e7a buran\u0131n nas\u0131l bir y\u0131lan \u00e7ukuru oldu\u011funu g\u00f6receksiniz. Bu kitap d\u00fcnya siyasetini tamam\u0131yla etkileyen Vatikan&#8217;\u0131n \u00f6teki hik\u00e2yesini anlat\u0131yor. Okuyacaklar\u0131n\u0131z t\u00fcm bildiklerinizi alt \u00fcst edecek!<\/p>","protected":false},"featured_media":18924,"template":"","meta":{"spay_email":""},"product_cat":[170],"product_tag":[],"item":[1390],"acf":[],"_links":{"self":[{"href":"https:\/\/mgvpublications.com\/de\/wp-json\/wp\/v2\/product\/17834"}],"collection":[{"href":"https:\/\/mgvpublications.com\/de\/wp-json\/wp\/v2\/product"}],"about":[{"href":"https:\/\/mgvpublications.com\/de\/wp-json\/wp\/v2\/types\/product"}],"wp:featuredmedia":[{"embeddable":true,"href":"https:\/\/mgvpublications.com\/de\/wp-json\/wp\/v2\/media\/18924"}],"wp:attachment":[{"href":"https:\/\/mgvpublications.com\/de\/wp-json\/wp\/v2\/media?parent=17834"}],"wp:term":[{"taxonomy":"product_cat","embeddable":true,"href":"https:\/\/mgvpublications.com\/de\/wp-json\/wp\/v2\/product_cat?post=17834"},{"taxonomy":"product_tag","embeddable":true,"href":"https:\/\/mgvpublications.com\/de\/wp-json\/wp\/v2\/product_tag?post=17834"},{"taxonomy":"item","embeddable":true,"href":"https:\/\/mgvpublications.com\/de\/wp-json\/wp\/v2\/item?post=17834"}],"curies":[{"name":"wp","href":"https:\/\/api.w.org\/{rel}","templated":true}]}}