{"id":17832,"date":"2021-03-04T13:42:21","date_gmt":"2021-03-04T12:42:21","guid":{"rendered":"https:\/\/mgvpublications.com\/?post_type=product&#038;p=17832"},"modified":"2022-03-08T22:50:52","modified_gmt":"2022-03-08T21:50:52","slug":"kizil-veba","status":"publish","type":"product","link":"https:\/\/mgvpublications.com\/de\/kizil-veba\/","title":{"rendered":"K\u0131z\u0131l Veba"},"content":{"rendered":"<div>\u00c7evirmen: Levent Cinemre<\/div>\n<div>Yay\u0131n Tarihi: 11.06.2020<\/div>\n<div>Orijinal Ad\u0131: The Scarlet Plague<\/div>\n<div>ISBN: 9786257070782<\/div>\n<div>Dil: T\u00dcRK\u00c7E<\/div>\n<div>Sayfa Say\u0131s\u0131: 72<\/div>\n<div>Cilt Tipi: Karton Kapak<\/div>\n<div>Ka\u011f\u0131t Cinsi: Kitap Ka\u011f\u0131d\u0131<\/div>\n<div>Boyut: 12.5 x 20.5 cm<\/div>","protected":false},"excerpt":{"rendered":"<p>Jack London, 1912 y\u0131l\u0131nda \u0130ngiltere\u2019de London Magazine\u2019de yay\u0131mlanmaya ba\u015flayan K\u0131z\u0131l Veba yap\u0131t\u0131yla \u201ck\u0131yamet sonras\u0131\u201d edebiyat\u0131n \u00f6nc\u00fcleri aras\u0131na girmi\u015ftir. N\u00fcfustaki, bilim ve teknikteki, ekonomideki s\u0131\u00e7ramalar\u0131n b\u00fcy\u00fcs\u00fcyle g\u00f6zlerin kama\u015ft\u0131\u011f\u0131 bir \u00e7a\u011fda yazar, uygarl\u0131\u011f\u0131m\u0131z\u0131n k\u0131r\u0131lganl\u0131\u011f\u0131n\u0131 an\u0131msat\u0131r. Yap\u0131t\u0131 milyonlarca insan\u0131n doldurdu\u011fu \u015fehirlerin ve k\u0131rlar\u0131n \u0131ss\u0131zl\u0131\u011fa teslim olu\u015fundaki h\u0131z\u0131 b\u00fct\u00fcn \u00e7arp\u0131c\u0131l\u0131\u011f\u0131yla ortaya koyar. Yaln\u0131zca n\u00fcfusun de\u011fil, bilginin, \u00fcretimin, hatta dilin yitirili\u015fi, eski uygarl\u0131kla k\u00f6pr\u00fc olan bir profes\u00f6r\u00fcn g\u00f6z\u00fcnden yeni insanl\u0131\u011fa anlat\u0131l\u0131r. Peki yeni insanl\u0131k bu ihtiyara kulak verecek midir? K\u0131z\u0131l Veba\u2019da yirminci y\u00fczy\u0131l\u0131n ba\u015f\u0131ndan y\u00fcz y\u0131l sonras\u0131na, 2010\u2019lar d\u00fcnyas\u0131na bakan Jack London\u2019\u0131n \u00f6ng\u00f6r\u00fclerindeki keskinlik, kitab\u0131 bir klasik olman\u0131n \u00f6tesinde, g\u00fcn\u00fcm\u00fcz i\u00e7in h\u00e2l\u00e2 canl\u0131 bir ele\u015ftiri k\u0131l\u0131yor.<br \/>\ndevam\u0131n\u0131 oku<\/p>","protected":false},"featured_media":17833,"template":"","meta":{"spay_email":""},"product_cat":[168],"product_tag":[],"item":[336],"acf":[],"_links":{"self":[{"href":"https:\/\/mgvpublications.com\/de\/wp-json\/wp\/v2\/product\/17832"}],"collection":[{"href":"https:\/\/mgvpublications.com\/de\/wp-json\/wp\/v2\/product"}],"about":[{"href":"https:\/\/mgvpublications.com\/de\/wp-json\/wp\/v2\/types\/product"}],"wp:featuredmedia":[{"embeddable":true,"href":"https:\/\/mgvpublications.com\/de\/wp-json\/wp\/v2\/media\/17833"}],"wp:attachment":[{"href":"https:\/\/mgvpublications.com\/de\/wp-json\/wp\/v2\/media?parent=17832"}],"wp:term":[{"taxonomy":"product_cat","embeddable":true,"href":"https:\/\/mgvpublications.com\/de\/wp-json\/wp\/v2\/product_cat?post=17832"},{"taxonomy":"product_tag","embeddable":true,"href":"https:\/\/mgvpublications.com\/de\/wp-json\/wp\/v2\/product_tag?post=17832"},{"taxonomy":"item","embeddable":true,"href":"https:\/\/mgvpublications.com\/de\/wp-json\/wp\/v2\/item?post=17832"}],"curies":[{"name":"wp","href":"https:\/\/api.w.org\/{rel}","templated":true}]}}