{"id":17813,"date":"2021-03-04T00:21:25","date_gmt":"2021-03-03T23:21:25","guid":{"rendered":"https:\/\/mgvpublications.com\/?post_type=product&#038;p=17813"},"modified":"2022-03-08T22:50:51","modified_gmt":"2022-03-08T21:50:51","slug":"hz-osman","status":"publish","type":"product","link":"https:\/\/mgvpublications.com\/de\/hz-osman\/","title":{"rendered":"Hz. Osman"},"content":{"rendered":"<table>\n<tbody>\n<tr>\n<td>Yay\u0131n Tarihi:<\/td>\n<td>16.07.2020<\/td>\n<\/tr>\n<tr>\n<td>ISBN:<\/td>\n<td>9789753898164<\/td>\n<\/tr>\n<tr>\n<td>Dil:<\/td>\n<td>T\u00dcRK\u00c7E<\/td>\n<\/tr>\n<tr>\n<td>Sayfa Say\u0131s\u0131:<\/td>\n<td>128<\/td>\n<\/tr>\n<tr>\n<td>Cilt Tipi:<\/td>\n<td>Karton Kapak<\/td>\n<\/tr>\n<tr>\n<td>Ka\u011f\u0131t Cinsi:<\/td>\n<td>Kitap Ka\u011f\u0131d\u0131<\/td>\n<\/tr>\n<tr>\n<td>Boyut:<\/td>\n<td>10.5 x 18.5 cm<\/td>\n<\/tr>\n<\/tbody>\n<\/table>","protected":false},"excerpt":{"rendered":"<p>\u0130sl\u00e2m\u00ee davetin ilk safhas\u0131nda Hz. Eb\u00fb Bekir\u2019in del\u00e2letiyle Res\u00fblullah\u2019\u0131n yan\u0131na giderek M\u00fcsl\u00fcman olan Hz. Osman, ilk on M\u00fcsl\u00fcman aras\u0131nda yer almaktad\u0131r. Eserde ge\u00e7en ifade ile; \u201cHz. Osman ibadete d\u00fc\u015fk\u00fcn, geceleri ibadet g\u00fcnd\u00fczleri oru\u00e7la ge\u00e7en, namazdaki hu\u015f\u00fb ile tan\u0131nan, ayn\u0131 zamanda ilim ve takva ehli bir \u015fahsiyetti.\u201d Hz. Osman\u2019\u0131n hayat\u0131na ve \u015fahsiyetine ayr\u0131lm\u0131\u015f olan bu \u00e7al\u0131\u015fma; ilk b\u00f6l\u00fcmde kabilesine ve ailesine dair bilgiler de aktar\u0131lacak \u015fekilde hilafetine kadarki hayat\u0131n\u0131, ikinci b\u00f6l\u00fcmde fetihler ve d\u00f6neminde y\u00fcr\u00fctt\u00fc\u011f\u00fc \u00e7al\u0131\u015fmalar\u0131 aktar\u0131lacak \u015fekilde hilafeti d\u00f6nemini, \u00fc\u00e7\u00fcnc\u00fc b\u00f6l\u00fcmde ise ki\u015filik \u00f6zelliklerini ve rivayetlerini kapsamaktad\u0131r.<\/p>","protected":false},"featured_media":17814,"template":"","meta":{"spay_email":""},"product_cat":[174],"product_tag":[],"item":[960],"acf":[],"_links":{"self":[{"href":"https:\/\/mgvpublications.com\/de\/wp-json\/wp\/v2\/product\/17813"}],"collection":[{"href":"https:\/\/mgvpublications.com\/de\/wp-json\/wp\/v2\/product"}],"about":[{"href":"https:\/\/mgvpublications.com\/de\/wp-json\/wp\/v2\/types\/product"}],"wp:featuredmedia":[{"embeddable":true,"href":"https:\/\/mgvpublications.com\/de\/wp-json\/wp\/v2\/media\/17814"}],"wp:attachment":[{"href":"https:\/\/mgvpublications.com\/de\/wp-json\/wp\/v2\/media?parent=17813"}],"wp:term":[{"taxonomy":"product_cat","embeddable":true,"href":"https:\/\/mgvpublications.com\/de\/wp-json\/wp\/v2\/product_cat?post=17813"},{"taxonomy":"product_tag","embeddable":true,"href":"https:\/\/mgvpublications.com\/de\/wp-json\/wp\/v2\/product_tag?post=17813"},{"taxonomy":"item","embeddable":true,"href":"https:\/\/mgvpublications.com\/de\/wp-json\/wp\/v2\/item?post=17813"}],"curies":[{"name":"wp","href":"https:\/\/api.w.org\/{rel}","templated":true}]}}