{"id":17809,"date":"2021-03-04T00:11:26","date_gmt":"2021-03-03T23:11:26","guid":{"rendered":"https:\/\/mgvpublications.com\/?post_type=product&#038;p=17809"},"modified":"2022-03-08T22:50:51","modified_gmt":"2022-03-08T21:50:51","slug":"bir-acayip-yolculuk-ortaokul-duzeyi","status":"publish","type":"product","link":"https:\/\/mgvpublications.com\/de\/bir-acayip-yolculuk-ortaokul-duzeyi\/","title":{"rendered":"Bir Acayip Yolculuk (Ortaokul D\u00fczeyi)"},"content":{"rendered":"<p>Yay\u0131n Tarihi:\t21.01.2021<br \/>\nISBN:\t        9789752420908<br \/>\nDil:\t        T\u00dcRK\u00c7E<br \/>\nCilt Tipi:\tKarton Kapak<br \/>\nKa\u011f\u0131t Cinsi:\tKitap Ka\u011f\u0131d\u0131<\/p>","protected":false},"excerpt":{"rendered":"<p>Y\u00fcce yarat\u0131c\u0131m\u0131z\u0131n bizlere hediye etti\u011fi en de\u011ferli nimetlerden biri de sa\u011fl\u0131k ve afiyet i\u00e7erisinde bir hayat ya\u015fayabilmemizdir. V\u00fccudumuzun ve zihnimizin her t\u00fcrl\u00fc kirlili\u011fe ve g\u00fcr\u00fclt\u00fcye maruz kald\u0131\u011f\u0131 \u00e7a\u011f\u0131m\u0131zda; sa\u011fl\u0131kl\u0131 gelecekler in\u015fa edebilmek i\u00e7in sa\u011fl\u0131kl\u0131 gen\u00e7ler yeti\u015ftirmemiz gerekmektedir. Sevgili Peygamberimiz, insanlar\u0131n aldan\u0131p k\u0131ymetini bilmedi\u011fi iki nimeti &#8220;sa\u011fl\u0131k ve bo\u015f vakit&#8221; olarak ifade etmektedir. G\u00f6z a\u00e7\u0131p kapay\u0131ncaya kadar ge\u00e7ip giden hayat\u0131m\u0131zda sa\u011fl\u0131\u011f\u0131m\u0131z\u0131n k\u0131ymetini \u00e7ok iyi bilmeli, her t\u00fcrl\u00fc zararl\u0131 ve k\u00f6t\u00fc al\u0131\u015fkanl\u0131klardan kendimizi uzak tutmal\u0131y\u0131z.<br \/>\nBu zararl\u0131 ve k\u00f6t\u00fc al\u0131\u015fkanl\u0131klar\u0131n neler oldu\u011funu, hangi \u015feylerin sa\u011fl\u0131kl\u0131, nelerin bizi din\u00e7 tutaca\u011f\u0131n\u0131 Kacu ve Ufyo&#8217;nun maceralar\u0131nda g\u00f6rece\u011fiz. Onlar\u0131n g\u00fcnl\u00fck hayatta ya\u015fad\u0131\u011f\u0131 ve kar\u015f\u0131la\u015ft\u0131\u011f\u0131 olaylar\u0131 Luk&#8217;un a\u011fz\u0131ndan dinleyece\u011fiz.<br \/>\n&#8220;Bir Acayip Yolculuk&#8221; sa\u011fl\u0131kl\u0131 ya\u015fam konusunda gelece\u011fimiz olan siz \u00e7ocuklar\u0131n daha g\u00fc\u00e7l\u00fc ve zinde ya\u015famas\u0131na katk\u0131 verebilmek amac\u0131yla haz\u0131rlanm\u0131\u015ft\u0131r.<\/p>","protected":false},"featured_media":17810,"template":"","meta":{"spay_email":""},"product_cat":[172],"product_tag":[],"item":[1533],"acf":[],"_links":{"self":[{"href":"https:\/\/mgvpublications.com\/de\/wp-json\/wp\/v2\/product\/17809"}],"collection":[{"href":"https:\/\/mgvpublications.com\/de\/wp-json\/wp\/v2\/product"}],"about":[{"href":"https:\/\/mgvpublications.com\/de\/wp-json\/wp\/v2\/types\/product"}],"wp:featuredmedia":[{"embeddable":true,"href":"https:\/\/mgvpublications.com\/de\/wp-json\/wp\/v2\/media\/17810"}],"wp:attachment":[{"href":"https:\/\/mgvpublications.com\/de\/wp-json\/wp\/v2\/media?parent=17809"}],"wp:term":[{"taxonomy":"product_cat","embeddable":true,"href":"https:\/\/mgvpublications.com\/de\/wp-json\/wp\/v2\/product_cat?post=17809"},{"taxonomy":"product_tag","embeddable":true,"href":"https:\/\/mgvpublications.com\/de\/wp-json\/wp\/v2\/product_tag?post=17809"},{"taxonomy":"item","embeddable":true,"href":"https:\/\/mgvpublications.com\/de\/wp-json\/wp\/v2\/item?post=17809"}],"curies":[{"name":"wp","href":"https:\/\/api.w.org\/{rel}","templated":true}]}}