{"id":17807,"date":"2021-03-04T00:00:54","date_gmt":"2021-03-03T23:00:54","guid":{"rendered":"https:\/\/mgvpublications.com\/?post_type=product&#038;p=17807"},"modified":"2022-03-08T22:50:51","modified_gmt":"2022-03-08T21:50:51","slug":"abbasiler","status":"publish","type":"product","link":"https:\/\/mgvpublications.com\/de\/abbasiler\/","title":{"rendered":"Abbasiler"},"content":{"rendered":"<p>Yay\u0131n Tarihi:\t16.06.2017<br \/>\nISBN:\t        9789753898966<br \/>\nDil:\t        T\u00dcRK\u00c7E<br \/>\nSayfa Say\u0131s\u0131:\t304<br \/>\nCilt Tipi:\tKarton Kapak<br \/>\nKa\u011f\u0131t Cinsi:\tKitap Ka\u011f\u0131d\u0131<\/p>","protected":false},"excerpt":{"rendered":"<p>Yay\u0131n Tarihi: 16.06.2017 ISBN: 9789753898966 Dil: T\u00dcRK\u00c7E Sayfa Say\u0131s\u0131: 304 Cilt Tipi: Karton Kapak Ka\u011f\u0131t Cinsi: Kitap Ka\u011f\u0131d\u0131<\/p>","protected":false},"featured_media":17808,"template":"","meta":{"spay_email":""},"product_cat":[174,170],"product_tag":[],"item":[856],"acf":[],"_links":{"self":[{"href":"https:\/\/mgvpublications.com\/de\/wp-json\/wp\/v2\/product\/17807"}],"collection":[{"href":"https:\/\/mgvpublications.com\/de\/wp-json\/wp\/v2\/product"}],"about":[{"href":"https:\/\/mgvpublications.com\/de\/wp-json\/wp\/v2\/types\/product"}],"wp:featuredmedia":[{"embeddable":true,"href":"https:\/\/mgvpublications.com\/de\/wp-json\/wp\/v2\/media\/17808"}],"wp:attachment":[{"href":"https:\/\/mgvpublications.com\/de\/wp-json\/wp\/v2\/media?parent=17807"}],"wp:term":[{"taxonomy":"product_cat","embeddable":true,"href":"https:\/\/mgvpublications.com\/de\/wp-json\/wp\/v2\/product_cat?post=17807"},{"taxonomy":"product_tag","embeddable":true,"href":"https:\/\/mgvpublications.com\/de\/wp-json\/wp\/v2\/product_tag?post=17807"},{"taxonomy":"item","embeddable":true,"href":"https:\/\/mgvpublications.com\/de\/wp-json\/wp\/v2\/item?post=17807"}],"curies":[{"name":"wp","href":"https:\/\/api.w.org\/{rel}","templated":true}]}}