{"id":17794,"date":"2021-02-28T02:04:05","date_gmt":"2021-02-28T01:04:05","guid":{"rendered":"https:\/\/mgvpublications.com\/?post_type=product&#038;p=17794"},"modified":"2022-12-27T11:30:39","modified_gmt":"2022-12-27T10:30:39","slug":"hucreden-sizan","status":"publish","type":"product","link":"https:\/\/mgvpublications.com\/de\/hucreden-sizan\/","title":{"rendered":"H\u00fccreden S\u0131zan"},"content":{"rendered":"<div>Yay\u0131n Tarihi: 26.02.2021<\/div>\n<div>ISBN: 9786257267168<\/div>\n<div>Dil: T\u00dcRK\u00c7E<\/div>\n<div>Sayfa Say\u0131s\u0131: 64<\/div>\n<div>Cilt Tipi: Karton Kapak<\/div>\n<div>Ka\u011f\u0131t Cinsi: Kitap Ka\u011f\u0131d\u0131<\/div>\n<div>Boyut: 13 x 20 cm<\/div>","protected":false},"excerpt":{"rendered":"<p>Avrupa\u2019da ya\u015fayan T\u00fcrkler, uzun y\u0131llar \u00f6nemli olaylar\u0131n, \u00f6nemli hik\u00e2yelerin i\u00e7inde buldu kendilerini. Bazen kahraman\u0131, bazen izleyicisi oldular Avrupa\u2019da ge\u00e7en zaman\u0131n. Ama \u015fimdiye de\u011fin ya\u015fad\u0131klar\u0131n\u0131, d\u00fc\u015f\u00fcnd\u00fcklerini, hissettiklerini yazmaya, payla\u015fmaya ne vakit, ne dil bulabildiler. Avrupa\u2019n\u0131n \u00fc\u00e7\u00fcnc\u00fc ku\u015fak T\u00fcrkleri, hik\u00e2yelerini anadilleriyle anlatmaya ba\u015fl\u0131yor: H\u00fccreden S\u0131zan, b\u00f6yle bir dil, anlam ve vakit aray\u0131\u015f\u0131n\u0131n \u00fcr\u00fcn\u00fc.<br \/>\n\u0130nsan, d\u00fcnyaya ilk merhaba deyi\u015fiyle bir dertle kaynar. Bu derdin ay\u0131rd\u0131na varmadan ya\u015far bir m\u00fcddet. Sonras\u0131nda hat\u0131r\u0131nda kalan her ayr\u0131nt\u0131n\u0131n g\u00f6r\u00fcnt\u00fcs\u00fc canlan\u0131r zihninde. Gitti\u011fi her yere g\u00f6t\u00fcr\u00fcr zihn\u00ee ayr\u0131nt\u0131lar\u0131n\u0131. Beraberinde ta\u015f\u0131d\u0131klar\u0131yla bakar g\u00f6ky\u00fcz\u00fcne. G\u00f6ky\u00fcz\u00fc, zihninde as\u0131l\u0131 kalan hat\u0131ralar\u0131 canland\u0131r\u0131r. H\u00fccreden S\u0131zan, ge\u00e7mi\u015fin izini takip ederek, dilsiz tan\u0131klar\u0131n, g\u00f6ky\u00fcz\u00fcndeki siluetlerin, denizde y\u00fczen k\u0131rm\u0131z\u0131 pabu\u00e7lar\u0131n, i\u00e7eridekilerin, d\u0131\u015far\u0131dakilerin hik\u00e2yeleriyle do\u011fan yeni g\u00fcne merhaba diyor.<\/p>","protected":false},"featured_media":17795,"template":"","meta":{"spay_email":""},"product_cat":[168],"product_tag":[],"item":[1530],"acf":[],"_links":{"self":[{"href":"https:\/\/mgvpublications.com\/de\/wp-json\/wp\/v2\/product\/17794"}],"collection":[{"href":"https:\/\/mgvpublications.com\/de\/wp-json\/wp\/v2\/product"}],"about":[{"href":"https:\/\/mgvpublications.com\/de\/wp-json\/wp\/v2\/types\/product"}],"wp:featuredmedia":[{"embeddable":true,"href":"https:\/\/mgvpublications.com\/de\/wp-json\/wp\/v2\/media\/17795"}],"wp:attachment":[{"href":"https:\/\/mgvpublications.com\/de\/wp-json\/wp\/v2\/media?parent=17794"}],"wp:term":[{"taxonomy":"product_cat","embeddable":true,"href":"https:\/\/mgvpublications.com\/de\/wp-json\/wp\/v2\/product_cat?post=17794"},{"taxonomy":"product_tag","embeddable":true,"href":"https:\/\/mgvpublications.com\/de\/wp-json\/wp\/v2\/product_tag?post=17794"},{"taxonomy":"item","embeddable":true,"href":"https:\/\/mgvpublications.com\/de\/wp-json\/wp\/v2\/item?post=17794"}],"curies":[{"name":"wp","href":"https:\/\/api.w.org\/{rel}","templated":true}]}}