{"id":17680,"date":"2021-02-03T14:57:48","date_gmt":"2021-02-03T13:57:48","guid":{"rendered":"https:\/\/mgvpublications.com\/?post_type=product&#038;p=17680"},"modified":"2025-04-26T19:19:32","modified_gmt":"2025-04-26T17:19:32","slug":"islami-suur-dersleri","status":"publish","type":"product","link":"https:\/\/mgvpublications.com\/de\/islami-suur-dersleri\/","title":{"rendered":"\u0130slami \u015euur Dersleri"},"content":{"rendered":"<p>T\u00fcr\u00fc: Dini<br \/>\nKitab\u0131n Ad\u0131: \u0130sl\u00e2mi \u015euur Dersleri<br \/>\nSayfa Say\u0131s\u0131: 369<br \/>\nBask\u0131 \u00d6zellikleri: Karton Kapak<br \/>\nEbat: 16 x 24 cm<br \/>\nISBN:9786052008522<\/p>","protected":false},"excerpt":{"rendered":"<p>\u0130slam\u2019\u0131n inan\u00e7, ibadet esaslar\u0131 ve toplumsal \u00f6devlerinin, sade ve anla\u015f\u0131l\u0131r bir dil ile \u00f6\u011fretilmesi ve \u00f6\u011frenilmesi bizim temel ihtiya\u00e7lar\u0131m\u0131z\u0131n ba\u015f\u0131nda gelmektedir.<br \/>\nYay\u0131nevimiz taraf\u0131ndan olduk\u00e7a hassas bir \u00e7al\u0131\u015fma ile kar\u015f\u0131n\u0131zda olman\u0131n heyecan\u0131 i\u00e7erisindeyiz.<\/p>\n<p>Alan\u0131nda uzman ilim adamlar\u0131ndan olu\u015fan komisyon taraf\u0131ndan haz\u0131rlanan bu eser siz okuyucular\u0131m\u0131z\u0131n istifadesine sunulmu\u015ftur.<br \/>\nHaz\u0131rl\u0131k s\u00fcrecinde, hem g\u00fcn\u00fcm\u00fcz \u015fartlar\u0131 hem de pedagojik esaslara dikkat edilmi\u015ftir.<br \/>\n\u00c7al\u0131\u015fma ele al\u0131n\u0131rken k\u00fclt\u00fcrel yap\u0131m\u0131za uygun ve herkesin anlay\u0131p anlatabilece\u011fi bir anlat\u0131m dili benimsenmi\u015ftir.<br \/>\nNe mutlu, ilmi kendisine az\u0131k edinene.<\/p>","protected":false},"featured_media":17681,"template":"","meta":{"spay_email":""},"product_cat":[180,166,174,169],"product_tag":[],"item":[335],"acf":[],"_links":{"self":[{"href":"https:\/\/mgvpublications.com\/de\/wp-json\/wp\/v2\/product\/17680"}],"collection":[{"href":"https:\/\/mgvpublications.com\/de\/wp-json\/wp\/v2\/product"}],"about":[{"href":"https:\/\/mgvpublications.com\/de\/wp-json\/wp\/v2\/types\/product"}],"wp:featuredmedia":[{"embeddable":true,"href":"https:\/\/mgvpublications.com\/de\/wp-json\/wp\/v2\/media\/17681"}],"wp:attachment":[{"href":"https:\/\/mgvpublications.com\/de\/wp-json\/wp\/v2\/media?parent=17680"}],"wp:term":[{"taxonomy":"product_cat","embeddable":true,"href":"https:\/\/mgvpublications.com\/de\/wp-json\/wp\/v2\/product_cat?post=17680"},{"taxonomy":"product_tag","embeddable":true,"href":"https:\/\/mgvpublications.com\/de\/wp-json\/wp\/v2\/product_tag?post=17680"},{"taxonomy":"item","embeddable":true,"href":"https:\/\/mgvpublications.com\/de\/wp-json\/wp\/v2\/item?post=17680"}],"curies":[{"name":"wp","href":"https:\/\/api.w.org\/{rel}","templated":true}]}}