{"id":17674,"date":"2021-02-02T23:21:48","date_gmt":"2021-02-02T22:21:48","guid":{"rendered":"https:\/\/mgvpublications.com\/?post_type=product&#038;p=17674"},"modified":"2022-03-08T22:50:49","modified_gmt":"2022-03-08T21:50:49","slug":"hasan-sabbah-fedaisiydim","status":"publish","type":"product","link":"https:\/\/mgvpublications.com\/de\/hasan-sabbah-fedaisiydim\/","title":{"rendered":"Hasan Sabbah Fedaisiydim"},"content":{"rendered":"<div>Yay\u0131n Tarihi: 30.09.2020<\/div>\n<div>ISBN: 9786057948328<\/div>\n<div>Dil: T\u00dcRK\u00c7E<\/div>\n<div>Sayfa Say\u0131s\u0131: 256<\/div>\n<div>Cilt Tipi: Karton Kapak<\/div>\n<div>Ka\u011f\u0131t Cinsi: Kitap Ka\u011f\u0131d\u0131<\/div>\n<div>Boyut: 13.5 x 21 cm<\/div>","protected":false},"excerpt":{"rendered":"<p>Hasan Sabbah i\u00e7in yaz\u0131lanlar hep efsaneden ibaretti. Elinizdeki bu kitap ise Hasan Sabbah&#8217;\u0131n as\u0131l hik\u00e2yesini film tad\u0131nda ger\u00e7ek bir \u015fekilde anlatmaktad\u0131r. Suikastlar\u0131, te\u015fkilatlanma yap\u0131s\u0131ndaki korkutucu \u00f6\u011fretiler ve daha bir\u00e7ok s\u0131r.<br \/>\nHasan Sabbah\u2019a d\u00fc\u015fman iken, fark\u0131na varmadan, yava\u015f yava\u015f Hasan Sabbah&#8217;\u0131n fedaisi h\u00e2line gelen Nizamiyeci \u00d6mer&#8217;in t\u00fcylerinizi diken diken edecek de\u011fi\u015fimini ve bu de\u011fi\u015fimdeki ak\u0131l oyunlar\u0131n\u0131, suikastlar\u0131, korkutucu \u00f6rg\u00fctlenmeleri okuyacak ve sayfalar\u0131 \u00e7evirdik\u00e7e Hasan Sabbah ve fedailerinin asl\u0131nda hi\u00e7 bir zaman bitmedi\u011fini de fark edeceksiniz. T\u00fcm bu ya\u015fanan olaylar\u0131 merak ediyorsan\u0131z ilk sayfay\u0131 a\u00e7man\u0131z yeterli, bir daha kitab\u0131 elinizden b\u0131rakamayacaks\u0131n\u0131z.<br \/>\ndevam\u0131n\u0131 oku<\/p>","protected":false},"featured_media":17675,"template":"","meta":{"spay_email":""},"product_cat":[180,170],"product_tag":[],"item":[1390],"acf":[],"_links":{"self":[{"href":"https:\/\/mgvpublications.com\/de\/wp-json\/wp\/v2\/product\/17674"}],"collection":[{"href":"https:\/\/mgvpublications.com\/de\/wp-json\/wp\/v2\/product"}],"about":[{"href":"https:\/\/mgvpublications.com\/de\/wp-json\/wp\/v2\/types\/product"}],"wp:featuredmedia":[{"embeddable":true,"href":"https:\/\/mgvpublications.com\/de\/wp-json\/wp\/v2\/media\/17675"}],"wp:attachment":[{"href":"https:\/\/mgvpublications.com\/de\/wp-json\/wp\/v2\/media?parent=17674"}],"wp:term":[{"taxonomy":"product_cat","embeddable":true,"href":"https:\/\/mgvpublications.com\/de\/wp-json\/wp\/v2\/product_cat?post=17674"},{"taxonomy":"product_tag","embeddable":true,"href":"https:\/\/mgvpublications.com\/de\/wp-json\/wp\/v2\/product_tag?post=17674"},{"taxonomy":"item","embeddable":true,"href":"https:\/\/mgvpublications.com\/de\/wp-json\/wp\/v2\/item?post=17674"}],"curies":[{"name":"wp","href":"https:\/\/api.w.org\/{rel}","templated":true}]}}