{"id":17670,"date":"2021-02-02T23:18:52","date_gmt":"2021-02-02T22:18:52","guid":{"rendered":"https:\/\/mgvpublications.com\/?post_type=product&#038;p=17670"},"modified":"2022-03-08T22:50:49","modified_gmt":"2022-03-08T21:50:49","slug":"ibnul-arabi","status":"publish","type":"product","link":"https:\/\/mgvpublications.com\/de\/ibnul-arabi\/","title":{"rendered":"\u0130bn\u00fc\u2019l Arabi"},"content":{"rendered":"<p>Yay\u0131n Tarihi: 02.12.2020<br \/>ISBN: 9786057948342<br \/>Dil: T\u00dcRK\u00c7E<br \/>Sayfa Say\u0131s\u0131: 248<br \/>Cilt Tipi: Karton Kapak<br \/>Ka\u011f\u0131t Cinsi: Kitap Ka\u011f\u0131d\u0131<br \/>Boyut: 13.5 x 21 cm<\/p>","protected":false},"excerpt":{"rendered":"<p>\u0130bn\u00fc\u2019l Arabi derki; harfler, y\u0131ld\u0131zlar ve say\u0131lar da bizler gibi bir kavimdir. Onlar\u0131n da se\u00e7ilmi\u015fleri vard\u0131r. \u0130\u015fte bu kitap o se\u00e7ilmi\u015flerin s\u0131rr\u0131n\u0131 a\u00e7an, en esrarl\u0131 isim olan \u0130bn\u00fc\u2019l Arabi\u2019nin hayat hik\u00e2yesini film tad\u0131nda anlatan ve anlat\u0131rken sizi, kendisine verilen heybetli ve s\u0131rl\u0131 ilimlerin d\u00fcnyas\u0131na b\u0131rakan bir gizem bar\u0131nd\u0131r\u0131yor. Bizzat kendi yazd\u0131\u011f\u0131 eserlerden faydalan\u0131larak haz\u0131rlanan bu kitap ile soluksuz bir yolculu\u011fa \u00e7\u0131kacaks\u0131n\u0131z. Onu takip ettik\u00e7e ruhlar\u0131n ve ger\u00e7ek ilmin boyutunu g\u00f6recek, s\u0131rlar\u0131n \u00f6z\u00fcne indik\u00e7e de bu ilahi ilmin derinli\u011finde \u0130bn\u00fc\u2019l Arabi\u2019nin y\u00fcz\u00fc\u015f\u00fcn\u00fc izleyeceksiniz. Onun da dedi\u011fi gibi; \u201cg\u00f6nl\u00fcm hi\u00e7bir k\u0131y\u0131s\u0131 olmayan co\u015fkun bir denizdi, orada b\u00fct\u00fcn ba\u015flan\u00adg\u0131\u00e7lar ve sonlar bo\u011fulmu\u015ftu.\u201d E\u011fer sende bu denizin i\u00e7inde nefes almaya haz\u0131rsan kitab\u0131n ilk sayfas\u0131n\u0131 a\u00e7man yeterli, zaten bir daha elinden b\u0131rakamayacaks\u0131n.<\/p>","protected":false},"featured_media":22020,"template":"","meta":{"spay_email":""},"product_cat":[174],"product_tag":[],"item":[1390],"acf":[],"_links":{"self":[{"href":"https:\/\/mgvpublications.com\/de\/wp-json\/wp\/v2\/product\/17670"}],"collection":[{"href":"https:\/\/mgvpublications.com\/de\/wp-json\/wp\/v2\/product"}],"about":[{"href":"https:\/\/mgvpublications.com\/de\/wp-json\/wp\/v2\/types\/product"}],"wp:featuredmedia":[{"embeddable":true,"href":"https:\/\/mgvpublications.com\/de\/wp-json\/wp\/v2\/media\/22020"}],"wp:attachment":[{"href":"https:\/\/mgvpublications.com\/de\/wp-json\/wp\/v2\/media?parent=17670"}],"wp:term":[{"taxonomy":"product_cat","embeddable":true,"href":"https:\/\/mgvpublications.com\/de\/wp-json\/wp\/v2\/product_cat?post=17670"},{"taxonomy":"product_tag","embeddable":true,"href":"https:\/\/mgvpublications.com\/de\/wp-json\/wp\/v2\/product_tag?post=17670"},{"taxonomy":"item","embeddable":true,"href":"https:\/\/mgvpublications.com\/de\/wp-json\/wp\/v2\/item?post=17670"}],"curies":[{"name":"wp","href":"https:\/\/api.w.org\/{rel}","templated":true}]}}