{"id":17662,"date":"2021-02-02T23:10:40","date_gmt":"2021-02-02T22:10:40","guid":{"rendered":"https:\/\/mgvpublications.com\/?post_type=product&#038;p=17662"},"modified":"2022-03-08T22:50:48","modified_gmt":"2022-03-08T21:50:48","slug":"ebeveynlik-tefekkurleri","status":"publish","type":"product","link":"https:\/\/mgvpublications.com\/de\/ebeveynlik-tefekkurleri\/","title":{"rendered":"Ebeveynlik Tefekk\u00fcrleri"},"content":{"rendered":"<div>Yay\u0131n Tarihi: 29.12.2020<\/div>\n<div>ISBN: 9786052297735<\/div>\n<div>Dil: T\u00dcRK\u00c7E<\/div>\n<div>Sayfa Say\u0131s\u0131: 160<\/div>\n<div>Cilt Tipi: Karton Kapak<\/div>\n<div>Ka\u011f\u0131t Cinsi: Kitap Ka\u011f\u0131d\u0131<\/div>\n<div>Boyut: 13.5 x 21 cm<\/div>","protected":false},"excerpt":{"rendered":"<p>Bu kitap, Kur\u2019an\u2019daki hikmet okyanusunu hayat\u0131na damla damla ak\u0131tmak isteyen bir hafize taraf\u0131ndan kaleme al\u0131nd\u0131. Yaradan perspektifinde iyi bir kul olmak, \u201ctam \u015fu an\u201dda ya\u015fad\u0131\u011f\u0131m\u0131z imtihan\u0131 kullu\u011fumuza yara\u015f\u0131r bir bi\u00e7imde a\u011f\u0131rlamaktan ge\u00e7iyor. Yazar\u0131n ki\u015fisel yolculu\u011funda bu hikmet okyanusu, ebeveynlik ser\u00fcvenine denk geliyor.<br \/>\n\u0130yi ile k\u00f6t\u00fcn\u00fcn anlam\u0131n\u0131 Kur\u2019an\u2019\u0131n ayetlerinde arayan bir hafize i\u00e7in, iyi bir ebeveyn olman\u0131n kar\u015f\u0131l\u0131\u011f\u0131, kuramc\u0131lar\u0131n hipotezlerinden \u00e7ok daha \u00f6tede, iyi bir kul olmaktan ge\u00e7iyordu. Art\u0131k, her ayetini ezberledi\u011fi Kur\u2019an\u2019\u0131n insana verdi\u011fi de\u011feri \u00f6z\u00fcmsemeden, ebeveynli\u011fin ehemmiyetini idrak edemeyece\u011fini biliyordu.<br \/>\nBu kitap, varmay\u0131 dert edinmeksizin, okyanusun bizatihi kendisine talip olmaya davet ediyor. Ancak dalmaktan korkmayanlar okyanusun kalbindeki incileri ke\u015ffedebilirler. Ge\u00e7mi\u015fin y\u00fcklerinden kurtulmak da gelece\u011fin kuruntular\u0131ndan s\u0131yr\u0131lmak da \u201can\u201d\u0131 tefekk\u00fcr etmekle m\u00fcmk\u00fcn. Ne ki, biz dalarken incilere de\u011fil, bu okyanusta tela\u015fs\u0131zca tefekk\u00fcr etmeye taliptik.<br \/>\ndevam\u0131n\u0131 oku<\/p>","protected":false},"featured_media":17663,"template":"","meta":{"spay_email":""},"product_cat":[216],"product_tag":[],"item":[1237],"acf":[],"_links":{"self":[{"href":"https:\/\/mgvpublications.com\/de\/wp-json\/wp\/v2\/product\/17662"}],"collection":[{"href":"https:\/\/mgvpublications.com\/de\/wp-json\/wp\/v2\/product"}],"about":[{"href":"https:\/\/mgvpublications.com\/de\/wp-json\/wp\/v2\/types\/product"}],"wp:featuredmedia":[{"embeddable":true,"href":"https:\/\/mgvpublications.com\/de\/wp-json\/wp\/v2\/media\/17663"}],"wp:attachment":[{"href":"https:\/\/mgvpublications.com\/de\/wp-json\/wp\/v2\/media?parent=17662"}],"wp:term":[{"taxonomy":"product_cat","embeddable":true,"href":"https:\/\/mgvpublications.com\/de\/wp-json\/wp\/v2\/product_cat?post=17662"},{"taxonomy":"product_tag","embeddable":true,"href":"https:\/\/mgvpublications.com\/de\/wp-json\/wp\/v2\/product_tag?post=17662"},{"taxonomy":"item","embeddable":true,"href":"https:\/\/mgvpublications.com\/de\/wp-json\/wp\/v2\/item?post=17662"}],"curies":[{"name":"wp","href":"https:\/\/api.w.org\/{rel}","templated":true}]}}