{"id":17660,"date":"2021-02-02T23:08:41","date_gmt":"2021-02-02T22:08:41","guid":{"rendered":"https:\/\/mgvpublications.com\/?post_type=product&#038;p=17660"},"modified":"2022-03-08T22:50:48","modified_gmt":"2022-03-08T21:50:48","slug":"cocuklar-ve-cicek-mezarliklari","status":"publish","type":"product","link":"https:\/\/mgvpublications.com\/de\/cocuklar-ve-cicek-mezarliklari\/","title":{"rendered":"\u00c7ocuklar ve \u00c7i\u00e7ek Mezarl\u0131klar\u0131"},"content":{"rendered":"<div>Yay\u0131n Tarihi: 28.11.2019<\/div>\n<div>ISBN: 9786052297551<\/div>\n<div>Dil: T\u00dcRK\u00c7E<\/div>\n<div>Sayfa Say\u0131s\u0131: 144<\/div>\n<div>Cilt Tipi: Karton Kapak<\/div>\n<div>Ka\u011f\u0131t Cinsi: Kitap Ka\u011f\u0131d\u0131<\/div>\n<div>Boyut: 13.5 x 21 cm<\/div>","protected":false},"excerpt":{"rendered":"<p>Kar\u015f\u0131n\u0131zdaki \u00e7ocuk; bir yaban mersini, papatya, g\u00fcnd\u00fczsefas\u0131, cennetku\u015fu \u00e7i\u00e7e\u011fi, gelincik, g\u00f6k sarma\u015f\u0131\u011f\u0131 ya da ye\u015fil kanatl\u0131 yabani orkide olabilir. Hepsinin farkl\u0131 ihtiya\u00e7lar\u0131, farkl\u0131 hassasiyetleri vard\u0131r. Onlardan reng\u00e2renk tarhlar yerine, kasvetli \u00e7i\u00e7ek mezarl\u0131klar\u0131 yaratmak istemiyorsan\u0131z ba\u015fkas\u0131n\u0131n \u00e7izdi\u011fi otoyollar\u0131, sizi gitmenizi istedikleri yerlere do\u011fru y\u00f6nlendiren i\u015faretleri, politize olmu\u015f d\u00fc\u015f\u00fcnce kal\u0131plar\u0131n\u0131, karmakar\u0131\u015f\u0131k \u00e7izgilerle dolu haritalar\u0131 ve bilindik yollardan gitme konforunu terk edin. \u00c7ocuklar\u0131n kendi yollar\u0131n\u0131 \u00e7izmelerine ve kendi ruhlar\u0131n\u0131 bulmalar\u0131na izin verin. G\u00f6lgesinde nefeslenece\u011finiz bir ulu \u00e7\u0131nar, bir y\u00f6nder, bir bilge bulun. Birbirinizle yapt\u0131\u011f\u0131n\u0131z iyi \u015feylerin ve g\u00fczelliklerin mayalar\u0131n\u0131 payla\u015f\u0131n, emanetler al\u0131n ve emanetler verin. Ezilmemi\u015f otlarla \u00f6rt\u00fcl\u00fc ye\u015fil bay\u0131rlara t\u0131rman\u0131n, ta\u015flar\u0131 kald\u0131r\u0131p altlar\u0131na bak\u0131n. M\u0131s\u0131r, pancar ya da pamuk tarlalar\u0131nda ba\u015f\u0131bo\u015f dola\u015f\u0131n. Kar\u015f\u0131la\u015ft\u0131\u011f\u0131n\u0131z \u0131ss\u0131z kul\u00fcbelerin kap\u0131lar\u0131n\u0131 t\u0131klat\u0131n. S\u00fck\u00fbtu sevin ve y\u00fcceltin. Sol yan\u0131n\u0131zda hi\u00e7 durmadan at\u0131p duran ve sesini size duyurmaya \u00e7al\u0131\u015fan o ritmi dinleyin.<\/p>\n<p>devam\u0131n\u0131 oku<\/p>","protected":false},"featured_media":17661,"template":"","meta":{"spay_email":""},"product_cat":[171],"product_tag":[],"item":[1237],"acf":[],"_links":{"self":[{"href":"https:\/\/mgvpublications.com\/de\/wp-json\/wp\/v2\/product\/17660"}],"collection":[{"href":"https:\/\/mgvpublications.com\/de\/wp-json\/wp\/v2\/product"}],"about":[{"href":"https:\/\/mgvpublications.com\/de\/wp-json\/wp\/v2\/types\/product"}],"wp:featuredmedia":[{"embeddable":true,"href":"https:\/\/mgvpublications.com\/de\/wp-json\/wp\/v2\/media\/17661"}],"wp:attachment":[{"href":"https:\/\/mgvpublications.com\/de\/wp-json\/wp\/v2\/media?parent=17660"}],"wp:term":[{"taxonomy":"product_cat","embeddable":true,"href":"https:\/\/mgvpublications.com\/de\/wp-json\/wp\/v2\/product_cat?post=17660"},{"taxonomy":"product_tag","embeddable":true,"href":"https:\/\/mgvpublications.com\/de\/wp-json\/wp\/v2\/product_tag?post=17660"},{"taxonomy":"item","embeddable":true,"href":"https:\/\/mgvpublications.com\/de\/wp-json\/wp\/v2\/item?post=17660"}],"curies":[{"name":"wp","href":"https:\/\/api.w.org\/{rel}","templated":true}]}}