{"id":17654,"date":"2021-02-02T22:59:10","date_gmt":"2021-02-02T21:59:10","guid":{"rendered":"https:\/\/mgvpublications.com\/?post_type=product&#038;p=17654"},"modified":"2022-03-08T22:50:46","modified_gmt":"2022-03-08T21:50:46","slug":"kim-oldurdu-icindeki-ogrenme-askini","status":"publish","type":"product","link":"https:\/\/mgvpublications.com\/de\/kim-oldurdu-icindeki-ogrenme-askini\/","title":{"rendered":"Kim \u00d6ld\u00fcrd\u00fc \u0130\u00e7indeki \u00d6\u011frenme A\u015fk\u0131n\u0131 ?"},"content":{"rendered":"<div>Yay\u0131n Tarihi: 03.06.2020<\/div>\n<div>ISBN: 9786052297728<\/div>\n<div>Dil: T\u00dcRK\u00c7E<\/div>\n<div>Sayfa Say\u0131s\u0131: 264<\/div>\n<div>Cilt Tipi: Karton Kapak<\/div>\n<div>Ka\u011f\u0131t Cinsi: Kitap Ka\u011f\u0131d\u0131<\/div>\n<div>Boyut: 13.5 x 21 cm<\/div>","protected":false},"excerpt":{"rendered":"<p>Dil \u00f6\u011frenmek yaln\u0131zca bir dili konu\u015fmak de\u011fildir. \u00d6nce kendinle olan ileti\u015fim dilini ke\u015ffetmektir. B\u00fct\u00fcn \u00f6\u011frenmelerin ayn\u0131 a\u015famalardan ge\u00e7ti\u011fini g\u00f6rmektir.<br \/>\nBu kitap bir yabanc\u0131 dili \u00f6\u011frenir gibi yeni bir sevgi dilini de, merhamet dilini de, ileti\u015fim dilini de \u00f6\u011frenebilece\u011fimizi g\u00f6stermek i\u00e7in yaz\u0131ld\u0131.<br \/>\nHer \u015feyi her ya\u015fta \u00f6\u011frenmek m\u00fcmk\u00fcn. Yeter ki i\u00e7imizdeki \u00f6\u011frenme a\u015fk\u0131 bitmesin. Kendimize koydu\u011fumuz setleri a\u015fam\u0131yorken, bahanelerimizden da\u011flar olu\u015fmu\u015fken ihtiyac\u0131m\u0131z olan \u015fey yapabilece\u011fimizi hat\u0131rlatan bir dost s\u0131cakl\u0131\u011f\u0131.<br \/>\nSizde merak ve \u00f6\u011frenme a\u015fk\u0131 varsa, gerisini de biz yazd\u0131k. \u0130\u00e7inizdeki setleri k\u0131r\u0131n, da\u011flar\u0131 a\u015f\u0131n diye..<br \/>\ndevam\u0131n\u0131 oku<\/p>","protected":false},"featured_media":17655,"template":"","meta":{"spay_email":""},"product_cat":[216],"product_tag":[],"item":[1237],"acf":[],"_links":{"self":[{"href":"https:\/\/mgvpublications.com\/de\/wp-json\/wp\/v2\/product\/17654"}],"collection":[{"href":"https:\/\/mgvpublications.com\/de\/wp-json\/wp\/v2\/product"}],"about":[{"href":"https:\/\/mgvpublications.com\/de\/wp-json\/wp\/v2\/types\/product"}],"wp:featuredmedia":[{"embeddable":true,"href":"https:\/\/mgvpublications.com\/de\/wp-json\/wp\/v2\/media\/17655"}],"wp:attachment":[{"href":"https:\/\/mgvpublications.com\/de\/wp-json\/wp\/v2\/media?parent=17654"}],"wp:term":[{"taxonomy":"product_cat","embeddable":true,"href":"https:\/\/mgvpublications.com\/de\/wp-json\/wp\/v2\/product_cat?post=17654"},{"taxonomy":"product_tag","embeddable":true,"href":"https:\/\/mgvpublications.com\/de\/wp-json\/wp\/v2\/product_tag?post=17654"},{"taxonomy":"item","embeddable":true,"href":"https:\/\/mgvpublications.com\/de\/wp-json\/wp\/v2\/item?post=17654"}],"curies":[{"name":"wp","href":"https:\/\/api.w.org\/{rel}","templated":true}]}}