{"id":17652,"date":"2021-02-02T22:57:38","date_gmt":"2021-02-02T21:57:38","guid":{"rendered":"https:\/\/mgvpublications.com\/?post_type=product&#038;p=17652"},"modified":"2022-03-08T22:50:46","modified_gmt":"2022-03-08T21:50:46","slug":"mukemmel-annenin-el-kitabi","status":"publish","type":"product","link":"https:\/\/mgvpublications.com\/de\/mukemmel-annenin-el-kitabi\/","title":{"rendered":"M\u00fckemmel Annenin El Kitab\u0131"},"content":{"rendered":"<div>Yay\u0131n Tarihi: 14.12.2020<\/div>\n<div>ISBN: 9786052297353<\/div>\n<div>Dil: T\u00dcRK\u00c7E<\/div>\n<div>Sayfa Say\u0131s\u0131: 200<\/div>\n<div>Cilt Tipi: Karton Kapak<\/div>\n<div>Ka\u011f\u0131t Cinsi: Kitap Ka\u011f\u0131d\u0131<\/div>\n<div>Boyut: 13.5 x 21 cm<\/div>","protected":false},"excerpt":{"rendered":"<p>\u201cG\u00fcnd\u00fcz ne zaman b\u00fcy\u00fcyecekler,<br \/>\nGece ne \u00e7abuk b\u00fcy\u00fcd\u00fcler diye a\u011flayan t\u00fcm annelere..\u201d<br \/>\nArka Kapak Yaz\u0131s\u0131 :<br \/>\nM\u00fckemmel anne olmay\u0131 hedefleyenlere,<br \/>\nM\u00fckemmel anneli\u011fi \u0131skalayanlara,<br \/>\nYeni do\u011fum yapanlara,<br \/>\nPlanlad\u0131\u011f\u0131 gibi do\u011furamayanlara,<br \/>\nS\u00fct\u00fc olup emziremeyenlere,<br \/>\nEmzirip s\u00fct\u00fc gelmeyenlere,<br \/>\nVicdan azab\u0131ndan uyuyamayanlara,<br \/>\nGece boyu n\u00f6bet tutanlara,<br \/>\nAya\u011f\u0131nda sallayarak uyutanlara,<br \/>\n\u0130ki ka\u015f\u0131k yedirmek i\u00e7in k\u0131rk takla atanlara,<br \/>\nLohusa topuzu ile ya\u015fayanlara,<br \/>\nBirlikte b\u00fcy\u00fcs\u00fcnler diye ikinciyi d\u00fc\u015f\u00fcnenlere,<br \/>\nSonra birlikte delirenlere,<br \/>\nYard\u0131ms\u0131z \u00e7ocuk b\u00fcy\u00fctenlere,<br \/>\nD\u0131\u015far\u0131da \u00e7al\u0131\u015fanlara,<br \/>\nEvde \u00e7al\u0131\u015fanlara,<br \/>\n\u00dc\u00e7 saatlik uykuyla d\u00fcnyay\u0131 kurtaranlara,<br \/>\nPes edenlere,<br \/>\nG\u00fclenlere,<br \/>\nA\u011flayanlara,<br \/>\nG\u00fcnd\u00fcz ne zaman b\u00fcy\u00fcyecekler,<br \/>\nGece ne \u00e7abuk b\u00fcy\u00fcd\u00fcler diye a\u011flayan t\u00fcm annelere\u2026<br \/>\n\u201cHepsi ge\u00e7ecek\u2026\u201d<br \/>\ndevam\u0131n\u0131 oku<\/p>","protected":false},"featured_media":17653,"template":"","meta":{"spay_email":""},"product_cat":[216],"product_tag":[],"item":[1237],"acf":[],"_links":{"self":[{"href":"https:\/\/mgvpublications.com\/de\/wp-json\/wp\/v2\/product\/17652"}],"collection":[{"href":"https:\/\/mgvpublications.com\/de\/wp-json\/wp\/v2\/product"}],"about":[{"href":"https:\/\/mgvpublications.com\/de\/wp-json\/wp\/v2\/types\/product"}],"wp:featuredmedia":[{"embeddable":true,"href":"https:\/\/mgvpublications.com\/de\/wp-json\/wp\/v2\/media\/17653"}],"wp:attachment":[{"href":"https:\/\/mgvpublications.com\/de\/wp-json\/wp\/v2\/media?parent=17652"}],"wp:term":[{"taxonomy":"product_cat","embeddable":true,"href":"https:\/\/mgvpublications.com\/de\/wp-json\/wp\/v2\/product_cat?post=17652"},{"taxonomy":"product_tag","embeddable":true,"href":"https:\/\/mgvpublications.com\/de\/wp-json\/wp\/v2\/product_tag?post=17652"},{"taxonomy":"item","embeddable":true,"href":"https:\/\/mgvpublications.com\/de\/wp-json\/wp\/v2\/item?post=17652"}],"curies":[{"name":"wp","href":"https:\/\/api.w.org\/{rel}","templated":true}]}}