{"id":17650,"date":"2021-02-02T22:55:42","date_gmt":"2021-02-02T21:55:42","guid":{"rendered":"https:\/\/mgvpublications.com\/?post_type=product&#038;p=17650"},"modified":"2022-03-08T22:50:46","modified_gmt":"2022-03-08T21:50:46","slug":"acemi-yetiskinler-guclu-cocuklar","status":"publish","type":"product","link":"https:\/\/mgvpublications.com\/de\/acemi-yetiskinler-guclu-cocuklar\/","title":{"rendered":"Acemi Yeti\u015fkinler G\u00fc\u00e7l\u00fc \u00c7ocuklar"},"content":{"rendered":"<div>Yay\u0131n Tarihi: 17.08.2019<\/div>\n<div>ISBN: 9786052297346<\/div>\n<div>Dil: T\u00dcRK\u00c7E<\/div>\n<div>Sayfa Say\u0131s\u0131: 120<\/div>\n<div>Cilt Tipi: Karton Kapak<\/div>\n<div>Ka\u011f\u0131t Cinsi: Kitap Ka\u011f\u0131d\u0131<\/div>\n<div>Boyut: 13.5 x 21 cm<\/div>","protected":false},"excerpt":{"rendered":"<p>&#8220;\u00c7ocu\u011fum \u00e7ok huysuz, s\u00fcrekli h\u0131r\u00e7\u0131n davran\u0131yor.&#8221;<br \/>\n\u201cEvlatlar\u0131m beni hi\u00e7 dinlemiyor, dediklerimi yapm\u0131yor.\u201d<br \/>\n\u201cBu k\u0131z hi\u00e7 ders \u00e7al\u0131\u015fm\u0131yor.&#8221;<br \/>\n\u201cO\u011flum ergenlik d\u00f6nemine girdi, hi\u00e7 anla\u015fam\u0131yoruz.&#8221;<br \/>\n\u201c\u0130\u015ften g\u00fc\u00e7ten \u00e7ok bunald\u0131m, neyi \u00f6nceleyece\u011fimi bilemiyorum.\u201d<br \/>\nBu c\u00fcmleler size de \u00e7ok tan\u0131d\u0131k geliyor mu? O zaman do\u011fru yerdesiniz! Haydi, bunlara hep birlikte \u00e7\u00f6z\u00fcmler arayal\u0131m m\u0131?<br \/>\nKapa\u011f\u0131 \u00e7evirdi\u011finizde ya\u015fad\u0131\u011f\u0131n\u0131z zorluklar konusunda yaln\u0131z olmad\u0131\u011f\u0131n\u0131z\u0131 g\u00f6receksiniz ve fark edeceksiniz ki baz\u0131 sorunlar\u0131n \u00e7\u00f6z\u00fcmleri ne kadar da kolaym\u0131\u015f.<br \/>\nDerdimiz ne b\u00fcy\u00fcklere gereksiz y\u00fckler y\u00fcklemek ne de k\u00fc\u00e7\u00fckleri fazlaca y\u00fcceltmek. Derdimiz insan\u0131, beni, seni ve bizi anlama \u00e7abas\u0131\u2026<br \/>\nAile dan\u0131\u015fman\u0131 Gonca An\u0131l\u2019\u0131n uzmanl\u0131k taslamayan samimi \u00fcslubuyla ele ald\u0131\u011f\u0131 duygular\u0131n renkli, keyifli ve bir o kadar da sars\u0131c\u0131 d\u00fcnyas\u0131na ho\u015f geldiniz.<br \/>\ndevam\u0131n\u0131 oku<\/p>","protected":false},"featured_media":17651,"template":"","meta":{"spay_email":""},"product_cat":[216],"product_tag":[],"item":[1237],"acf":[],"_links":{"self":[{"href":"https:\/\/mgvpublications.com\/de\/wp-json\/wp\/v2\/product\/17650"}],"collection":[{"href":"https:\/\/mgvpublications.com\/de\/wp-json\/wp\/v2\/product"}],"about":[{"href":"https:\/\/mgvpublications.com\/de\/wp-json\/wp\/v2\/types\/product"}],"wp:featuredmedia":[{"embeddable":true,"href":"https:\/\/mgvpublications.com\/de\/wp-json\/wp\/v2\/media\/17651"}],"wp:attachment":[{"href":"https:\/\/mgvpublications.com\/de\/wp-json\/wp\/v2\/media?parent=17650"}],"wp:term":[{"taxonomy":"product_cat","embeddable":true,"href":"https:\/\/mgvpublications.com\/de\/wp-json\/wp\/v2\/product_cat?post=17650"},{"taxonomy":"product_tag","embeddable":true,"href":"https:\/\/mgvpublications.com\/de\/wp-json\/wp\/v2\/product_tag?post=17650"},{"taxonomy":"item","embeddable":true,"href":"https:\/\/mgvpublications.com\/de\/wp-json\/wp\/v2\/item?post=17650"}],"curies":[{"name":"wp","href":"https:\/\/api.w.org\/{rel}","templated":true}]}}