{"id":17648,"date":"2021-02-02T22:52:22","date_gmt":"2021-02-02T21:52:22","guid":{"rendered":"https:\/\/mgvpublications.com\/?post_type=product&#038;p=17648"},"modified":"2022-03-08T22:50:46","modified_gmt":"2022-03-08T21:50:46","slug":"hayatin-tekrari-yok-2","status":"publish","type":"product","link":"https:\/\/mgvpublications.com\/de\/hayatin-tekrari-yok-2\/","title":{"rendered":"Hayat\u0131n Tekrar\u0131 Yok"},"content":{"rendered":"<p>Yay\u0131n Tarihi: 01.03.2019<br \/>ISBN: 9789751967091<br \/>Dil: T\u00dcRK\u00c7E<br \/>Sayfa Say\u0131s\u0131: 411<br \/>Cilt Tipi: Karton Kapak<br \/>Ka\u011f\u0131t Cinsi: Kitap Ka\u011f\u0131d\u0131<br \/>Boyut: 13.5 x 21 cm<\/p>","protected":false},"excerpt":{"rendered":"<p>Eksikli\u011fimizi g\u00f6rebilmek, yanl\u0131\u015flar\u0131m\u0131zdan d\u00f6nebilmek, hatalar\u0131m\u0131z\u0131n fark\u0131na var\u0131p \u00f6z\u00fcr dilemeyi becerebilmek bu kadar zor mu? Ya \u00f6z\u00fcr dileyeni affetmek, pi\u015fmanl\u0131\u011f\u0131na inanmak, de\u011fi\u015fmesine yard\u0131mc\u0131 olmak daha m\u0131 zor ilkinden? Hayat\u0131n r\u00f6van\u015f\u0131 olmad\u0131\u011f\u0131na g\u00f6re ger\u00e7ekten yaz\u0131k oluyor sevmeyi ve sevilmeyi tadamadan, kah\u0131rla, adavetle ge\u00e7en \u00f6m\u00fcrlere &#8230;<\/p>","protected":false},"featured_media":19655,"template":"","meta":{"spay_email":""},"product_cat":[168],"product_tag":[],"item":[767],"acf":[],"_links":{"self":[{"href":"https:\/\/mgvpublications.com\/de\/wp-json\/wp\/v2\/product\/17648"}],"collection":[{"href":"https:\/\/mgvpublications.com\/de\/wp-json\/wp\/v2\/product"}],"about":[{"href":"https:\/\/mgvpublications.com\/de\/wp-json\/wp\/v2\/types\/product"}],"wp:featuredmedia":[{"embeddable":true,"href":"https:\/\/mgvpublications.com\/de\/wp-json\/wp\/v2\/media\/19655"}],"wp:attachment":[{"href":"https:\/\/mgvpublications.com\/de\/wp-json\/wp\/v2\/media?parent=17648"}],"wp:term":[{"taxonomy":"product_cat","embeddable":true,"href":"https:\/\/mgvpublications.com\/de\/wp-json\/wp\/v2\/product_cat?post=17648"},{"taxonomy":"product_tag","embeddable":true,"href":"https:\/\/mgvpublications.com\/de\/wp-json\/wp\/v2\/product_tag?post=17648"},{"taxonomy":"item","embeddable":true,"href":"https:\/\/mgvpublications.com\/de\/wp-json\/wp\/v2\/item?post=17648"}],"curies":[{"name":"wp","href":"https:\/\/api.w.org\/{rel}","templated":true}]}}