{"id":17646,"date":"2021-02-02T22:49:49","date_gmt":"2021-02-02T21:49:49","guid":{"rendered":"https:\/\/mgvpublications.com\/?post_type=product&#038;p=17646"},"modified":"2022-03-08T22:50:46","modified_gmt":"2022-03-08T21:50:46","slug":"gelin-taci-nefisle-mucadelenin-ilaci","status":"publish","type":"product","link":"https:\/\/mgvpublications.com\/de\/gelin-taci-nefisle-mucadelenin-ilaci\/","title":{"rendered":"Gelin Tac\u0131 Nefisle M\u00fccadelenin \u0130lac\u0131"},"content":{"rendered":"<div>\u00c7evirmen: Cemal Ayd\u0131n<\/div>\n<div>Yay\u0131n Tarihi: 07.05.2020<\/div>\n<div>Orijinal Ad\u0131: T\u00e2c\u00fc&#8217;l-ar\u00fbs el-h\u00e2v\u00ee li-tezh\u00eebi&#8217;n-n\u00fcfus<\/div>\n<div>ISBN: 9786059778886<\/div>\n<div>Dil: T\u00dcRK\u00c7E<\/div>\n<div>Sayfa Say\u0131s\u0131: 112<\/div>\n<div>Cilt Tipi: Karton Kapak<\/div>\n<div>Ka\u011f\u0131t Cinsi: Kitap Ka\u011f\u0131d\u0131<\/div>\n<div>Boyut: 13.5 x 21 cm<\/div>","protected":false},"excerpt":{"rendered":"<p>Bu kitap, Allah&#8217;a hakk\u0131yla kulluk edebilmenin yol ve \u00e7arelerini g\u00f6steren en \u00f6zl\u00fc tasavvuf eserlerinden biridir.<br \/>\nBat\u0131 dilleri d\u00e2hil pek \u00e7ok dile \u00e7evrilen bu de\u011ferli eser, kalbi Allah&#8217;a ba\u011flamak ve O&#8217;nun r\u0131zas\u0131n\u0131 kazanmak i\u00e7in neler yap\u0131lmas\u0131 gerekti\u011fini ikna edici bir dille anlat\u0131r. \u0130nsano\u011flunu kendi nefsinin nas\u0131l aldat\u0131p kand\u0131rd\u0131\u011f\u0131n\u0131 ve onun bu aldat\u0131\u015flar\u0131ndan kurtulmak i\u00e7in ne yapmak gerekti\u011fini misallerle \u00f6\u011fretir.<br \/>\n\u0130bn At\u00e2ullah el-\u0130skender\u00ee tasavvufa sonradan girdi\u011fi i\u00e7in, tasavvufa yabanc\u0131 insanlara nas\u0131l yakla\u015fmak ve onlar\u0131n y\u00f6n\u00fcn\u00fc Allah&#8217;a tam olarak nas\u0131l \u00e7evirmek gerekti\u011fini \u00e7ok iyi bilir. O y\u00fczden de \u00f6\u011f\u00fctleri, havada kalan s\u00f6zler de\u011fil, insan\u0131n i\u00e7ine i\u015fleyen, kalbine dokunan nasihatlerdir.<br \/>\nBu eseri okuyan ki\u015fi, kendisini ger\u00e7ek bir \u015feyhin, bir m\u00fcr\u015fid-i k\u00e2milin kar\u015f\u0131s\u0131ndaym\u0131\u015f gibi hisseder. E\u011fer Allah yolunda y\u00fcr\u00fcmek istiyorsa, bu kitap ona o yolu b\u00fct\u00fcn y\u00f6nleriyle a\u00e7ar. Kendisine hem d\u00fcnyas\u0131n\u0131 hem de \u00e2hiretini g\u00fczelle\u015ftirecek re\u00e7eteler sunar.<br \/>\ndevam\u0131n\u0131 oku<\/p>","protected":false},"featured_media":17647,"template":"","meta":{"spay_email":""},"product_cat":[168],"product_tag":[],"item":[767],"acf":[],"_links":{"self":[{"href":"https:\/\/mgvpublications.com\/de\/wp-json\/wp\/v2\/product\/17646"}],"collection":[{"href":"https:\/\/mgvpublications.com\/de\/wp-json\/wp\/v2\/product"}],"about":[{"href":"https:\/\/mgvpublications.com\/de\/wp-json\/wp\/v2\/types\/product"}],"wp:featuredmedia":[{"embeddable":true,"href":"https:\/\/mgvpublications.com\/de\/wp-json\/wp\/v2\/media\/17647"}],"wp:attachment":[{"href":"https:\/\/mgvpublications.com\/de\/wp-json\/wp\/v2\/media?parent=17646"}],"wp:term":[{"taxonomy":"product_cat","embeddable":true,"href":"https:\/\/mgvpublications.com\/de\/wp-json\/wp\/v2\/product_cat?post=17646"},{"taxonomy":"product_tag","embeddable":true,"href":"https:\/\/mgvpublications.com\/de\/wp-json\/wp\/v2\/product_tag?post=17646"},{"taxonomy":"item","embeddable":true,"href":"https:\/\/mgvpublications.com\/de\/wp-json\/wp\/v2\/item?post=17646"}],"curies":[{"name":"wp","href":"https:\/\/api.w.org\/{rel}","templated":true}]}}