{"id":17644,"date":"2021-02-02T22:48:15","date_gmt":"2021-02-02T21:48:15","guid":{"rendered":"https:\/\/mgvpublications.com\/?post_type=product&#038;p=17644"},"modified":"2022-08-11T15:47:21","modified_gmt":"2022-08-11T13:47:21","slug":"ruhun-hastaliklari-ve-careleri-sufi-psikolojisi-el-kitabi","status":"publish","type":"product","link":"https:\/\/mgvpublications.com\/de\/ruhun-hastaliklari-ve-careleri-sufi-psikolojisi-el-kitabi\/","title":{"rendered":"Ruhun Hastal\u0131klar\u0131 ve \u00c7areleri Sufi Psikolojisi El Kitab\u0131"},"content":{"rendered":"<div>\u00c7evirmen: Cemal Ayd\u0131n<\/div>\n<div>Yay\u0131n Tarihi: 14.10.2019<\/div>\n<div>ISBN: 9786059778893<\/div>\n<div>Dil: T\u00dcRK\u00c7E<\/div>\n<div>Sayfa Say\u0131s\u0131: 120<\/div>\n<div>Cilt Tipi: Karton Kapak<\/div>\n<div>Ka\u011f\u0131t Cinsi: Kitap Ka\u011f\u0131d\u0131<\/div>\n<div>Boyut: 13.5 x 21 cm<\/div>","protected":false},"excerpt":{"rendered":"<p>Ruhlar\u0131 Ar\u0131nd\u0131ran Eser<\/p>\n<p>Bir m\u00fcminin bu d\u00fcnyadaki huzuru ve \u00f6te \u00e2lemdeki sonsuz saadeti, dupduru bir g\u00f6nle, yat\u0131\u015fm\u0131\u015f bir kalbe ve dingin bir ruha sahip olup olmamas\u0131na ba\u011fl\u0131d\u0131r.<\/p>\n<p>Bir bak\u0131ma uygulamal\u0131 psikoloji el kitab\u0131 niteli\u011findeki bu eseri yazar, inananlar her iki d\u00fcnyada da ger\u00e7ek anlamda mutlu olsunlar diye kaleme alm\u0131\u015ft\u0131r.<\/p>\n<p>Efendimiz aleyhissel\u00e2m\u0131n &#8220;Kendini bilen Rabbini bilir!&#8221; s\u00f6z\u00fcnden yola \u00e7\u0131kan kitap, kendini ger\u00e7ekten bilmek isteyene, insan\u0131n ruh h\u00e2llerini b\u00fct\u00fcn y\u00f6nleriyle g\u00f6steriyor. \u0130nsana berrak bir ruh aynas\u0131 tutuyor. Ki\u015finin benli\u011fini, egosunu, nefsinin dalgalanmalar\u0131n\u0131 b\u00fct\u00fcn \u00e7\u0131plakl\u0131\u011f\u0131yla g\u00f6zlerinin \u00f6n\u00fcne seriyor.<\/p>\n<p>Ve yazar, ki\u015finin sadece ruhsal hastal\u0131klar\u0131n\u0131 g\u00f6stermekle kalm\u0131yor, her iki cihanda dingin bir hayat\u0131 olsun isteyenlere, uygulamas\u0131 \u00e7ok kolay re\u00e7eteler de sunuyor.<\/p>\n<p>Bu esere imza atan ve 10. y\u00fczy\u0131lda ya\u015fam\u0131\u015f olan S\u00fclem\u00ee hazretleri, maneviyat \u00e2leminin Ku\u015feyr\u00ee gibi devlerini yeti\u015ftirmi\u015f se\u00e7kin bir \u00e2lim ve m\u00fcr\u015fiddir.<br \/>\ndevam\u0131n\u0131 oku<\/p>","protected":false},"featured_media":17645,"template":"","meta":{"spay_email":""},"product_cat":[174],"product_tag":[],"item":[767],"acf":[],"_links":{"self":[{"href":"https:\/\/mgvpublications.com\/de\/wp-json\/wp\/v2\/product\/17644"}],"collection":[{"href":"https:\/\/mgvpublications.com\/de\/wp-json\/wp\/v2\/product"}],"about":[{"href":"https:\/\/mgvpublications.com\/de\/wp-json\/wp\/v2\/types\/product"}],"wp:featuredmedia":[{"embeddable":true,"href":"https:\/\/mgvpublications.com\/de\/wp-json\/wp\/v2\/media\/17645"}],"wp:attachment":[{"href":"https:\/\/mgvpublications.com\/de\/wp-json\/wp\/v2\/media?parent=17644"}],"wp:term":[{"taxonomy":"product_cat","embeddable":true,"href":"https:\/\/mgvpublications.com\/de\/wp-json\/wp\/v2\/product_cat?post=17644"},{"taxonomy":"product_tag","embeddable":true,"href":"https:\/\/mgvpublications.com\/de\/wp-json\/wp\/v2\/product_tag?post=17644"},{"taxonomy":"item","embeddable":true,"href":"https:\/\/mgvpublications.com\/de\/wp-json\/wp\/v2\/item?post=17644"}],"curies":[{"name":"wp","href":"https:\/\/api.w.org\/{rel}","templated":true}]}}