{"id":17642,"date":"2021-02-02T22:46:26","date_gmt":"2021-02-02T21:46:26","guid":{"rendered":"https:\/\/mgvpublications.com\/?post_type=product&#038;p=17642"},"modified":"2022-03-08T22:50:45","modified_gmt":"2022-03-08T21:50:45","slug":"erdemli-insanin-yol-haritasi","status":"publish","type":"product","link":"https:\/\/mgvpublications.com\/de\/erdemli-insanin-yol-haritasi\/","title":{"rendered":"Erdemli \u0130nsan\u0131n Yol Haritas\u0131"},"content":{"rendered":"<p>\u00c7evirmen: Cemal Ayd\u0131n<br \/>Yay\u0131n Tarihi: 05.02.2019<br \/>ISBN: 9786059778855<br \/>Dil: T\u00dcRK\u00c7E<br \/>Sayfa Say\u0131s\u0131: 128<br \/>Cilt Tipi: Karton Kapak<br \/>Ka\u011f\u0131t Cinsi: Kitap Ka\u011f\u0131d\u0131<br \/>Boyut: 13.5 x 21 cm<\/p>","protected":false},"excerpt":{"rendered":"<p>\u00dclkemizde daha ziyade G\u00fcvercin Gerdanl\u0131\u011f\u0131 kitab\u0131yla tan\u0131nan ve bilinen \u0130bn Hazm, Erdemli \u0130nsan\u0131n Yol Haritas\u0131&#8217;nda gencinden ya\u015fl\u0131s\u0131na, \u00f6\u011frencisinden \u00f6\u011fretmenine kadar herkesin ve her kesimin dikkate almas\u0131 ve uygulamas\u0131 gereken \u00f6\u011f\u00fctlerde bulunuyor. \u0130bn Hazm, End\u00fcl\u00fcs\u2019te devletin karar merkezinde bir bakan\u0131n o\u011fluyken, i\u00e7 sava\u015fta t\u00fcm varl\u0131\u011f\u0131n\u0131 ve mevkiini kaybetmi\u015f, yoksullu\u011fa d\u00fc\u015fm\u00fc\u015f, \u00fclkesini terk etmek zorunda kalm\u0131\u015f, \u00e7ok \u00e7ile \u00e7ekmi\u015f bir ilim adam\u0131d\u0131r. Onun i\u00e7in bu kitaptaki tespitler ve nasihatler, bire bir ya\u015fanm\u0131\u015fl\u0131klara, ispatlanm\u0131\u015f bilgi ve belgelere dayan\u0131yor: Kendi eksikliklerini ba\u015fkalar\u0131ndan daha iyi g\u00f6r\u00fcp bilene ne mutlu! Senin kusurlar\u0131n\u0131 senin y\u00fcz\u00fcne vuran ki\u015fi, seninle dostlu\u011funu devam ettirmek isteyendir. \u015e\u00f6hret olma arzusu, kesinlikle yersiz ve yarars\u0131z bir arzudur. Bunun yerine ak\u0131ll\u0131 ki\u015fi, sadece erdemlerini, ibadet ve g\u00fczel davran\u0131\u015flar\u0131n\u0131 art\u0131rmaya \u00f6zlem duymal\u0131d\u0131r. \u00c7\u00fcnk\u00fc bunu yapan kimse g\u00fczel bir adla, m\u00fckemmel bir \u00f6vg\u00fcyle, tam bir iyilikle ve sayg\u0131n \u00f6zellikleriyle an\u0131lmay\u0131 hak eder. Dahas\u0131 bunlar onu Yaradan\u0131na yakla\u015ft\u0131r\u0131r ve Rabbinin kat\u0131nda an\u0131lmak gibi e\u015fsiz bir \u015fan ve \u015f\u00f6hret kazanmas\u0131n\u0131 sa\u011flar. B\u00f6ylece de nam\u0131 ve \u015fan\u0131 sonsuza dek s\u00fcrer gider.<\/p>","protected":false},"featured_media":19649,"template":"","meta":{"spay_email":""},"product_cat":[174],"product_tag":[],"item":[767],"acf":[],"_links":{"self":[{"href":"https:\/\/mgvpublications.com\/de\/wp-json\/wp\/v2\/product\/17642"}],"collection":[{"href":"https:\/\/mgvpublications.com\/de\/wp-json\/wp\/v2\/product"}],"about":[{"href":"https:\/\/mgvpublications.com\/de\/wp-json\/wp\/v2\/types\/product"}],"wp:featuredmedia":[{"embeddable":true,"href":"https:\/\/mgvpublications.com\/de\/wp-json\/wp\/v2\/media\/19649"}],"wp:attachment":[{"href":"https:\/\/mgvpublications.com\/de\/wp-json\/wp\/v2\/media?parent=17642"}],"wp:term":[{"taxonomy":"product_cat","embeddable":true,"href":"https:\/\/mgvpublications.com\/de\/wp-json\/wp\/v2\/product_cat?post=17642"},{"taxonomy":"product_tag","embeddable":true,"href":"https:\/\/mgvpublications.com\/de\/wp-json\/wp\/v2\/product_tag?post=17642"},{"taxonomy":"item","embeddable":true,"href":"https:\/\/mgvpublications.com\/de\/wp-json\/wp\/v2\/item?post=17642"}],"curies":[{"name":"wp","href":"https:\/\/api.w.org\/{rel}","templated":true}]}}