{"id":17640,"date":"2021-02-02T22:44:47","date_gmt":"2021-02-02T21:44:47","guid":{"rendered":"https:\/\/mgvpublications.com\/?post_type=product&#038;p=17640"},"modified":"2022-03-08T22:50:45","modified_gmt":"2022-03-08T21:50:45","slug":"sufilerin-edepleri","status":"publish","type":"product","link":"https:\/\/mgvpublications.com\/de\/sufilerin-edepleri\/","title":{"rendered":"Sufilerin Edepleri"},"content":{"rendered":"<div>Yay\u0131n Tarihi: 13.05.2020<\/div>\n<div>ISBN: 9786257949101<\/div>\n<div>Dil: T\u00dcRK\u00c7E<\/div>\n<div>Sayfa Say\u0131s\u0131: 128<\/div>\n<div>Cilt Tipi: Karton Kapak<\/div>\n<div>Ka\u011f\u0131t Cinsi: Kitap Ka\u011f\u0131d\u0131<\/div>\n<div>Boyut: 13.5 x 21 cm<\/div>","protected":false},"excerpt":{"rendered":"<p>Bu kitap, d\u00fcnyada huzur i\u00e7inde ya\u015faman\u0131n ve \u00f6l\u00fcm korkusunu \u00fczerinden atman\u0131n alt\u0131n anahtarlar\u0131n\u0131 veren e\u015fsiz bir eserdir.<br \/>\nPeygamberimiz aleyhissel\u00e2m buyurdular: \u201cBir kimse, ibadet etmemesine ra\u011fmen, g\u00fczel ahl\u00e2k\u0131 sayesinde cennette en \u00fcst derecelere eri\u015fir. Durmadan ibadet eden kimse de, s\u0131rf k\u00f6t\u00fc ahl\u00e2k\u0131 y\u00fcz\u00fcnden cehennemin dibini boylar.\u201d<br \/>\nBir s\u00fbf\u00eeye g\u00f6re g\u00fczel ahl\u00e2k: \u201cHem insanlara eziyet etmemek, hem de eziyetlerine katlanmakt\u0131r.\u201d<br \/>\nEbubekir el-Kett\u00e2n\u00ee: \u201cBir m\u00fcminin g\u00f6nl\u00fcn\u00fc ho\u015f etmem, bana kabul edilmi\u015f bir hacdan daha sevimli gelir.\u201d<br \/>\nEbu Osman: \u201cY\u00fcce g\u00f6n\u00fcll\u00fc \u00f6z\u00fcr diler, a\u015fa\u011f\u0131l\u0131k kimse ise b\u00f6b\u00fcrlenir.\u201d<br \/>\nS\u00fclem\u00ee\u2019ye g\u00f6re s\u00fbf\u00eelerin ahl\u00e2k\u0131: Yumu\u015fak huyluluk, al\u00e7ak g\u00f6n\u00fcll\u00fcl\u00fck, c\u00f6mertlik, d\u00fcnyaya g\u00f6n\u00fcl ba\u011flamamak, dost ve ahbab\u0131na edepte \u00f6rnek olmak, insanlar\u0131n erdemlerini, kendisininse kusurlar\u0131n\u0131 g\u00f6rmek, herkese sayg\u0131l\u0131 olmak, insanlara nasihatte bulunmak, onlar i\u00e7in servetini ve kendisini feda etmek.<br \/>\ndevam\u0131n\u0131 oku<\/p>","protected":false},"featured_media":17641,"template":"","meta":{"spay_email":""},"product_cat":[168],"product_tag":[],"item":[841],"acf":[],"_links":{"self":[{"href":"https:\/\/mgvpublications.com\/de\/wp-json\/wp\/v2\/product\/17640"}],"collection":[{"href":"https:\/\/mgvpublications.com\/de\/wp-json\/wp\/v2\/product"}],"about":[{"href":"https:\/\/mgvpublications.com\/de\/wp-json\/wp\/v2\/types\/product"}],"wp:featuredmedia":[{"embeddable":true,"href":"https:\/\/mgvpublications.com\/de\/wp-json\/wp\/v2\/media\/17641"}],"wp:attachment":[{"href":"https:\/\/mgvpublications.com\/de\/wp-json\/wp\/v2\/media?parent=17640"}],"wp:term":[{"taxonomy":"product_cat","embeddable":true,"href":"https:\/\/mgvpublications.com\/de\/wp-json\/wp\/v2\/product_cat?post=17640"},{"taxonomy":"product_tag","embeddable":true,"href":"https:\/\/mgvpublications.com\/de\/wp-json\/wp\/v2\/product_tag?post=17640"},{"taxonomy":"item","embeddable":true,"href":"https:\/\/mgvpublications.com\/de\/wp-json\/wp\/v2\/item?post=17640"}],"curies":[{"name":"wp","href":"https:\/\/api.w.org\/{rel}","templated":true}]}}