{"id":17634,"date":"2021-02-02T22:39:05","date_gmt":"2021-02-02T21:39:05","guid":{"rendered":"https:\/\/mgvpublications.com\/?post_type=product&#038;p=17634"},"modified":"2022-03-08T22:50:43","modified_gmt":"2022-03-08T21:50:43","slug":"makyaj-yapan-oluler","status":"publish","type":"product","link":"https:\/\/mgvpublications.com\/de\/makyaj-yapan-oluler\/","title":{"rendered":"Makyaj Yapan \u00d6l\u00fcler"},"content":{"rendered":"<p>Yay\u0131n Tarihi: 25.03.2021<br \/>ISBN: 9789756446348<br \/>Dil: T\u00dcRK\u00c7E<br \/>Sayfa Say\u0131s\u0131: 188<br \/>Cilt Tipi: Karton Kapak<br \/>Ka\u011f\u0131t Cinsi: Kitap Ka\u011f\u0131d\u0131<br \/>Boyut: 12.5 x 21 cm<\/p>","protected":false},"excerpt":{"rendered":"<p>Bir g\u00fcn soka\u011f\u0131n\u0131zdan ge\u00e7erken oturdu\u011funuz binan\u0131n pencerelerinde kendinizi g\u00f6r\u00fcrseniz sak\u0131n deh\u015fete kap\u0131lmay\u0131n! Bak\u0131n onlar ne kadar s\u00fck\u00fbnetle izliyorlar sizi. \u0130lk kattaki \u00e7ocuklar size ne kadar benziyor! \u0130lk penceredeki emzikli \u00e7ocuktan, son penceredeki \u00f6nl\u00fckl\u00fc \u00e7ocu\u011fa kadar hepsi el sall\u0131yor size. Hadi durmay\u0131n, siz de el sallay\u0131n onlara.<\/p>","protected":false},"featured_media":21424,"template":"","meta":{"spay_email":""},"product_cat":[168],"product_tag":[],"item":[841],"acf":[],"_links":{"self":[{"href":"https:\/\/mgvpublications.com\/de\/wp-json\/wp\/v2\/product\/17634"}],"collection":[{"href":"https:\/\/mgvpublications.com\/de\/wp-json\/wp\/v2\/product"}],"about":[{"href":"https:\/\/mgvpublications.com\/de\/wp-json\/wp\/v2\/types\/product"}],"wp:featuredmedia":[{"embeddable":true,"href":"https:\/\/mgvpublications.com\/de\/wp-json\/wp\/v2\/media\/21424"}],"wp:attachment":[{"href":"https:\/\/mgvpublications.com\/de\/wp-json\/wp\/v2\/media?parent=17634"}],"wp:term":[{"taxonomy":"product_cat","embeddable":true,"href":"https:\/\/mgvpublications.com\/de\/wp-json\/wp\/v2\/product_cat?post=17634"},{"taxonomy":"product_tag","embeddable":true,"href":"https:\/\/mgvpublications.com\/de\/wp-json\/wp\/v2\/product_tag?post=17634"},{"taxonomy":"item","embeddable":true,"href":"https:\/\/mgvpublications.com\/de\/wp-json\/wp\/v2\/item?post=17634"}],"curies":[{"name":"wp","href":"https:\/\/api.w.org\/{rel}","templated":true}]}}