{"id":17632,"date":"2021-02-02T22:37:51","date_gmt":"2021-02-02T21:37:51","guid":{"rendered":"https:\/\/mgvpublications.com\/?post_type=product&#038;p=17632"},"modified":"2022-03-08T22:50:43","modified_gmt":"2022-03-08T21:50:43","slug":"gunesimin-onunden-cekil","status":"publish","type":"product","link":"https:\/\/mgvpublications.com\/de\/gunesimin-onunden-cekil\/","title":{"rendered":"G\u00fcne\u015fimin \u00d6n\u00fcnden \u00c7ekil"},"content":{"rendered":"<p>Yay\u0131n Tarihi: 04.03.2020<br \/>ISBN: 9789756446959<br \/>Dil: T\u00dcRK\u00c7E<br \/>Sayfa Say\u0131s\u0131: 319<br \/>Cilt Tipi: Karton Kapak<br \/>Ka\u011f\u0131t Cinsi: Kitap Ka\u011f\u0131d\u0131<br \/>Boyut: 13 x 21 cm<\/p>","protected":false},"excerpt":{"rendered":"<p>B\u00fcy\u00fck \u0130skender deniyordu ona. Diyojen\u2019in \u015f\u00f6hretini duymu\u015f, \u015fan\u0131n\u0131 bu \u015f\u00f6hretin yan\u0131na ta\u015f\u0131yarak halka ho\u015f g\u00f6r\u00fcnmeyi ummu\u015ftu. Bir yanda Makedonya kral\u0131n\u0131n parlak alay\u0131, \u00f6b\u00fcr yanda pa\u00e7avralar i\u00e7inde g\u00fcne\u015flenen Diyojen&#8230; Biri y\u00fccelterek, di\u011feri a\u015fa\u011f\u0131layarak d\u00fcnyay\u0131 kendine dar g\u00f6ren iki adam! \u0130mparator ihsanda bulunmak istiyor: \u201cNe dilersen, yapay\u0131m!\u201d Diyojen \u00fczerine d\u00fc\u015fen g\u00f6lgenin \u0130mparator\u2019a de\u011fil d\u00fcnyaya ait oldu\u011funu hissediyor ve elinin tersiyle itiyor bu g\u00f6lgeyi. \u201cG\u00fcne\u015fimin \u00f6n\u00fcnden \u00e7ekil!\u201d<\/p>","protected":false},"featured_media":21423,"template":"","meta":{"spay_email":""},"product_cat":[168],"product_tag":[],"item":[841],"acf":[],"_links":{"self":[{"href":"https:\/\/mgvpublications.com\/de\/wp-json\/wp\/v2\/product\/17632"}],"collection":[{"href":"https:\/\/mgvpublications.com\/de\/wp-json\/wp\/v2\/product"}],"about":[{"href":"https:\/\/mgvpublications.com\/de\/wp-json\/wp\/v2\/types\/product"}],"wp:featuredmedia":[{"embeddable":true,"href":"https:\/\/mgvpublications.com\/de\/wp-json\/wp\/v2\/media\/21423"}],"wp:attachment":[{"href":"https:\/\/mgvpublications.com\/de\/wp-json\/wp\/v2\/media?parent=17632"}],"wp:term":[{"taxonomy":"product_cat","embeddable":true,"href":"https:\/\/mgvpublications.com\/de\/wp-json\/wp\/v2\/product_cat?post=17632"},{"taxonomy":"product_tag","embeddable":true,"href":"https:\/\/mgvpublications.com\/de\/wp-json\/wp\/v2\/product_tag?post=17632"},{"taxonomy":"item","embeddable":true,"href":"https:\/\/mgvpublications.com\/de\/wp-json\/wp\/v2\/item?post=17632"}],"curies":[{"name":"wp","href":"https:\/\/api.w.org\/{rel}","templated":true}]}}