{"id":17591,"date":"2021-01-28T16:02:14","date_gmt":"2021-01-28T15:02:14","guid":{"rendered":"https:\/\/dev2.mgvpublications.com\/?post_type=product&#038;p=17591"},"modified":"2022-03-08T22:50:43","modified_gmt":"2022-03-08T21:50:43","slug":"ay-tiradi","status":"publish","type":"product","link":"https:\/\/mgvpublications.com\/de\/ay-tiradi\/","title":{"rendered":"Ay Tirad\u0131"},"content":{"rendered":"<div>Yay\u0131n Tarihi: 11.12.2019<\/div>\n<div>ISBN: 9786052021729<\/div>\n<div>Dil: T\u00dcRK\u00c7E<\/div>\n<div>Sayfa Say\u0131s\u0131: 125<\/div>\n<div>Cilt Tipi: Karton Kapak<\/div>\n<div>Ka\u011f\u0131t Cinsi: Kitap Ka\u011f\u0131d\u0131<\/div>\n<div>Boyut: 12.5 x 21 cm<\/div>","protected":false},"excerpt":{"rendered":"<p>Ay, yanaklar\u0131ma tuzlu damlalar serpiyor. Orman perileri ipekten kanatlar\u0131n\u0131 sakl\u0131yorlar r\u00fczg\u00e2rlar\u0131n\u0131 esirgemek i\u00e7in. Umudumu kaybetmedim. Biliyorum susuzluktan yere d\u00fc\u015fece\u011fim anda f\u0131\u015fk\u0131racak hayat. Buz gibi sular y\u00fcz\u00fcmden s\u00fcz\u00fcl\u00fcp bir ark a\u00e7acak kendine ve gitgide yata\u011f\u0131n\u0131 geni\u015fleterek \u00f6nce bir dereye sonra bir \u0131rma\u011fa d\u00f6n\u00fc\u015fecek. Bir yaz gecesi, bir orman\u0131n derinliklerinde ba\u015flayan yolculu\u011fumun yine bir yaz gecesi bir denizin eteklerinde nihayet bulmas\u0131 i\u00e7in dua etmeliyim. Ka\u00e7 \u0131rmak denize varmadan g\u00f6kte bulmu\u015ftur kendini.<\/p>","protected":false},"featured_media":17593,"template":"","meta":{"spay_email":""},"product_cat":[168],"product_tag":[],"item":[841],"acf":[],"_links":{"self":[{"href":"https:\/\/mgvpublications.com\/de\/wp-json\/wp\/v2\/product\/17591"}],"collection":[{"href":"https:\/\/mgvpublications.com\/de\/wp-json\/wp\/v2\/product"}],"about":[{"href":"https:\/\/mgvpublications.com\/de\/wp-json\/wp\/v2\/types\/product"}],"wp:featuredmedia":[{"embeddable":true,"href":"https:\/\/mgvpublications.com\/de\/wp-json\/wp\/v2\/media\/17593"}],"wp:attachment":[{"href":"https:\/\/mgvpublications.com\/de\/wp-json\/wp\/v2\/media?parent=17591"}],"wp:term":[{"taxonomy":"product_cat","embeddable":true,"href":"https:\/\/mgvpublications.com\/de\/wp-json\/wp\/v2\/product_cat?post=17591"},{"taxonomy":"product_tag","embeddable":true,"href":"https:\/\/mgvpublications.com\/de\/wp-json\/wp\/v2\/product_tag?post=17591"},{"taxonomy":"item","embeddable":true,"href":"https:\/\/mgvpublications.com\/de\/wp-json\/wp\/v2\/item?post=17591"}],"curies":[{"name":"wp","href":"https:\/\/api.w.org\/{rel}","templated":true}]}}