{"id":17589,"date":"2021-01-28T15:59:56","date_gmt":"2021-01-28T14:59:56","guid":{"rendered":"https:\/\/dev2.mgvpublications.com\/?post_type=product&#038;p=17589"},"modified":"2022-03-08T22:50:43","modified_gmt":"2022-03-08T21:50:43","slug":"korun-parmak-uclari","status":"publish","type":"product","link":"https:\/\/mgvpublications.com\/de\/korun-parmak-uclari\/","title":{"rendered":"K\u00f6r\u00fcn Parmak U\u00e7lar\u0131"},"content":{"rendered":"<div>Yay\u0131n Tarihi: 08.07.2020<\/div>\n<div>ISBN: 9789757796626<\/div>\n<div>Dil: T\u00dcRK\u00c7E<\/div>\n<div>Sayfa Say\u0131s\u0131: 63<\/div>\n<div>Cilt Tipi: Karton Kapak<\/div>\n<div>Ka\u011f\u0131t Cinsi: Kitap Ka\u011f\u0131d\u0131<\/div>\n<div>Boyut: 12.5 x 21 cm<\/div>","protected":false},"excerpt":{"rendered":"<p>Bir g\u00fcnah i\u015fle ve onu \u00f6ld\u00fcr ge\u00e7meden bir deniz kenar\u0131ndan bir g\u00fcnah i\u015fle ve onu \u00f6ld\u00fcr takmadan k\u00f6p\u00fcklerini pe\u015fine ahtapotlar\u0131, denizatlar\u0131 ve y\u0131ld\u0131zlar\u0131yla m\u00fcrekkep bal\u0131klar\u0131n\u0131 kurutmadan gidi\u015fi bir g\u00fcnah i\u015fle ve onu \u00f6ld\u00fcr.<\/p>","protected":false},"featured_media":17590,"template":"","meta":{"spay_email":""},"product_cat":[168],"product_tag":[],"item":[841],"acf":[],"_links":{"self":[{"href":"https:\/\/mgvpublications.com\/de\/wp-json\/wp\/v2\/product\/17589"}],"collection":[{"href":"https:\/\/mgvpublications.com\/de\/wp-json\/wp\/v2\/product"}],"about":[{"href":"https:\/\/mgvpublications.com\/de\/wp-json\/wp\/v2\/types\/product"}],"wp:featuredmedia":[{"embeddable":true,"href":"https:\/\/mgvpublications.com\/de\/wp-json\/wp\/v2\/media\/17590"}],"wp:attachment":[{"href":"https:\/\/mgvpublications.com\/de\/wp-json\/wp\/v2\/media?parent=17589"}],"wp:term":[{"taxonomy":"product_cat","embeddable":true,"href":"https:\/\/mgvpublications.com\/de\/wp-json\/wp\/v2\/product_cat?post=17589"},{"taxonomy":"product_tag","embeddable":true,"href":"https:\/\/mgvpublications.com\/de\/wp-json\/wp\/v2\/product_tag?post=17589"},{"taxonomy":"item","embeddable":true,"href":"https:\/\/mgvpublications.com\/de\/wp-json\/wp\/v2\/item?post=17589"}],"curies":[{"name":"wp","href":"https:\/\/api.w.org\/{rel}","templated":true}]}}