{"id":17587,"date":"2021-01-28T15:54:34","date_gmt":"2021-01-28T14:54:34","guid":{"rendered":"https:\/\/dev2.mgvpublications.com\/?post_type=product&#038;p=17587"},"modified":"2022-03-08T22:50:42","modified_gmt":"2022-03-08T21:50:42","slug":"tek-kelimelik-sozluk","status":"publish","type":"product","link":"https:\/\/mgvpublications.com\/de\/tek-kelimelik-sozluk\/","title":{"rendered":"Tek Kelimelik S\u00f6zl\u00fck"},"content":{"rendered":"<div>Yay\u0131n Tarihi: 11.05.2018<\/div>\n<div>ISBN: 9786054056293<\/div>\n<div>Dil: T\u00dcRK\u00c7E<\/div>\n<div>Sayfa Say\u0131s\u0131: 175<\/div>\n<div>Cilt Tipi: Karton Kapak<\/div>\n<div>Ka\u011f\u0131t Cinsi: Kitap Ka\u011f\u0131d\u0131<\/div>\n<div>Boyut: 12.5 x 21 cm<\/div>","protected":false},"excerpt":{"rendered":"<p>&#8216;-Bir s\u00f6zl\u00fc\u011fe ihtiyac\u0131m var<br \/>\n-Ka\u00e7 kelimelik olsun<br \/>\n-Tek.<\/p>\n<p>\u00c7ocuklu\u011fumuza m\u0131 ihtiyac\u0131m\u0131z var? Y\u0131llar\u0131m\u0131z\u0131 onunla ge\u00e7irmi\u015f olsak da bir sabah oyuncaklar\u0131n\u0131 toplay\u0131p gitmesine ve d\u00f6nmeyece\u011fini bildi\u011fimiz halde hayat boyu onu \u00f6zlemememize g\u00f6z yummas\u0131na m\u0131? Hay\u0131r, biz \u00e7ocuklu\u011fumuz olmadan da ya\u015far\u0131z.<\/p>\n<p>I\u015f\u0131\u011fa m\u0131 ihtiyac\u0131m\u0131z var? Ayd\u0131nl\u0131\u011fa tutkun ruhumuza karanl\u0131\u011f\u0131n hi\u00e7 gelmeyece\u011fini d\u00fc\u015f\u00fcnd\u00fcrecek kadar aldat\u0131c\u0131 olmas\u0131na m\u0131? Hay\u0131r, biz \u0131\u015f\u0131ks\u0131z da ya\u015far\u0131z.<\/p>\n<p>Bir u\u00e7urtmaya m\u0131 ihtiyac\u0131m\u0131z var? Bulutlar\u0131 sobeleyecek kadar y\u00fckselsek, cesaretimiz herkesi imrendirse de bizi incecik bir ipin hep bir yere ba\u011flad\u0131\u011f\u0131na ve kurtulu\u015fumuzun olmad\u0131\u011f\u0131na m\u0131? Hay\u0131r, biz u\u00e7urtma u\u00e7urmadan da ya\u015far\u0131z.<\/p>\n<p>G\u00fczelli\u011fe mi ihtiyac\u0131m\u0131z var? \u0130lginin geldi\u011fi hi\u00e7bir adresi sorgulamadan, ge\u00e7en y\u0131llarla bizden b\u0131kmay\u0131p hep yan\u0131m\u0131zda kalmas\u0131na m\u0131? Hay\u0131r, biz g\u00fczel olmasak da ya\u015far\u0131z.<\/p>\n<p>A\u015fka m\u0131 ihtiyac\u0131m\u0131z var? Bizi bir sarka\u00e7 gibi mutlulu\u011fun ve \u00e7aresizli\u011fin aras\u0131nda g\u00f6t\u00fcr\u00fcp getirmesine ve hi\u00e7bir tarafta karar k\u0131lmamas\u0131na m\u0131? Hay\u0131r, biz a\u015fks\u0131z da ya\u015far\u0131z.<\/p>\n<p>Hayallere mi ihtiyac\u0131m\u0131z var? Bize bug\u00fcn kendi kurdu\u011fumuz krall\u0131klar\u0131n tac\u0131n\u0131 giydirirken, yar\u0131n bir efsanev\u00ee bir kahramana d\u00f6n\u00fc\u015ft\u00fcrmesine mi? Hay\u0131r, biz hayal kurmadan da ya\u015far\u0131z.<\/p>\n<p>Bir kelimeye mi ihtiyac\u0131m\u0131z var? B\u00fct\u00fcn s\u0131rlar\u0131 kula\u011f\u0131m\u0131za f\u0131s\u0131ldayacak, korkular\u0131m\u0131z\u0131n iskambilden evlerini bir i\u015faretiyle da\u011f\u0131tacak bir kelimeye mi? Hay\u0131r, biz o kelime olmadan ya\u015fayamay\u0131z. Bizim sadece tek bir kelimeye ihtiyac\u0131m\u0131z var.<\/p>\n<p>A.Ali Ural \u201cTek Kelimelik S\u00f6zl\u00fck\u201d\u2019\u00fcnde onlarca kelimenin pencerelerini a\u00e7arken hep ayn\u0131 kap\u0131n\u0131n \u00f6n\u00fcnde duruyor. \u201cTek Kelimelik S\u00f6zl\u00fck\u201d te her kelime bir deneme, her kelime bir \u015fehir, her kelime bir \u015fehr\u00e2yin\u2026 B\u00fct\u00fcn kelimelerde tek bir kelimenin kudreti kutlan\u0131yor.<br \/>\ndevam\u0131n\u0131 oku<\/p>","protected":false},"featured_media":17588,"template":"","meta":{"spay_email":""},"product_cat":[168],"product_tag":[],"item":[841],"acf":[],"_links":{"self":[{"href":"https:\/\/mgvpublications.com\/de\/wp-json\/wp\/v2\/product\/17587"}],"collection":[{"href":"https:\/\/mgvpublications.com\/de\/wp-json\/wp\/v2\/product"}],"about":[{"href":"https:\/\/mgvpublications.com\/de\/wp-json\/wp\/v2\/types\/product"}],"wp:featuredmedia":[{"embeddable":true,"href":"https:\/\/mgvpublications.com\/de\/wp-json\/wp\/v2\/media\/17588"}],"wp:attachment":[{"href":"https:\/\/mgvpublications.com\/de\/wp-json\/wp\/v2\/media?parent=17587"}],"wp:term":[{"taxonomy":"product_cat","embeddable":true,"href":"https:\/\/mgvpublications.com\/de\/wp-json\/wp\/v2\/product_cat?post=17587"},{"taxonomy":"product_tag","embeddable":true,"href":"https:\/\/mgvpublications.com\/de\/wp-json\/wp\/v2\/product_tag?post=17587"},{"taxonomy":"item","embeddable":true,"href":"https:\/\/mgvpublications.com\/de\/wp-json\/wp\/v2\/item?post=17587"}],"curies":[{"name":"wp","href":"https:\/\/api.w.org\/{rel}","templated":true}]}}