{"id":17582,"date":"2021-01-28T15:43:07","date_gmt":"2021-01-28T14:43:07","guid":{"rendered":"https:\/\/dev2.mgvpublications.com\/?post_type=product&#038;p=17582"},"modified":"2022-03-08T22:50:42","modified_gmt":"2022-03-08T21:50:42","slug":"peygamberimizin-cesur-arkadasi-hazreti-omer","status":"publish","type":"product","link":"https:\/\/mgvpublications.com\/de\/peygamberimizin-cesur-arkadasi-hazreti-omer\/","title":{"rendered":"Peygamberimizin Cesur Arkada\u015f\u0131 Hazreti \u00d6mer"},"content":{"rendered":"<p>Yay\u0131n Tarihi: 22.05.2017<br \/>ISBN: 9786059548632<br \/>Dil: T\u00dcRK\u00c7E<br \/>Sayfa Say\u0131s\u0131: 104<br \/>Cilt Tipi: Karton Kapak<br \/>Ka\u011f\u0131t Cinsi: Kitap Ka\u011f\u0131d\u0131<br \/>Boyut: 13.5 x 19.5 cm<\/p>","protected":false},"excerpt":{"rendered":"<p>\u0130sl\u00e2m\u2019\u0131n ikinci halifesi\u2026 Cesareti, yi\u011fitli\u011fi ve d\u00fcr\u00fcstl\u00fc\u011f\u00fcyle nam salan sahabi\u2026 M\u00fcsl\u00fcman olana kadar zul\u00fcmde s\u0131n\u0131r tan\u0131mayan Hazreti \u00d6mer\u2019in kalbi, \u0130slam ile \u015fereflendikten sonra \u015fefkat ve merhametle doldu. Peygamberimizi can\u0131ndan bile \u00e7ok sevdi. On y\u0131l s\u00fcren hilafeti boyunca adaletiyle g\u00f6n\u00fcllere taht kurdu.<\/p>","protected":false},"featured_media":20264,"template":"","meta":{"spay_email":""},"product_cat":[172],"product_tag":[],"item":[692],"acf":[],"_links":{"self":[{"href":"https:\/\/mgvpublications.com\/de\/wp-json\/wp\/v2\/product\/17582"}],"collection":[{"href":"https:\/\/mgvpublications.com\/de\/wp-json\/wp\/v2\/product"}],"about":[{"href":"https:\/\/mgvpublications.com\/de\/wp-json\/wp\/v2\/types\/product"}],"wp:featuredmedia":[{"embeddable":true,"href":"https:\/\/mgvpublications.com\/de\/wp-json\/wp\/v2\/media\/20264"}],"wp:attachment":[{"href":"https:\/\/mgvpublications.com\/de\/wp-json\/wp\/v2\/media?parent=17582"}],"wp:term":[{"taxonomy":"product_cat","embeddable":true,"href":"https:\/\/mgvpublications.com\/de\/wp-json\/wp\/v2\/product_cat?post=17582"},{"taxonomy":"product_tag","embeddable":true,"href":"https:\/\/mgvpublications.com\/de\/wp-json\/wp\/v2\/product_tag?post=17582"},{"taxonomy":"item","embeddable":true,"href":"https:\/\/mgvpublications.com\/de\/wp-json\/wp\/v2\/item?post=17582"}],"curies":[{"name":"wp","href":"https:\/\/api.w.org\/{rel}","templated":true}]}}