{"id":17580,"date":"2021-01-28T15:40:31","date_gmt":"2021-01-28T14:40:31","guid":{"rendered":"https:\/\/dev2.mgvpublications.com\/?post_type=product&#038;p=17580"},"modified":"2022-03-08T22:50:42","modified_gmt":"2022-03-08T21:50:42","slug":"peygamberimizin-en-yakin-arkadasi-hazreti-ebu-bekir","status":"publish","type":"product","link":"https:\/\/mgvpublications.com\/de\/peygamberimizin-en-yakin-arkadasi-hazreti-ebu-bekir\/","title":{"rendered":"Peygamberimizin En Yak\u0131n Arkada\u015f\u0131 Hazreti Ebu Bekir"},"content":{"rendered":"<div>\u00c7izer: Volkan Akme\u015fe<\/div>\n<div>Yay\u0131n Tarihi: 22.05.2017<\/div>\n<div>ISBN: 9786059548649<\/div>\n<div>Dil: T\u00dcRK\u00c7E<\/div>\n<div>Sayfa Say\u0131s\u0131: 104<\/div>\n<div>Cilt Tipi: Karton Kapak<\/div>\n<div>Ka\u011f\u0131t Cinsi: Kitap Ka\u011f\u0131d\u0131<\/div>\n<div>Boyut: 13.5 x 19.5 cm<\/div>","protected":false},"excerpt":{"rendered":"<p>\u0130sl\u00e2m\u2019\u0131n ilk halifesi\u2026 Peygamberimizin en yak\u0131n arkada\u015f\u0131, can dostu\u2026 Mekke\u2019de do\u011fup b\u00fcy\u00fcd\u00fc. Cahiliye ortam\u0131nda bile \u00f6rnek g\u00f6sterilen bir hayat ya\u015fad\u0131.<\/p>\n<p>Allah ve Peygamber a\u015fk\u0131n\u0131 ci\u011ferlerini yakacak kadar zirvede ya\u015fad\u0131. Mal\u0131, can\u0131 ve b\u00fct\u00fcn imk\u00e2nlar\u0131yla O\u2019na destek oldu. \u0130yilik yar\u0131\u015f\u0131nda her zaman en \u00f6nde oldu. Peygamberimiz vefat edince \u0130sl\u00e2m\u2019\u0131n ilk halifesi oldu. \u0130ki y\u0131l sonra da Rabbine kavu\u015ftu.<\/p>","protected":false},"featured_media":17581,"template":"","meta":{"spay_email":""},"product_cat":[172],"product_tag":[],"item":[692],"acf":[],"_links":{"self":[{"href":"https:\/\/mgvpublications.com\/de\/wp-json\/wp\/v2\/product\/17580"}],"collection":[{"href":"https:\/\/mgvpublications.com\/de\/wp-json\/wp\/v2\/product"}],"about":[{"href":"https:\/\/mgvpublications.com\/de\/wp-json\/wp\/v2\/types\/product"}],"wp:featuredmedia":[{"embeddable":true,"href":"https:\/\/mgvpublications.com\/de\/wp-json\/wp\/v2\/media\/17581"}],"wp:attachment":[{"href":"https:\/\/mgvpublications.com\/de\/wp-json\/wp\/v2\/media?parent=17580"}],"wp:term":[{"taxonomy":"product_cat","embeddable":true,"href":"https:\/\/mgvpublications.com\/de\/wp-json\/wp\/v2\/product_cat?post=17580"},{"taxonomy":"product_tag","embeddable":true,"href":"https:\/\/mgvpublications.com\/de\/wp-json\/wp\/v2\/product_tag?post=17580"},{"taxonomy":"item","embeddable":true,"href":"https:\/\/mgvpublications.com\/de\/wp-json\/wp\/v2\/item?post=17580"}],"curies":[{"name":"wp","href":"https:\/\/api.w.org\/{rel}","templated":true}]}}