{"id":17554,"date":"2021-01-28T12:53:19","date_gmt":"2021-01-28T11:53:19","guid":{"rendered":"https:\/\/dev2.mgvpublications.com\/?post_type=product&#038;p=17554"},"modified":"2022-03-08T22:50:40","modified_gmt":"2022-03-08T21:50:40","slug":"arayis-mehmetin-hikayesi","status":"publish","type":"product","link":"https:\/\/mgvpublications.com\/de\/arayis-mehmetin-hikayesi\/","title":{"rendered":"Aray\u0131\u015f Mehmet\u2019in Hikayesi"},"content":{"rendered":"<table>\n<tbody>\n<tr>\n<td>Yay\u0131n Tarihi:<\/td>\n<td>07.01.2021<\/td>\n<\/tr>\n<tr>\n<td>ISBN:<\/td>\n<td>9786050834611<\/td>\n<\/tr>\n<tr>\n<td>Dil:<\/td>\n<td>T\u00dcRK\u00c7E<\/td>\n<\/tr>\n<tr>\n<td>Sayfa Say\u0131s\u0131:<\/td>\n<td>192<\/td>\n<\/tr>\n<tr>\n<td>Cilt Tipi:<\/td>\n<td>Karton Kapak<\/td>\n<\/tr>\n<tr>\n<td>Ka\u011f\u0131t Cinsi:<\/td>\n<td>Kitap Ka\u011f\u0131d\u0131<\/td>\n<\/tr>\n<tr>\n<td>Boyut:<\/td>\n<td>13.5 x 21 cm<\/td>\n<\/tr>\n<\/tbody>\n<\/table>","protected":false},"excerpt":{"rendered":"<p>\u00d6mr\u00fcn\u00fcn bahar\u0131nda solmu\u015f bir gen\u00e7\u2026<br \/>\nAile i\u00e7i \u015fiddeti, cinayeti, sokaklar\u0131, uyu\u015fturucuyu, pisli\u011fi, yetimhaneyi, pi\u015fmanl\u0131\u011f\u0131 ve varolu\u015f sanc\u0131s\u0131n\u0131 ya\u015fam\u0131\u015f gencecik bir y\u00fcrek. Bu gen\u00e7 ya\u015f\u0131nda kald\u0131ram\u0131yor bu kadar y\u00fck\u00fc\u2026<br \/>\nBir aray\u0131\u015fta\u2026<br \/>\nYa\u015fad\u0131\u011f\u0131 ac\u0131 dolu hayata bir anlam bulmak istiyor bu gen\u00e7. Dipsiz bir kuyuda gelece\u011fi i\u00e7in bir par\u00e7a umut ar\u0131yor\u2026<br \/>\nVe yolunu kaybedenlere rehberlik eden \u00e7i\u00e7e\u011fi burnunda idealist bir \u00f6\u011fretmen&#8230;<br \/>\nB\u00fcy\u00fck k\u00e2inatta kaderlerinin birlikte yaz\u0131lmas\u0131 asla tesad\u00fcf de\u011fildi.<br \/>\nMehmet Y\u0131ld\u0131z\u2019\u0131n ger\u00e7ek bir hayat hik\u00e2yesinden esinlenerek yazd\u0131\u011f\u0131 bu romanda, bahts\u0131z bir gencin sars\u0131c\u0131 ve dokunakl\u0131 d\u00f6n\u00fc\u015f\u00fcm\u00fcne \u015fahit olacaks\u0131n\u0131z.<br \/>\n\u201cKimse bo\u015fu bo\u015funa girmemi\u015ftir hayat\u0131m\u0131za. Ya imtihan olmu\u015ftur ya arma\u011fan.\u201d<\/p>","protected":false},"featured_media":17555,"template":"","meta":{"spay_email":""},"product_cat":[168],"product_tag":[],"item":[360],"acf":[],"_links":{"self":[{"href":"https:\/\/mgvpublications.com\/de\/wp-json\/wp\/v2\/product\/17554"}],"collection":[{"href":"https:\/\/mgvpublications.com\/de\/wp-json\/wp\/v2\/product"}],"about":[{"href":"https:\/\/mgvpublications.com\/de\/wp-json\/wp\/v2\/types\/product"}],"wp:featuredmedia":[{"embeddable":true,"href":"https:\/\/mgvpublications.com\/de\/wp-json\/wp\/v2\/media\/17555"}],"wp:attachment":[{"href":"https:\/\/mgvpublications.com\/de\/wp-json\/wp\/v2\/media?parent=17554"}],"wp:term":[{"taxonomy":"product_cat","embeddable":true,"href":"https:\/\/mgvpublications.com\/de\/wp-json\/wp\/v2\/product_cat?post=17554"},{"taxonomy":"product_tag","embeddable":true,"href":"https:\/\/mgvpublications.com\/de\/wp-json\/wp\/v2\/product_tag?post=17554"},{"taxonomy":"item","embeddable":true,"href":"https:\/\/mgvpublications.com\/de\/wp-json\/wp\/v2\/item?post=17554"}],"curies":[{"name":"wp","href":"https:\/\/api.w.org\/{rel}","templated":true}]}}