{"id":17548,"date":"2021-01-28T12:44:25","date_gmt":"2021-01-28T11:44:25","guid":{"rendered":"https:\/\/dev2.mgvpublications.com\/?post_type=product&#038;p=17548"},"modified":"2022-03-08T22:50:40","modified_gmt":"2022-03-08T21:50:40","slug":"alice-harikalar-diyarinda-2","status":"publish","type":"product","link":"https:\/\/mgvpublications.com\/de\/alice-harikalar-diyarinda-2\/","title":{"rendered":"Alice Harikalar Diyar\u0131nda"},"content":{"rendered":"<p>\u00c7evirmen: Simge Delikanl\u0131<br \/>Yay\u0131n Tarihi: 28.11.2020<br \/>ISBN: 9786257784153<br \/>Dil: T\u00dcRK\u00c7E<br \/>Sayfa Say\u0131s\u0131: 104<br \/>Cilt Tipi: Karton Kapak<br \/>Ka\u011f\u0131t Cinsi: Kitap Ka\u011f\u0131d\u0131<br \/>Boyut: 12.5 x 19.5 cm<\/p>","protected":false},"excerpt":{"rendered":"<p>Lewis Carroll\u2019\u0131n \u00e7ocuklar\u0131n hayal g\u00fcc\u00fcn\u00fc, yeti\u015fkinlerinse mant\u0131\u011f\u0131n\u0131 besleyen muhte\u015fem \u00f6yk\u00fcs\u00fc Alice Harikalar Diyar\u0131nda, yaz\u0131ld\u0131\u011f\u0131 g\u00fcnden bu yana, i\u00e7g\u00fcd\u00fclerini dinleyen herkese rehberlik ediyor. Tav\u015fan\u0131n pe\u015fine d\u00fc\u015f\u00fcp birbirinden harikulade d\u00fcnyalar\u0131n kap\u0131s\u0131n\u0131 aralayan Alice\u2019in maceras\u0131, \u0130ngilizce asl\u0131ndan T\u00fcrk\u00e7eye eksiksiz \u00e7evrildi.<\/p>","protected":false},"featured_media":21463,"template":"","meta":{"spay_email":""},"product_cat":[172],"product_tag":[],"item":[1439],"acf":[],"_links":{"self":[{"href":"https:\/\/mgvpublications.com\/de\/wp-json\/wp\/v2\/product\/17548"}],"collection":[{"href":"https:\/\/mgvpublications.com\/de\/wp-json\/wp\/v2\/product"}],"about":[{"href":"https:\/\/mgvpublications.com\/de\/wp-json\/wp\/v2\/types\/product"}],"wp:featuredmedia":[{"embeddable":true,"href":"https:\/\/mgvpublications.com\/de\/wp-json\/wp\/v2\/media\/21463"}],"wp:attachment":[{"href":"https:\/\/mgvpublications.com\/de\/wp-json\/wp\/v2\/media?parent=17548"}],"wp:term":[{"taxonomy":"product_cat","embeddable":true,"href":"https:\/\/mgvpublications.com\/de\/wp-json\/wp\/v2\/product_cat?post=17548"},{"taxonomy":"product_tag","embeddable":true,"href":"https:\/\/mgvpublications.com\/de\/wp-json\/wp\/v2\/product_tag?post=17548"},{"taxonomy":"item","embeddable":true,"href":"https:\/\/mgvpublications.com\/de\/wp-json\/wp\/v2\/item?post=17548"}],"curies":[{"name":"wp","href":"https:\/\/api.w.org\/{rel}","templated":true}]}}