{"id":17535,"date":"2021-01-28T11:49:21","date_gmt":"2021-01-28T10:49:21","guid":{"rendered":"https:\/\/dev2.mgvpublications.com\/?post_type=product&#038;p=17535"},"modified":"2022-03-08T22:50:39","modified_gmt":"2022-03-08T21:50:39","slug":"dorian-grayin-portresi","status":"publish","type":"product","link":"https:\/\/mgvpublications.com\/de\/dorian-grayin-portresi\/","title":{"rendered":"Dorian Gray&#8217;in Portresi"},"content":{"rendered":"<table>\n<tbody>\n<tr>\n<td>\u00c7evirmen:<\/td>\n<td><a href=\"https:\/\/www.kitapyurdu.com\/yazar\/kadir-kivilcimli\/27976.html\" target=\"_blank\" rel=\"noopener\">Kadir K\u0131v\u0131lc\u0131ml\u0131<\/a><\/td>\n<\/tr>\n<tr>\n<td>Yay\u0131n Tarihi:<\/td>\n<td>28.11.2020<\/td>\n<\/tr>\n<tr>\n<td>Orijinal Ad\u0131:<\/td>\n<td>The Picture of Dorian Gray<\/td>\n<\/tr>\n<tr>\n<td>ISBN:<\/td>\n<td>9786257784412<\/td>\n<\/tr>\n<tr>\n<td>Dil:<\/td>\n<td>T\u00dcRK\u00c7E<\/td>\n<\/tr>\n<tr>\n<td>Sayfa Say\u0131s\u0131:<\/td>\n<td>264<\/td>\n<\/tr>\n<tr>\n<td>Cilt Tipi:<\/td>\n<td>Karton Kapak<\/td>\n<\/tr>\n<tr>\n<td>Ka\u011f\u0131t Cinsi:<\/td>\n<td>Kitap Ka\u011f\u0131d\u0131<\/td>\n<\/tr>\n<tr>\n<td>Boyut:<\/td>\n<td>12.5 x 19.5 cm<\/td>\n<\/tr>\n<\/tbody>\n<\/table>","protected":false},"excerpt":{"rendered":"<p>Oscar Wilde\u2019\u0131n, kendisinin roman yazamayaca\u011f\u0131na dair ele\u015ftirilere adeta bir cevap olarak kaleme ald\u0131\u011f\u0131 Dorian Gray\u2019in Portresi, yazar\u0131n en tan\u0131nm\u0131\u015f eseridir. Bu eserinde Wilde, kendi d\u00fcnyas\u0131n\u0131 \u015fekillendiren estetizmi en yal\u0131n h\u00e2liyle kurguya aktar\u0131r. Safl\u0131\u011f\u0131 ve iyili\u011fi temsil eden Dorian Gray\u2019in, bir kar\u015f\u0131la\u015fma sonucu b\u00fct\u00fcn hayat\u0131 de\u011fi\u015fir. Ressam Basil Hallward, onun g\u00fczelli\u011finden etkilenerek portresini \u00e7izer. Basil\u2019in evinde Lord Henry Wotton ile tan\u0131\u015fan Dorian Gray i\u00e7in bir kimlik bunal\u0131m\u0131 ba\u015flar. Lord Henry ona insan i\u00e7in en de\u011ferli \u015feyin haz ve estetik oldu\u011funu s\u00f6ylerken, \u00e7ok sevdi\u011fi Gray\u2019in u\u011frayaca\u011f\u0131 de\u011fi\u015fimi asla tahmin edemez. Sahip oldu\u011fu g\u00fczelli\u011fin yok olaca\u011f\u0131na \u00fcz\u00fclen Gray, kendisinin yerine portresinin ya\u015flanmas\u0131n\u0131 diler. Ama ebed\u00ee g\u00fczelli\u011fin bedeli olduk\u00e7a a\u011f\u0131r olacakt\u0131r<\/p>","protected":false},"featured_media":17538,"template":"","meta":{"spay_email":""},"product_cat":[167,168],"product_tag":[],"item":[1439],"acf":[],"_links":{"self":[{"href":"https:\/\/mgvpublications.com\/de\/wp-json\/wp\/v2\/product\/17535"}],"collection":[{"href":"https:\/\/mgvpublications.com\/de\/wp-json\/wp\/v2\/product"}],"about":[{"href":"https:\/\/mgvpublications.com\/de\/wp-json\/wp\/v2\/types\/product"}],"wp:featuredmedia":[{"embeddable":true,"href":"https:\/\/mgvpublications.com\/de\/wp-json\/wp\/v2\/media\/17538"}],"wp:attachment":[{"href":"https:\/\/mgvpublications.com\/de\/wp-json\/wp\/v2\/media?parent=17535"}],"wp:term":[{"taxonomy":"product_cat","embeddable":true,"href":"https:\/\/mgvpublications.com\/de\/wp-json\/wp\/v2\/product_cat?post=17535"},{"taxonomy":"product_tag","embeddable":true,"href":"https:\/\/mgvpublications.com\/de\/wp-json\/wp\/v2\/product_tag?post=17535"},{"taxonomy":"item","embeddable":true,"href":"https:\/\/mgvpublications.com\/de\/wp-json\/wp\/v2\/item?post=17535"}],"curies":[{"name":"wp","href":"https:\/\/api.w.org\/{rel}","templated":true}]}}