{"id":17531,"date":"2021-01-28T11:43:42","date_gmt":"2021-01-28T10:43:42","guid":{"rendered":"https:\/\/dev2.mgvpublications.com\/?post_type=product&#038;p=17531"},"modified":"2022-04-19T15:17:57","modified_gmt":"2022-04-19T13:17:57","slug":"bir-delinin-hatira-defteri-portre","status":"publish","type":"product","link":"https:\/\/mgvpublications.com\/de\/bir-delinin-hatira-defteri-portre\/","title":{"rendered":"Bir Delinin Hat\u0131ra Defteri &#8211; Portre"},"content":{"rendered":"<table>\n<tbody>\n<tr>\n<td>\u00c7evirmen:<\/td>\n<td><a href=\"https:\/\/www.kitapyurdu.com\/yazar\/cagan-er\/214386.html\" target=\"_blank\" rel=\"noopener\">\u00c7a\u011fan Er<\/a><\/td>\n<\/tr>\n<tr>\n<td>Yay\u0131n Tarihi:<\/td>\n<td>28.11.2020<\/td>\n<\/tr>\n<tr>\n<td>ISBN:<\/td>\n<td>9786257784214<\/td>\n<\/tr>\n<tr>\n<td>Dil:<\/td>\n<td>T\u00dcRK\u00c7E<\/td>\n<\/tr>\n<tr>\n<td>Sayfa Say\u0131s\u0131:<\/td>\n<td>96<\/td>\n<\/tr>\n<tr>\n<td>Cilt Tipi:<\/td>\n<td>Karton Kapak<\/td>\n<\/tr>\n<tr>\n<td>Ka\u011f\u0131t Cinsi:<\/td>\n<td>Kitap Ka\u011f\u0131d\u0131<\/td>\n<\/tr>\n<tr>\n<td>Boyut:<\/td>\n<td>12.5 x 19.5 cm<\/td>\n<\/tr>\n<\/tbody>\n<\/table>","protected":false},"excerpt":{"rendered":"<p>Nikolay Vasilyevi\u00e7 Gogol\u2019\u00fcn, en \u00e7ok okunan hik\u00e2yelerinden\u00a0<em>Bir Delinin Hat\u0131ra Defteri ve Portre<\/em>\u2019nin yer ald\u0131\u011f\u0131 kitapta\u00a0<em>Bir Delinin Hat\u0131ra Defteri<\/em>, orta h\u00e2lli bir memurun g\u00fcnden g\u00fcne nas\u0131l delirip kendini \u0130spanya Kral\u0131 ilan etti\u011fini g\u00f6zler \u00f6n\u00fcne seriyor. \u0130vanov\u2019un trajikomik d\u00f6n\u00fc\u015f\u00fcm\u00fcyle Rus toplumunu ve b\u00fcrokrasisini de ince bir dille alaya alan Gogol,\u00a0<em>Portre<\/em>\u00a0hik\u00e2yesinde ise yoksulluk i\u00e7inde ya\u015fayan yetenekli ressam Chartkov\u2019un bir d\u00fckk\u00e2ndan sat\u0131n ald\u0131\u011f\u0131 \u00fcrk\u00fct\u00fcc\u00fc portreden sonra \u00f6n\u00fcnde a\u00e7\u0131lan iki yoldan birini se\u00e7erken nas\u0131l bir teredd\u00fct ya\u015fad\u0131\u011f\u0131n\u0131 anlat\u0131yor. Chartkov, ya yoksul kalarak sanat\u0131n\u0131 icra edecek ya da d\u00f6nemin sanat anlay\u0131\u015f\u0131na ayak uydurarak \u015f\u00f6hret ve paraya talip olacakt\u0131r. Gogol\u2019\u00fcn, \u00fcst\u00fcn mizah anlay\u0131\u015f\u0131yla delilik ve ihtiras\u0131n herkese dokunabilecek ger\u00e7ekli\u011fini sundu\u011fu bu iki hik\u00e2yesi Rus\u00e7a asl\u0131ndan \u00e7evrildi<\/p>","protected":false},"featured_media":17532,"template":"","meta":{"spay_email":""},"product_cat":[167,168],"product_tag":[],"item":[1439],"acf":[],"_links":{"self":[{"href":"https:\/\/mgvpublications.com\/de\/wp-json\/wp\/v2\/product\/17531"}],"collection":[{"href":"https:\/\/mgvpublications.com\/de\/wp-json\/wp\/v2\/product"}],"about":[{"href":"https:\/\/mgvpublications.com\/de\/wp-json\/wp\/v2\/types\/product"}],"wp:featuredmedia":[{"embeddable":true,"href":"https:\/\/mgvpublications.com\/de\/wp-json\/wp\/v2\/media\/17532"}],"wp:attachment":[{"href":"https:\/\/mgvpublications.com\/de\/wp-json\/wp\/v2\/media?parent=17531"}],"wp:term":[{"taxonomy":"product_cat","embeddable":true,"href":"https:\/\/mgvpublications.com\/de\/wp-json\/wp\/v2\/product_cat?post=17531"},{"taxonomy":"product_tag","embeddable":true,"href":"https:\/\/mgvpublications.com\/de\/wp-json\/wp\/v2\/product_tag?post=17531"},{"taxonomy":"item","embeddable":true,"href":"https:\/\/mgvpublications.com\/de\/wp-json\/wp\/v2\/item?post=17531"}],"curies":[{"name":"wp","href":"https:\/\/api.w.org\/{rel}","templated":true}]}}