{"id":17523,"date":"2021-01-28T11:05:59","date_gmt":"2021-01-28T10:05:59","guid":{"rendered":"https:\/\/dev2.mgvpublications.com\/?post_type=product&#038;p=17523"},"modified":"2022-03-08T22:50:37","modified_gmt":"2022-03-08T21:50:37","slug":"dillerin-kokeni-ustune-deneme-ciltsiz","status":"publish","type":"product","link":"https:\/\/mgvpublications.com\/de\/dillerin-kokeni-ustune-deneme-ciltsiz\/","title":{"rendered":"Dillerin K\u00f6keni \u00dcst\u00fcne Deneme (Ciltsiz)"},"content":{"rendered":"<hr \/>\n<div class=\"attributes\">\n<table>\n<tbody>\n<tr>\n<td>\u00c7evirmen:<\/td>\n<td><a href=\"https:\/\/www.kitapyurdu.com\/yazar\/omer-albayrak\/41098.html\" target=\"_blank\" rel=\"noopener\">\u00d6mer Albayrak<\/a><\/td>\n<\/tr>\n<tr>\n<td>Yay\u0131n Tarihi:<\/td>\n<td>11.01.2019<\/td>\n<\/tr>\n<tr>\n<td>ISBN:<\/td>\n<td>9789944881265<\/td>\n<\/tr>\n<tr>\n<td>Dil:<\/td>\n<td>T\u00dcRK\u00c7E<\/td>\n<\/tr>\n<tr>\n<td>Sayfa Say\u0131s\u0131:<\/td>\n<td>104<\/td>\n<\/tr>\n<tr>\n<td>Cilt Tipi:<\/td>\n<td>Karton Kapak<\/td>\n<\/tr>\n<tr>\n<td>Ka\u011f\u0131t Cinsi:<\/td>\n<td>Kitap Ka\u011f\u0131d\u0131<\/td>\n<\/tr>\n<tr>\n<td>Boyut:<\/td>\n<td>12.5 x 20.5 cm<\/td>\n<\/tr>\n<\/tbody>\n<\/table>\n<\/div>","protected":false},"excerpt":{"rendered":"<p>Jean-Jacques Rousseau (1712-1778): Bilimler ve Sanatlar \u00dcst\u00fcne S\u00f6ylev\u2019den Toplum S\u00f6zle\u015fmesi\u2019ne<br \/>\nve Emile\u2019e, \u0130nsanlar Aras\u0131nda E\u015fitsizli\u011fin Kayna\u011f\u0131\u2019ndan \u0130tiraflar\u2019a, insanl\u0131k tarihinde \u00e7\u0131\u011f\u0131r a\u00e7an Ayd\u0131nlanma d\u00fc\u015f\u00fcncesinin en \u00f6nemli Romantik d\u00fc\u015f\u00fcn\u00fcr-yazar\u0131d\u0131r.<br \/>\nMelodi ve M\u00fcziksel Taklit ile \u0130li\u015fki \u0130\u00e7inde Dillerin K\u00f6keni \u00dczerine Deneme ise, Rousseau\u2019nun ilk ses olarak kabul etti\u011fi &#8220;do\u011fan\u0131n \u00e7\u0131\u011fl\u0131\u011f\u0131&#8221;ndan jestlerin diline, s\u00f6zc\u00fcklerin ortaya \u00e7\u0131k\u0131\u015f\u0131na ve &#8220;d\u00fcnyan\u0131n adland\u0131r\u0131lmas\u0131&#8221;na do\u011fru uzanan bir s\u00fcre\u00e7te dillerin k\u00f6kenini m\u00fczik ve melodi ile ili\u015fkilerine de de\u011finerek anlat\u0131yor.<\/p>","protected":false},"featured_media":17524,"template":"","meta":{"spay_email":""},"product_cat":[167,168,232],"product_tag":[],"item":[336],"acf":[],"_links":{"self":[{"href":"https:\/\/mgvpublications.com\/de\/wp-json\/wp\/v2\/product\/17523"}],"collection":[{"href":"https:\/\/mgvpublications.com\/de\/wp-json\/wp\/v2\/product"}],"about":[{"href":"https:\/\/mgvpublications.com\/de\/wp-json\/wp\/v2\/types\/product"}],"wp:featuredmedia":[{"embeddable":true,"href":"https:\/\/mgvpublications.com\/de\/wp-json\/wp\/v2\/media\/17524"}],"wp:attachment":[{"href":"https:\/\/mgvpublications.com\/de\/wp-json\/wp\/v2\/media?parent=17523"}],"wp:term":[{"taxonomy":"product_cat","embeddable":true,"href":"https:\/\/mgvpublications.com\/de\/wp-json\/wp\/v2\/product_cat?post=17523"},{"taxonomy":"product_tag","embeddable":true,"href":"https:\/\/mgvpublications.com\/de\/wp-json\/wp\/v2\/product_tag?post=17523"},{"taxonomy":"item","embeddable":true,"href":"https:\/\/mgvpublications.com\/de\/wp-json\/wp\/v2\/item?post=17523"}],"curies":[{"name":"wp","href":"https:\/\/api.w.org\/{rel}","templated":true}]}}