{"id":17521,"date":"2021-01-28T10:13:29","date_gmt":"2021-01-28T09:13:29","guid":{"rendered":"https:\/\/dev2.mgvpublications.com\/?post_type=product&#038;p=17521"},"modified":"2022-03-08T22:50:37","modified_gmt":"2022-03-08T21:50:37","slug":"sorunlariyla-cozumleriyle-ergenlik-cagi","status":"publish","type":"product","link":"https:\/\/mgvpublications.com\/de\/sorunlariyla-cozumleriyle-ergenlik-cagi\/","title":{"rendered":"Sorunlar\u0131yla \u00c7\u00f6z\u00fcmleriyle Ergenlik \u00c7a\u011f\u0131"},"content":{"rendered":"<div>Yay\u0131n Tarihi: 17.01.2014<\/div>\n<div>ISBN: 9789752612211<\/div>\n<div>Dil: T\u00dcRK\u00c7E<\/div>\n<div>Sayfa Say\u0131s\u0131: 230<\/div>\n<div>Cilt Tipi: Karton Kapak<\/div>\n<div>Ka\u011f\u0131t Cinsi: Kitap Ka\u011f\u0131d\u0131<\/div>\n<div>Boyut: 13.5 x 19.5 cm<\/div>","protected":false},"excerpt":{"rendered":"<p>Ergenlik d\u00f6nemi konusunda bilgi sahibi olmayan anne babalar ergenle \u00e7at\u0131\u015fma ya\u015famaktan kurtulamazlar. \u0130lk\u00f6\u011fretim y\u0131llar\u0131nda ailesiyle ili\u015fkileri uyum i\u00e7inde olan \u00e7ocuklar\u0131n ergenli\u011fe ge\u00e7i\u015fle birlikte davran\u0131\u015flar\u0131nda ve ili\u015fkilerinde belirgin de\u011fi\u015fmeler g\u00f6r\u00fclmesi anne babalar\u0131 \u015fa\u015f\u0131rt\u0131r. \u00c7\u00fcnk\u00fc anne babalar \u00e7ocuk b\u00fcy\u00fcd\u00fck\u00e7e daha ak\u0131llan\u0131r, daha az problem \u00e7\u0131kar\u0131r zannederler. Her \u015feyin yolunda gitti\u011fini sand\u0131klar\u0131 bir d\u00f6nemde birden bire ortaya \u00e7\u0131kan huysuzluklara, itirazlara, al\u0131nganl\u0131klara ve sebepsiz \u00f6fkelere bir anlam veremezler.<\/p>\n<p>Ergenin davran\u0131\u015flar\u0131nd<\/p>","protected":false},"featured_media":17522,"template":"","meta":{"spay_email":""},"product_cat":[171],"product_tag":[],"item":[692,800],"acf":[],"_links":{"self":[{"href":"https:\/\/mgvpublications.com\/de\/wp-json\/wp\/v2\/product\/17521"}],"collection":[{"href":"https:\/\/mgvpublications.com\/de\/wp-json\/wp\/v2\/product"}],"about":[{"href":"https:\/\/mgvpublications.com\/de\/wp-json\/wp\/v2\/types\/product"}],"wp:featuredmedia":[{"embeddable":true,"href":"https:\/\/mgvpublications.com\/de\/wp-json\/wp\/v2\/media\/17522"}],"wp:attachment":[{"href":"https:\/\/mgvpublications.com\/de\/wp-json\/wp\/v2\/media?parent=17521"}],"wp:term":[{"taxonomy":"product_cat","embeddable":true,"href":"https:\/\/mgvpublications.com\/de\/wp-json\/wp\/v2\/product_cat?post=17521"},{"taxonomy":"product_tag","embeddable":true,"href":"https:\/\/mgvpublications.com\/de\/wp-json\/wp\/v2\/product_tag?post=17521"},{"taxonomy":"item","embeddable":true,"href":"https:\/\/mgvpublications.com\/de\/wp-json\/wp\/v2\/item?post=17521"}],"curies":[{"name":"wp","href":"https:\/\/api.w.org\/{rel}","templated":true}]}}