{"id":17519,"date":"2021-01-28T10:12:09","date_gmt":"2021-01-28T09:12:09","guid":{"rendered":"https:\/\/dev2.mgvpublications.com\/?post_type=product&#038;p=17519"},"modified":"2022-03-08T22:50:37","modified_gmt":"2022-03-08T21:50:37","slug":"cocuklarimiz-mutsuz-ve-basarisiz-olmasin","status":"publish","type":"product","link":"https:\/\/mgvpublications.com\/de\/cocuklarimiz-mutsuz-ve-basarisiz-olmasin\/","title":{"rendered":"\u00c7ocuklar\u0131m\u0131z Mutsuz ve Ba\u015far\u0131s\u0131z Olmas\u0131n"},"content":{"rendered":"<div>Yay\u0131n Tarihi: 01.11.2012<\/div>\n<div>ISBN: 9789756836408<\/div>\n<div>Dil: T\u00dcRK\u00c7E<\/div>\n<div>Sayfa Say\u0131s\u0131: 176<\/div>\n<div>Cilt Tipi: Karton Kapak<\/div>\n<div>Ka\u011f\u0131t Cinsi: Kitap Ka\u011f\u0131d\u0131<\/div>\n<div>Boyut: 13.5 x 19.5 cm<\/div>","protected":false},"excerpt":{"rendered":"<p>Hi\u00e7bir i\u015fimiz annelik ve babal\u0131k sorumlulu\u011fundan daha \u00f6nemli olamaz. \u0130\u015fler bekleyebilir, \u00e7ocuk e\u011fitimi beklemez. Eksik kalan bir i\u015fimizi sonradan tamamlayabiliriz, ancak kalan \u00e7ocuk e\u011fitimi sonradan tamamlamak m\u00fcmk\u00fcn de\u011fildir.<\/p>\n<p>\u00c7ocu\u011fa yap\u0131lan yat\u0131r\u0131mdan daha karl\u0131 bir yat\u0131r\u0131m yoktur. Bu zevkli yat\u0131r\u0131mda size yard\u0131mc\u0131 olmak i\u00e7in Zafer Dergisi&#8217;nde \u00e7ocuk e\u011fitimi ve psikolojisi alan\u0131nda yay\u0131mlanan makaleleri bir kitapta toplamaya karar verdik. Bu kararda okuyucular\u0131m\u0131z\u0131n \u0131srarl\u0131 talepleri etkili olmu\u015ftur. Sizlerden gelen e-mail&#8217;ler bize g\u00fc\u00e7 veriyor. \u0130htiya\u00e7 duydu\u011funuz konular\u0131 ve bu kitapta cevab\u0131n\u0131 bulamad\u0131\u011f\u0131m\u0131z sorular\u0131n\u0131z\u0131 bekliyoruz.<br \/>\ndevam\u0131n\u0131 oku<\/p>","protected":false},"featured_media":17520,"template":"","meta":{"spay_email":""},"product_cat":[171],"product_tag":[],"item":[692],"acf":[],"_links":{"self":[{"href":"https:\/\/mgvpublications.com\/de\/wp-json\/wp\/v2\/product\/17519"}],"collection":[{"href":"https:\/\/mgvpublications.com\/de\/wp-json\/wp\/v2\/product"}],"about":[{"href":"https:\/\/mgvpublications.com\/de\/wp-json\/wp\/v2\/types\/product"}],"wp:featuredmedia":[{"embeddable":true,"href":"https:\/\/mgvpublications.com\/de\/wp-json\/wp\/v2\/media\/17520"}],"wp:attachment":[{"href":"https:\/\/mgvpublications.com\/de\/wp-json\/wp\/v2\/media?parent=17519"}],"wp:term":[{"taxonomy":"product_cat","embeddable":true,"href":"https:\/\/mgvpublications.com\/de\/wp-json\/wp\/v2\/product_cat?post=17519"},{"taxonomy":"product_tag","embeddable":true,"href":"https:\/\/mgvpublications.com\/de\/wp-json\/wp\/v2\/product_tag?post=17519"},{"taxonomy":"item","embeddable":true,"href":"https:\/\/mgvpublications.com\/de\/wp-json\/wp\/v2\/item?post=17519"}],"curies":[{"name":"wp","href":"https:\/\/api.w.org\/{rel}","templated":true}]}}