{"id":17515,"date":"2021-01-28T10:09:09","date_gmt":"2021-01-28T09:09:09","guid":{"rendered":"https:\/\/dev2.mgvpublications.com\/?post_type=product&#038;p=17515"},"modified":"2022-03-08T22:50:37","modified_gmt":"2022-03-08T21:50:37","slug":"hikayelerle-degerler-egitimi","status":"publish","type":"product","link":"https:\/\/mgvpublications.com\/de\/hikayelerle-degerler-egitimi\/","title":{"rendered":"Hikayelerle De\u011ferler E\u011fitimi"},"content":{"rendered":"<div>Yay\u0131n Tarihi: 16.10.2015<\/div>\n<div>ISBN: 9789752611962<\/div>\n<div>Dil: T\u00dcRK\u00c7E<\/div>\n<div>Sayfa Say\u0131s\u0131: 360<\/div>\n<div>Cilt Tipi: Karton Kapak<\/div>\n<div>Ka\u011f\u0131t Cinsi: Kitap Ka\u011f\u0131d\u0131<\/div>\n<div>Boyut: 13.5 x 19.5 cm<\/div>","protected":false},"excerpt":{"rendered":"<p>\u00c7ocuklar, dinleyici olmakla kalmaz, ayn\u0131 zamanda birer anlat\u0131c\u0131d\u0131rlar. Sevdi\u011fi bir masal\u0131 veya hik\u00e2yeyi annesinden ve babas\u0131ndan defalarca anlatmas\u0131n\u0131 isteyebilir. Arkada\u015flar\u0131yla evcilik oynarken sevdi\u011fi bu masal\u0131 anlatabilir. Klasik masallar g\u00fcn\u00fcm\u00fczde \u00e7izgi sinema, m\u00fczik ve diziler yoluyla evimize ula\u015f\u0131yor. G\u00f6rsel uyaranlar\u0131n zengin oldu\u011fu teknoloji d\u00fcnyas\u0131 \u00e7ocuklar i\u00e7in \u00e7ok cazip imk\u00e2nlar sunsa da kitap okuyan bir annenin, baban\u0131n, dedenin ve ninenin yerini tutamaz. \u00c7ocuk masal okuyan anneye soru sorabilir, ama televizyona soramaz.<\/p>","protected":false},"featured_media":17516,"template":"","meta":{"spay_email":""},"product_cat":[171],"product_tag":[],"item":[692],"acf":[],"_links":{"self":[{"href":"https:\/\/mgvpublications.com\/de\/wp-json\/wp\/v2\/product\/17515"}],"collection":[{"href":"https:\/\/mgvpublications.com\/de\/wp-json\/wp\/v2\/product"}],"about":[{"href":"https:\/\/mgvpublications.com\/de\/wp-json\/wp\/v2\/types\/product"}],"wp:featuredmedia":[{"embeddable":true,"href":"https:\/\/mgvpublications.com\/de\/wp-json\/wp\/v2\/media\/17516"}],"wp:attachment":[{"href":"https:\/\/mgvpublications.com\/de\/wp-json\/wp\/v2\/media?parent=17515"}],"wp:term":[{"taxonomy":"product_cat","embeddable":true,"href":"https:\/\/mgvpublications.com\/de\/wp-json\/wp\/v2\/product_cat?post=17515"},{"taxonomy":"product_tag","embeddable":true,"href":"https:\/\/mgvpublications.com\/de\/wp-json\/wp\/v2\/product_tag?post=17515"},{"taxonomy":"item","embeddable":true,"href":"https:\/\/mgvpublications.com\/de\/wp-json\/wp\/v2\/item?post=17515"}],"curies":[{"name":"wp","href":"https:\/\/api.w.org\/{rel}","templated":true}]}}