{"id":17509,"date":"2021-01-28T10:05:15","date_gmt":"2021-01-28T09:05:15","guid":{"rendered":"https:\/\/dev2.mgvpublications.com\/?post_type=product&#038;p=17509"},"modified":"2022-03-08T22:50:36","modified_gmt":"2022-03-08T21:50:36","slug":"cocugun-manevi-egitimi","status":"publish","type":"product","link":"https:\/\/mgvpublications.com\/de\/cocugun-manevi-egitimi\/","title":{"rendered":"\u00c7ocu\u011fun Manevi E\u011fitimi"},"content":{"rendered":"<div>Yay\u0131n Tarihi: 01.03.2011<\/div>\n<div>ISBN: 9789752611337<\/div>\n<div>Dil: T\u00dcRK\u00c7E<\/div>\n<div>Sayfa Say\u0131s\u0131: 181<\/div>\n<div>Cilt Tipi: Karton Kapak<\/div>\n<div>Ka\u011f\u0131t Cinsi: Kitap Ka\u011f\u0131d\u0131<\/div>\n<div>Boyut: 13.5 x 19.5 cm<\/div>","protected":false},"excerpt":{"rendered":"<p>\u0130ster ailede, ister okul \u00f6ncesi e\u011fitim kurumlar\u0131nda olsun, \u00e7ocu\u011fun geli\u015fim evreleri dikkate al\u0131nmadan yap\u0131lan dini e\u011fitim amac\u0131na ula\u015fmad\u0131\u011f\u0131 gibi, \u00e7ocukta hatal\u0131 dini inan\u00e7 ve tutumlar\u0131n geli\u015fmesine yol alabilmektedir. \u00c7ocuklar\u0131na dini e\u011fitim vermeye \u00e7al\u0131\u015fan anne babalar elbette iyi niyetlidirler. Ancak do\u011fru sonu\u00e7 almak i\u00e7in iyi niyet yetmemektedir. Hatal\u0131 tutum ve yanl\u0131\u015f vas\u0131talarla do\u011fru sonuca ula\u015f\u0131lmaz. \u00c7ocuklar\u0131na dini bilgi verirken anne babalar\u0131n yapt\u0131klar\u0131 temel yanl\u0131\u015flardan biri yeti\u015fkin mant\u0131\u011f\u0131 ile hareket etmeleridir.<br \/>\nPeygamberimiz bir hadisinde: &#8220;\u00c7ocu\u011fu olan onunla \u00e7ocuklas\u0131n,&#8221; buyuruyor. Bunun anlam\u0131 empatidir, kendini \u00e7ocu\u011fun yerine koyup onu anlamaya \u00e7al\u0131\u015fmakt\u0131r.<br \/>\nNe ihmale gelir, ne de ertelenebilir bir konu olan \u00e7ocuk e\u011fitiminin en \u00f6nemli \u015fubesi olan dini e\u011fitim konusunda sizlere \u0131\u015f\u0131k tutabilmek amac\u0131yla haz\u0131rlad\u0131\u011f\u0131m\u0131z bu kitabin, gayesine ula\u015fmas\u0131n\u0131 dileriz&#8230;<br \/>\ndevam\u0131n\u0131 oku<\/p>","protected":false},"featured_media":17510,"template":"","meta":{"spay_email":""},"product_cat":[171],"product_tag":[],"item":[800],"acf":[],"_links":{"self":[{"href":"https:\/\/mgvpublications.com\/de\/wp-json\/wp\/v2\/product\/17509"}],"collection":[{"href":"https:\/\/mgvpublications.com\/de\/wp-json\/wp\/v2\/product"}],"about":[{"href":"https:\/\/mgvpublications.com\/de\/wp-json\/wp\/v2\/types\/product"}],"wp:featuredmedia":[{"embeddable":true,"href":"https:\/\/mgvpublications.com\/de\/wp-json\/wp\/v2\/media\/17510"}],"wp:attachment":[{"href":"https:\/\/mgvpublications.com\/de\/wp-json\/wp\/v2\/media?parent=17509"}],"wp:term":[{"taxonomy":"product_cat","embeddable":true,"href":"https:\/\/mgvpublications.com\/de\/wp-json\/wp\/v2\/product_cat?post=17509"},{"taxonomy":"product_tag","embeddable":true,"href":"https:\/\/mgvpublications.com\/de\/wp-json\/wp\/v2\/product_tag?post=17509"},{"taxonomy":"item","embeddable":true,"href":"https:\/\/mgvpublications.com\/de\/wp-json\/wp\/v2\/item?post=17509"}],"curies":[{"name":"wp","href":"https:\/\/api.w.org\/{rel}","templated":true}]}}