{"id":17505,"date":"2021-01-27T13:38:39","date_gmt":"2021-01-27T12:38:39","guid":{"rendered":"https:\/\/dev2.mgvpublications.com\/?post_type=product&#038;p=17505"},"modified":"2022-03-08T22:50:36","modified_gmt":"2022-03-08T21:50:36","slug":"bilmezsen-korkarsin-tabi-terapi-hikayeleri-1-korku","status":"publish","type":"product","link":"https:\/\/mgvpublications.com\/de\/bilmezsen-korkarsin-tabi-terapi-hikayeleri-1-korku\/","title":{"rendered":"Bilmezsen Korkars\u0131n Tabi &#038; Terapi Hikayeleri-1 (Korku)"},"content":{"rendered":"<p>Yay\u0131n Tarihi: 28.02.2020<br \/>ISBN: 9789752694538<br \/>Dil: T\u00dcRK\u00c7E<br \/>Sayfa Say\u0131s\u0131: 192<br \/>Cilt Tipi: Karton Kapak<br \/>Ka\u011f\u0131t Cinsi: 1. Hm. Ka\u011f\u0131t<br \/>Boyut: 22 x 22 cm<br \/>Di\u011fer \u00d6zellik: Resimli<\/p>","protected":false},"excerpt":{"rendered":"<p>Her anne baba, \u00e7ocuklar\u0131n\u0131n belirli ya\u015f aral\u0131klar\u0131nda ya\u015fad\u0131\u011f\u0131 korkular\u0131n \u015fahididir. Asl\u0131nda, basit y\u00f6ntemlerle atlat\u0131labilecek olan bu ge\u00e7ici d\u00f6nem, bazen, anne babalar\u0131n eksik\/yanl\u0131\u015f tutumlar\u0131 sonucu, \u00e7ocuklar\u0131n b\u00fct\u00fcn bir hayat\u0131na yay\u0131labilecek izler b\u0131rakabilmektedir. Bu kitap, birtak\u0131m korkular ya\u015fayan 5 ya\u015f ve \u00fczeri \u00e7ocuklar i\u00e7in \u00f6zel olarak haz\u0131rland\u0131. Kitap, be\u015f g\u00fcne yay\u0131lm\u0131\u015f farkl\u0131 hik\u00e2yelerden olu\u015fmaktad\u0131r. \u00c7ocuklar bir yandan hik\u00e2ye kahraman\u0131n\u0131n ya\u015fad\u0131\u011f\u0131 ser\u00fcveni heyecanla takip ederken, di\u011fer yandan da fark\u0131nda olmadan bilin\u00e7alt\u0131na yerle\u015fmi\u015f korkular\u0131n\u0131 yenmektedirler. Korkularla ba\u015f edebilmek sadece \u00e7ocu\u011fun \u00fcstesinden gelebilece\u011fi bir sorun de\u011fildir. \u00d6zellikle anne babalar\u0131n da bu konuda titiz davranmas\u0131 gerekir. Bu d\u00fc\u015f\u00fcnceyle, hik\u00e2yelerin i\u00e7erisinde, anne babalar\u0131n, korkular ya\u015fayan \u00e7ocuklar\u0131na nas\u0131l davranmalar\u0131 gerekti\u011fi konusunda ipu\u00e7lar\u0131 da verilmektedir.<\/p>","protected":false},"featured_media":20851,"template":"","meta":{"spay_email":""},"product_cat":[172],"product_tag":[],"item":[732,1431],"acf":[],"_links":{"self":[{"href":"https:\/\/mgvpublications.com\/de\/wp-json\/wp\/v2\/product\/17505"}],"collection":[{"href":"https:\/\/mgvpublications.com\/de\/wp-json\/wp\/v2\/product"}],"about":[{"href":"https:\/\/mgvpublications.com\/de\/wp-json\/wp\/v2\/types\/product"}],"wp:featuredmedia":[{"embeddable":true,"href":"https:\/\/mgvpublications.com\/de\/wp-json\/wp\/v2\/media\/20851"}],"wp:attachment":[{"href":"https:\/\/mgvpublications.com\/de\/wp-json\/wp\/v2\/media?parent=17505"}],"wp:term":[{"taxonomy":"product_cat","embeddable":true,"href":"https:\/\/mgvpublications.com\/de\/wp-json\/wp\/v2\/product_cat?post=17505"},{"taxonomy":"product_tag","embeddable":true,"href":"https:\/\/mgvpublications.com\/de\/wp-json\/wp\/v2\/product_tag?post=17505"},{"taxonomy":"item","embeddable":true,"href":"https:\/\/mgvpublications.com\/de\/wp-json\/wp\/v2\/item?post=17505"}],"curies":[{"name":"wp","href":"https:\/\/api.w.org\/{rel}","templated":true}]}}