{"id":17501,"date":"2021-01-27T13:02:50","date_gmt":"2021-01-27T12:02:50","guid":{"rendered":"https:\/\/dev2.mgvpublications.com\/?post_type=product&#038;p=17501"},"modified":"2022-03-08T22:50:36","modified_gmt":"2022-03-08T21:50:36","slug":"kariyer-de-yaparim-babalik-da","status":"publish","type":"product","link":"https:\/\/mgvpublications.com\/de\/kariyer-de-yaparim-babalik-da\/","title":{"rendered":"Kariyer de Yapar\u0131m Babal\u0131k da"},"content":{"rendered":"<p>Yay\u0131n Tarihi: 14.12.2020<br \/>\nISBN: 9786052297216<br \/>\nDil: T\u00dcRK\u00c7E<br \/>\nSayfa Say\u0131s\u0131: 128<br \/>\nCilt Tipi: Karton Kapak<br \/>\nKa\u011f\u0131t Cinsi: Kitap Ka\u011f\u0131d\u0131<br \/>\nBoyut: 13.5 x 21 cm<\/p>","protected":false},"excerpt":{"rendered":"<p>\u201cUnutmay\u0131n! Yeti\u015fmi\u015f oldu\u011funuz ortamda \u00e7ocuk yeti\u015ftirme noktas\u0131nda g\u00f6rm\u00fc\u015f oldu\u011funuz davran\u0131\u015f ve yakla\u015f\u0131mlar \u00e7o\u011fu zaman masum gibi g\u00f6r\u00fcnse de asl\u0131nda fark\u0131nda olmadan \u00e7ocu\u011funuza fiziksel ve ruhsal \u015fiddet uyguluyor olabilirsiniz. Mesele sadece bundan ibaret de de\u011fil. Bu eserin, baba olma yolunda ba\u015fvurabilece\u011finiz ender kitaplardan bir tanesi oldu\u011funu d\u00fc\u015f\u00fcn\u00fcyor ve Ebubekir ERTEM Beyefendiye \u015f\u00fckranlar\u0131m\u0131 sunuyorum.\u201d Numan SUNAL \u201c\u00c7ocu\u011fu e\u011fitmek de\u011filmi\u015f maksat, \u00e7ocukla beraber kendini e\u011fitmekmi\u015f. Bilmek ayr\u0131 uygulamak apayr\u0131 bir durummu\u015f. Nas\u0131l, ni\u00e7in diye sorgusuz \u00e7ocu\u011fa kendini b\u0131rakma yolunu g\u00f6sterdi\u011finiz i\u00e7in sonsuz te\u015fekk\u00fcrler.\u201d Harun YA\u011eMUR \u201c\u00c7ocuk e\u011fitimi konusunda &#8220;Babalar Okulu&#8221; program\u0131 ile bir ilke imza atan k\u0131ymetli hocam Ebubekir Ertem&#8217;den yine biz babalar ve baba adaylar\u0131 i\u00e7in ba\u015fucu bir eser. Emanetlerimize kar\u015f\u0131 olan sorumluluklar\u0131m\u0131zda bu g\u00f6revin sadece annelere ait olmad\u0131\u011f\u0131n\u0131, babalar\u0131n da bu s\u00fcre\u00e7te aktif rol almas\u0131 gerekti\u011fini bizlere hat\u0131rlatan ve bu alanda \u00e7ok ihtiya\u00e7 oldu\u011funa inand\u0131\u011f\u0131m bu ba\u015far\u0131l\u0131 eseri t\u00fcm okurlara tavsiye ediyorum.\u201d Mustafa DA\u011eTEK\u0130N \u201cAyn\u0131 anda hem de\u011ferlerinin, hem de ideallerinin pe\u015finden gitmenin en samimi, g\u00fcler y\u00fczl\u00fc ve yumu\u015fak g\u00f6n\u00fcll\u00fc \u00f6rneklerinden biri benim i\u00e7in sevgili karde\u015fim Ebubekir. Yavrular\u0131m\u0131z\u0131n, hayatlar\u0131 i\u00e7in en b\u00fcy\u00fck haz\u0131rl\u0131\u011f\u0131 tamamlamalar\u0131na, yani annelerinden g\u00fcven duygusunu almalar\u0131na destek olmak isteyen babalar i\u00e7in &#8220;a\u00e7\u0131p okunmas\u0131&#8221; gereken bir esere imza atm\u0131\u015f&#8230; \u0130stifade edebileceklere ula\u015fmas\u0131 dileklerimle\u2026\u201d \u00d6ZG\u00dcR SALUR<\/p>","protected":false},"featured_media":22048,"template":"","meta":{"spay_email":""},"product_cat":[169],"product_tag":[],"item":[1237],"acf":[],"_links":{"self":[{"href":"https:\/\/mgvpublications.com\/de\/wp-json\/wp\/v2\/product\/17501"}],"collection":[{"href":"https:\/\/mgvpublications.com\/de\/wp-json\/wp\/v2\/product"}],"about":[{"href":"https:\/\/mgvpublications.com\/de\/wp-json\/wp\/v2\/types\/product"}],"wp:featuredmedia":[{"embeddable":true,"href":"https:\/\/mgvpublications.com\/de\/wp-json\/wp\/v2\/media\/22048"}],"wp:attachment":[{"href":"https:\/\/mgvpublications.com\/de\/wp-json\/wp\/v2\/media?parent=17501"}],"wp:term":[{"taxonomy":"product_cat","embeddable":true,"href":"https:\/\/mgvpublications.com\/de\/wp-json\/wp\/v2\/product_cat?post=17501"},{"taxonomy":"product_tag","embeddable":true,"href":"https:\/\/mgvpublications.com\/de\/wp-json\/wp\/v2\/product_tag?post=17501"},{"taxonomy":"item","embeddable":true,"href":"https:\/\/mgvpublications.com\/de\/wp-json\/wp\/v2\/item?post=17501"}],"curies":[{"name":"wp","href":"https:\/\/api.w.org\/{rel}","templated":true}]}}