{"id":17486,"date":"2021-01-27T12:26:15","date_gmt":"2021-01-27T11:26:15","guid":{"rendered":"https:\/\/dev2.mgvpublications.com\/?post_type=product&#038;p=17486"},"modified":"2022-03-08T22:50:33","modified_gmt":"2022-03-08T21:50:33","slug":"caglar-dunya-sampiyonu-ilk-okuma-kitabim","status":"publish","type":"product","link":"https:\/\/mgvpublications.com\/de\/caglar-dunya-sampiyonu-ilk-okuma-kitabim\/","title":{"rendered":"\u00c7a\u011flar D\u00fcnya \u015eampiyonu \u0130lk Okuma Kitab\u0131m"},"content":{"rendered":"<div>\u00c7evirmen: Necdet Neydim<\/div>\n<div>Yay\u0131n Tarihi: 06.06.2018<\/div>\n<div>ISBN: 9786053601166<\/div>\n<div>Dil: T\u00dcRK\u00c7E<\/div>\n<div>Sayfa Say\u0131s\u0131: 24<\/div>\n<div>Cilt Tipi: Karton Kapak<\/div>\n<div>Ka\u011f\u0131t Cinsi: Ku\u015fe Ka\u011f\u0131t<\/div>\n<div>Boyut: 22 x 22 cm<\/div>","protected":false},"excerpt":{"rendered":"<p>\u00c7a\u011flar D\u00fcnya \u015eampiyonu Futbolu \u00e7ok seven \u00c7a\u011flar, en iyi arkada\u015f\u0131 Pelin\u2019le birlikte d\u00fcnya \u015fampiyonu olmakta kararl\u0131d\u0131r. Ancak arkada\u015f\u0131 Can onun bu hayaliyle alay eder. Bunun \u00fczerine \u00c7a\u011flar\u2019\u0131n tak\u0131m\u0131n\u0131n Can\u2019\u0131n tak\u0131m\u0131yla ma\u00e7 yapmas\u0131na karar verirler. Ma\u00e7\u0131n galibi \u015fampiyonlu\u011funu ilan edecektir.<\/p>","protected":false},"featured_media":17487,"template":"","meta":{"spay_email":""},"product_cat":[172],"product_tag":[],"item":[336],"acf":[],"_links":{"self":[{"href":"https:\/\/mgvpublications.com\/de\/wp-json\/wp\/v2\/product\/17486"}],"collection":[{"href":"https:\/\/mgvpublications.com\/de\/wp-json\/wp\/v2\/product"}],"about":[{"href":"https:\/\/mgvpublications.com\/de\/wp-json\/wp\/v2\/types\/product"}],"wp:featuredmedia":[{"embeddable":true,"href":"https:\/\/mgvpublications.com\/de\/wp-json\/wp\/v2\/media\/17487"}],"wp:attachment":[{"href":"https:\/\/mgvpublications.com\/de\/wp-json\/wp\/v2\/media?parent=17486"}],"wp:term":[{"taxonomy":"product_cat","embeddable":true,"href":"https:\/\/mgvpublications.com\/de\/wp-json\/wp\/v2\/product_cat?post=17486"},{"taxonomy":"product_tag","embeddable":true,"href":"https:\/\/mgvpublications.com\/de\/wp-json\/wp\/v2\/product_tag?post=17486"},{"taxonomy":"item","embeddable":true,"href":"https:\/\/mgvpublications.com\/de\/wp-json\/wp\/v2\/item?post=17486"}],"curies":[{"name":"wp","href":"https:\/\/api.w.org\/{rel}","templated":true}]}}