{"id":17483,"date":"2021-01-27T12:24:34","date_gmt":"2021-01-27T11:24:34","guid":{"rendered":"https:\/\/dev2.mgvpublications.com\/?post_type=product&#038;p=17483"},"modified":"2022-06-16T17:57:15","modified_gmt":"2022-06-16T15:57:15","slug":"caglar-bitlendi","status":"publish","type":"product","link":"https:\/\/mgvpublications.com\/de\/caglar-bitlendi\/","title":{"rendered":"\u00c7a\u011flar Bitlendi"},"content":{"rendered":"<div>\u00c7evirmen: E. G\u00f6zde D\u00f6nmez<\/div>\n<div>\u00c7izer: Sabine Kraushaar<\/div>\n<div>Yay\u0131n Tarihi: 27.05.2019<\/div>\n<div>Orijinal Ad\u0131: Max un der Lausealarm<\/div>\n<div>ISBN: 9786053328827<\/div>\n<div>Dil: T\u00dcRK\u00c7E<\/div>\n<div>Sayfa Say\u0131s\u0131: 24<\/div>\n<div>Cilt Tipi: Karton Kapak<\/div>\n<div>Ka\u011f\u0131t Cinsi: Ku\u015fe Ka\u011f\u0131t<\/div>\n<div>Boyut: 22 x 22 cm<\/div>","protected":false},"excerpt":{"rendered":"<p>\u0130mdat! \u00c7a\u011flar\u2019\u0131n okulunda bit salg\u0131n\u0131 var! Neyse ki kolayca hallolacak bir sorun bu. Annesi \u00c7a\u011flar\u2019\u0131n sa\u00e7\u0131n\u0131 \u00f6zel bir tarakla tarad\u0131ktan sonra ila\u00e7l\u0131 \u015fampuanla y\u0131kad\u0131. Ayr\u0131ca yatak ve yast\u0131k \u00f6rt\u00fcs\u00fcn\u00fc y\u0131kad\u0131 ve t\u00fcyl\u00fc oyuncaklara \u00f6zel bir i\u015flem yapt\u0131. B\u00f6ylece bit sorunu da \u00e7\u00f6z\u00fclm\u00fc\u015f oldu&#8230;<\/p>","protected":false},"featured_media":17484,"template":"","meta":{"spay_email":""},"product_cat":[172],"product_tag":[],"item":[336],"acf":[],"_links":{"self":[{"href":"https:\/\/mgvpublications.com\/de\/wp-json\/wp\/v2\/product\/17483"}],"collection":[{"href":"https:\/\/mgvpublications.com\/de\/wp-json\/wp\/v2\/product"}],"about":[{"href":"https:\/\/mgvpublications.com\/de\/wp-json\/wp\/v2\/types\/product"}],"wp:featuredmedia":[{"embeddable":true,"href":"https:\/\/mgvpublications.com\/de\/wp-json\/wp\/v2\/media\/17484"}],"wp:attachment":[{"href":"https:\/\/mgvpublications.com\/de\/wp-json\/wp\/v2\/media?parent=17483"}],"wp:term":[{"taxonomy":"product_cat","embeddable":true,"href":"https:\/\/mgvpublications.com\/de\/wp-json\/wp\/v2\/product_cat?post=17483"},{"taxonomy":"product_tag","embeddable":true,"href":"https:\/\/mgvpublications.com\/de\/wp-json\/wp\/v2\/product_tag?post=17483"},{"taxonomy":"item","embeddable":true,"href":"https:\/\/mgvpublications.com\/de\/wp-json\/wp\/v2\/item?post=17483"}],"curies":[{"name":"wp","href":"https:\/\/api.w.org\/{rel}","templated":true}]}}