{"id":17481,"date":"2021-01-27T12:23:19","date_gmt":"2021-01-27T11:23:19","guid":{"rendered":"https:\/\/dev2.mgvpublications.com\/?post_type=product&#038;p=17481"},"modified":"2022-03-08T22:50:33","modified_gmt":"2022-03-08T21:50:33","slug":"caglarin-sut-disi","status":"publish","type":"product","link":"https:\/\/mgvpublications.com\/de\/caglarin-sut-disi\/","title":{"rendered":"\u00c7a\u011flar\u0131n S\u00fct Di\u015fi"},"content":{"rendered":"<div>\u00c7evirmen: Necdet Neydim<\/div>\n<div>Yay\u0131n Tarihi: 12.04.2018<\/div>\n<div>ISBN: 9786053601203<\/div>\n<div>Dil: T\u00dcRK\u00c7E<\/div>\n<div>Sayfa Say\u0131s\u0131: 24<\/div>\n<div>Cilt Tipi: Karton Kapak<\/div>\n<div>Ka\u011f\u0131t Cinsi: Kitap Ka\u011f\u0131d\u0131<\/div>","protected":false},"excerpt":{"rendered":"<p>\u00c7a\u011flar\u2019\u0131n ya\u015f\u0131ndaki b\u00fct\u00fcn \u00e7ocuklar\u0131n s\u00fctdi\u015fleri d\u00fc\u015fer ve yeni di\u015fleri \u00e7\u0131kar. Ancak ilk s\u00fctdi\u015fi sallanmaya ba\u015flay\u0131nca \u00c7a\u011flar pani\u011fe kap\u0131ld\u0131. Di\u015f\u00e7inin di\u015fini yerine yap\u0131\u015ft\u0131rmas\u0131n\u0131 istedi. Oysa o art\u0131k b\u00fcy\u00fcyordu ve bir s\u00fcr\u00fc yeni di\u015fi olacakt\u0131.<\/p>","protected":false},"featured_media":17482,"template":"","meta":{"spay_email":""},"product_cat":[172],"product_tag":[],"item":[336],"acf":[],"_links":{"self":[{"href":"https:\/\/mgvpublications.com\/de\/wp-json\/wp\/v2\/product\/17481"}],"collection":[{"href":"https:\/\/mgvpublications.com\/de\/wp-json\/wp\/v2\/product"}],"about":[{"href":"https:\/\/mgvpublications.com\/de\/wp-json\/wp\/v2\/types\/product"}],"wp:featuredmedia":[{"embeddable":true,"href":"https:\/\/mgvpublications.com\/de\/wp-json\/wp\/v2\/media\/17482"}],"wp:attachment":[{"href":"https:\/\/mgvpublications.com\/de\/wp-json\/wp\/v2\/media?parent=17481"}],"wp:term":[{"taxonomy":"product_cat","embeddable":true,"href":"https:\/\/mgvpublications.com\/de\/wp-json\/wp\/v2\/product_cat?post=17481"},{"taxonomy":"product_tag","embeddable":true,"href":"https:\/\/mgvpublications.com\/de\/wp-json\/wp\/v2\/product_tag?post=17481"},{"taxonomy":"item","embeddable":true,"href":"https:\/\/mgvpublications.com\/de\/wp-json\/wp\/v2\/item?post=17481"}],"curies":[{"name":"wp","href":"https:\/\/api.w.org\/{rel}","templated":true}]}}