{"id":17477,"date":"2021-01-27T12:18:49","date_gmt":"2021-01-27T11:18:49","guid":{"rendered":"https:\/\/dev2.mgvpublications.com\/?post_type=product&#038;p=17477"},"modified":"2022-03-08T22:50:30","modified_gmt":"2022-03-08T21:50:30","slug":"otomobiller-dunyayi-ogreniyorum","status":"publish","type":"product","link":"https:\/\/mgvpublications.com\/de\/otomobiller-dunyayi-ogreniyorum\/","title":{"rendered":"Otomobiller \/ D\u00fcnyay\u0131 \u00d6\u011freniyorum"},"content":{"rendered":"<p>\u00c7evirmen: Aylin Gergin<br \/>Yay\u0131n Tarihi: 10.07.2019<br \/>Orijinal Ad\u0131: Die Autos<br \/>ISBN: 9786052958001<br \/>Dil: T\u00dcRK\u00c7E<br \/>Sayfa Say\u0131s\u0131: 24<br \/>Cilt Tipi: Karton Kapak<br \/>Ka\u011f\u0131t Cinsi: Ku\u015fe Ka\u011f\u0131t<br \/>Boyut: 22 x 22 cm<\/p>","protected":false},"excerpt":{"rendered":"<p>Duru ile Demir babalar\u0131n\u0131n arkada\u015f\u0131n\u0131 ziyaret ettiklerinde, birbirinden farkl\u0131 otomobilleri g\u00f6rd\u00fcler ve \u015fa\u015fk\u0131nl\u0131klar\u0131n\u0131 gizleyemediler. Spor araba m\u0131, elektrikli araba m\u0131, arazi arabas\u0131 m\u0131, yoksa karavan m\u0131? Hangisi daha g\u00fczeldi?<\/p>","protected":false},"featured_media":19688,"template":"","meta":{"spay_email":""},"product_cat":[172],"product_tag":[],"item":[336],"acf":[],"_links":{"self":[{"href":"https:\/\/mgvpublications.com\/de\/wp-json\/wp\/v2\/product\/17477"}],"collection":[{"href":"https:\/\/mgvpublications.com\/de\/wp-json\/wp\/v2\/product"}],"about":[{"href":"https:\/\/mgvpublications.com\/de\/wp-json\/wp\/v2\/types\/product"}],"wp:featuredmedia":[{"embeddable":true,"href":"https:\/\/mgvpublications.com\/de\/wp-json\/wp\/v2\/media\/19688"}],"wp:attachment":[{"href":"https:\/\/mgvpublications.com\/de\/wp-json\/wp\/v2\/media?parent=17477"}],"wp:term":[{"taxonomy":"product_cat","embeddable":true,"href":"https:\/\/mgvpublications.com\/de\/wp-json\/wp\/v2\/product_cat?post=17477"},{"taxonomy":"product_tag","embeddable":true,"href":"https:\/\/mgvpublications.com\/de\/wp-json\/wp\/v2\/product_tag?post=17477"},{"taxonomy":"item","embeddable":true,"href":"https:\/\/mgvpublications.com\/de\/wp-json\/wp\/v2\/item?post=17477"}],"curies":[{"name":"wp","href":"https:\/\/api.w.org\/{rel}","templated":true}]}}